{"id":639,"date":"2025-09-17T17:07:39","date_gmt":"2025-09-17T15:07:39","guid":{"rendered":"https:\/\/horscadrebeziers.fr\/?page_id=639"},"modified":"2025-10-11T23:14:47","modified_gmt":"2025-10-11T21:14:47","slug":"exposition-16","status":"publish","type":"page","link":"https:\/\/horscadrebeziers.fr\/index.php\/exposition-16\/","title":{"rendered":"Exposition 16"},"content":{"rendered":"\t\t<div data-elementor-type=\"wp-page\" data-elementor-id=\"639\" class=\"elementor elementor-639\" data-elementor-post-type=\"page\">\n\t\t\t\t<div class=\"elementor-element elementor-element-2de6a75 e-flex e-con-boxed e-con e-parent\" data-id=\"2de6a75\" data-element_type=\"container\" data-e-type=\"container\">\n\t\t\t\t\t<div class=\"e-con-inner\">\n\t\t<div class=\"elementor-element elementor-element-0fe836d e-con-full e-flex e-con e-child\" data-id=\"0fe836d\" data-element_type=\"container\" data-e-type=\"container\">\n\t\t\t\t<div class=\"elementor-element elementor-element-5558f59 elementor-widget elementor-widget-spacer\" data-id=\"5558f59\" data-element_type=\"widget\" data-e-type=\"widget\" data-widget_type=\"spacer.default\">\n\t\t\t\t<div class=\"elementor-widget-container\">\n\t\t\t\t\t\t\t<div class=\"elementor-spacer\">\n\t\t\t<div class=\"elementor-spacer-inner\"><\/div>\n\t\t<\/div>\n\t\t\t\t\t\t<\/div>\n\t\t\t\t<\/div>\n\t\t\t\t<div class=\"elementor-element elementor-element-79cae84 elementor-widget elementor-widget-text-editor\" data-id=\"79cae84\" data-element_type=\"widget\" data-e-type=\"widget\" data-widget_type=\"text-editor.default\">\n\t\t\t\t<div class=\"elementor-widget-container\">\n\t\t\t\t\t\t\t\t\t<p>EXPOS<\/p>\t\t\t\t\t\t\t\t<\/div>\n\t\t\t\t<\/div>\n\t\t\t\t<div class=\"elementor-element elementor-element-6fd9025 elementor-widget elementor-widget-spacer\" data-id=\"6fd9025\" data-element_type=\"widget\" data-e-type=\"widget\" data-widget_type=\"spacer.default\">\n\t\t\t\t<div class=\"elementor-widget-container\">\n\t\t\t\t\t\t\t<div class=\"elementor-spacer\">\n\t\t\t<div class=\"elementor-spacer-inner\"><\/div>\n\t\t<\/div>\n\t\t\t\t\t\t<\/div>\n\t\t\t\t<\/div>\n\t\t\t\t<\/div>\n\t\t\t\t\t<\/div>\n\t\t\t\t<\/div>\n\t\t<div class=\"elementor-element elementor-element-690b7ff e-flex e-con-boxed e-con e-parent\" data-id=\"690b7ff\" data-element_type=\"container\" data-e-type=\"container\">\n\t\t\t\t\t<div class=\"e-con-inner\">\n\t\t<div class=\"elementor-element elementor-element-8375b3f e-con-full e-flex e-con e-child\" data-id=\"8375b3f\" data-element_type=\"container\" data-e-type=\"container\">\n\t\t<div class=\"elementor-element elementor-element-b542424 e-con-full e-flex e-con e-child\" data-id=\"b542424\" data-element_type=\"container\" data-e-type=\"container\">\n\t\t\t\t<div class=\"elementor-element elementor-element-3601113 elementor-widget elementor-widget-heading\" data-id=\"3601113\" data-element_type=\"widget\" data-e-type=\"widget\" data-widget_type=\"heading.default\">\n\t\t\t\t<div class=\"elementor-widget-container\">\n\t\t\t\t\t<h2 class=\"elementor-heading-title elementor-size-default\">16\/ LES OSTALS<\/h2>\t\t\t\t<\/div>\n\t\t\t\t<\/div>\n\t\t\t\t<div class=\"elementor-element elementor-element-ac4185d elementor-widget elementor-widget-text-editor\" data-id=\"ac4185d\" data-element_type=\"widget\" data-e-type=\"widget\" data-widget_type=\"text-editor.default\">\n\t\t\t\t<div class=\"elementor-widget-container\">\n\t\t\t\t\t\t\t\t\t<p>LIEU D&rsquo;HOSPITALIT\u00c9<\/p><p>ET DE CULTURE<\/p>\t\t\t\t\t\t\t\t<\/div>\n\t\t\t\t<\/div>\n\t\t\t\t<\/div>\n\t\t\t\t<div class=\"elementor-element elementor-element-2d88418 elementor-widget__width-initial elementor-widget elementor-widget-text-editor\" data-id=\"2d88418\" data-element_type=\"widget\" data-e-type=\"widget\" data-widget_type=\"text-editor.default\">\n\t\t\t\t<div class=\"elementor-widget-container\">\n\t\t\t\t\t\t\t\t\t<p>Les Ostals sont deux vieilles maisons du XV et XVIe si\u00e8cles du centre ancien de B\u00e9ziers entre la cath\u00e9drale et les Halles.<\/p><p>Elles sont r\u00e9habilit\u00e9es progressivement dans un lieu d\u2019hospitalit\u00e9 (caf\u00e9, restaurant) et de culture (expositions et \u00e9v\u00e9nements) et vous accueillent d\u00e9sormais toute l\u2019ann\u00e9e.<\/p><p><strong>10\/14 rue du Capus, B\u00e9ziers &#8211; lesostals.com<\/strong><\/p>\t\t\t\t\t\t\t\t<\/div>\n\t\t\t\t<\/div>\n\t\t\t\t<\/div>\n\t\t<div class=\"elementor-element elementor-element-6b880bc e-con-full e-flex e-con e-child\" data-id=\"6b880bc\" data-element_type=\"container\" data-e-type=\"container\">\n\t\t\t\t<div class=\"elementor-element elementor-element-83b809a elementor-widget elementor-widget-image\" data-id=\"83b809a\" data-element_type=\"widget\" data-e-type=\"widget\" data-widget_type=\"image.default\">\n\t\t\t\t<div class=\"elementor-widget-container\">\n\t\t\t\t\t\t\t\t\t\t\t\t\t\t\t<img fetchpriority=\"high\" decoding=\"async\" width=\"800\" height=\"668\" src=\"https:\/\/horscadrebeziers.fr\/wp-content\/uploads\/2025\/09\/16-OSTAL-1024x855.jpg\" class=\"attachment-large size-large wp-image-727\" alt=\"\" srcset=\"https:\/\/horscadrebeziers.fr\/wp-content\/uploads\/2025\/09\/16-OSTAL-1024x855.jpg 1024w, https:\/\/horscadrebeziers.fr\/wp-content\/uploads\/2025\/09\/16-OSTAL-300x251.jpg 300w, https:\/\/horscadrebeziers.fr\/wp-content\/uploads\/2025\/09\/16-OSTAL-768x641.jpg 768w, https:\/\/horscadrebeziers.fr\/wp-content\/uploads\/2025\/09\/16-OSTAL.jpg 1311w\" sizes=\"(max-width: 800px) 100vw, 800px\" \/>\t\t\t\t\t\t\t\t\t\t\t\t\t\t\t<\/div>\n\t\t\t\t<\/div>\n\t\t\t\t<\/div>\n\t\t\t\t\t<\/div>\n\t\t\t\t<\/div>\n\t\t<div class=\"elementor-element elementor-element-2073ca2 e-flex e-con-boxed e-con e-parent\" data-id=\"2073ca2\" data-element_type=\"container\" data-e-type=\"container\">\n\t\t\t\t\t<div class=\"e-con-inner\">\n\t\t\t\t<div class=\"elementor-element elementor-element-86f5a97 elementor-widget__width-initial elementor-widget elementor-widget-image\" data-id=\"86f5a97\" data-element_type=\"widget\" data-e-type=\"widget\" data-widget_type=\"image.default\">\n\t\t\t\t<div class=\"elementor-widget-container\">\n\t\t\t\t\t\t\t\t\t\t\t\t\t\t\t<img decoding=\"async\" width=\"381\" height=\"382\" src=\"https:\/\/horscadrebeziers.fr\/wp-content\/uploads\/2025\/09\/horloge.png\" class=\"attachment-full size-full wp-image-544\" alt=\"\" srcset=\"https:\/\/horscadrebeziers.fr\/wp-content\/uploads\/2025\/09\/horloge.png 381w, https:\/\/horscadrebeziers.fr\/wp-content\/uploads\/2025\/09\/horloge-300x300.png 300w, https:\/\/horscadrebeziers.fr\/wp-content\/uploads\/2025\/09\/horloge-150x150.png 150w\" sizes=\"(max-width: 381px) 100vw, 381px\" \/>\t\t\t\t\t\t\t\t\t\t\t\t\t\t\t<\/div>\n\t\t\t\t<\/div>\n\t\t\t\t<div class=\"elementor-element elementor-element-454d5e2 elementor-widget elementor-widget-text-editor\" data-id=\"454d5e2\" data-element_type=\"widget\" data-e-type=\"widget\" data-widget_type=\"text-editor.default\">\n\t\t\t\t<div class=\"elementor-widget-container\">\n\t\t\t\t\t\t\t\t\tjeudi, vendredi samedi, dim et lundi : 12h-23h<br><strong>VERNISSAGE LE 18 OCTOBRE<\/strong>\t\t\t\t\t\t\t\t<\/div>\n\t\t\t\t<\/div>\n\t\t\t\t\t<\/div>\n\t\t\t\t<\/div>\n\t\t<div class=\"elementor-element elementor-element-cabe944 e-flex e-con-boxed e-con e-parent\" data-id=\"cabe944\" data-element_type=\"container\" data-e-type=\"container\">\n\t\t\t\t\t<div class=\"e-con-inner\">\n\t\t\t\t<div class=\"elementor-element elementor-element-5337c88 elementor-widget elementor-widget-spacer\" data-id=\"5337c88\" data-element_type=\"widget\" data-e-type=\"widget\" data-widget_type=\"spacer.default\">\n\t\t\t\t<div class=\"elementor-widget-container\">\n\t\t\t\t\t\t\t<div class=\"elementor-spacer\">\n\t\t\t<div class=\"elementor-spacer-inner\"><\/div>\n\t\t<\/div>\n\t\t\t\t\t\t<\/div>\n\t\t\t\t<\/div>\n\t\t\t\t\t<\/div>\n\t\t\t\t<\/div>\n\t\t<div class=\"elementor-element elementor-element-4c7abd6 e-flex e-con-boxed e-con e-parent\" data-id=\"4c7abd6\" data-element_type=\"container\" data-e-type=\"container\" data-settings=\"{&quot;background_background&quot;:&quot;classic&quot;}\">\n\t\t\t\t\t<div class=\"e-con-inner\">\n\t\t\t\t<div class=\"elementor-element elementor-element-5d7fc94 elementor-widget elementor-widget-spacer\" data-id=\"5d7fc94\" data-element_type=\"widget\" data-e-type=\"widget\" data-widget_type=\"spacer.default\">\n\t\t\t\t<div class=\"elementor-widget-container\">\n\t\t\t\t\t\t\t<div class=\"elementor-spacer\">\n\t\t\t<div class=\"elementor-spacer-inner\"><\/div>\n\t\t<\/div>\n\t\t\t\t\t\t<\/div>\n\t\t\t\t<\/div>\n\t\t<div class=\"elementor-element elementor-element-c906363 e-con-full e-flex e-con e-child\" data-id=\"c906363\" data-element_type=\"container\" data-e-type=\"container\">\n\t\t\t\t<div class=\"elementor-element elementor-element-593f9f0 elementor-widget elementor-widget-heading\" data-id=\"593f9f0\" data-element_type=\"widget\" data-e-type=\"widget\" data-widget_type=\"heading.default\">\n\t\t\t\t<div class=\"elementor-widget-container\">\n\t\t\t\t\t<h2 class=\"elementor-heading-title elementor-size-default\">AECP ANNE ELIAYAN &amp; CHRISTIAN PIC<\/h2>\t\t\t\t<\/div>\n\t\t\t\t<\/div>\n\t\t\t\t<div class=\"elementor-element elementor-element-928ddf6 elementor-widget elementor-widget-heading\" data-id=\"928ddf6\" data-element_type=\"widget\" data-e-type=\"widget\" data-widget_type=\"heading.default\">\n\t\t\t\t<div class=\"elementor-widget-container\">\n\t\t\t\t\t<h2 class=\"elementor-heading-title elementor-size-default\">UTOPIES<\/h2>\t\t\t\t<\/div>\n\t\t\t\t<\/div>\n\t\t\t\t<div class=\"elementor-element elementor-element-b1230f0 elementor-widget elementor-widget-spacer\" data-id=\"b1230f0\" data-element_type=\"widget\" data-e-type=\"widget\" data-widget_type=\"spacer.default\">\n\t\t\t\t<div class=\"elementor-widget-container\">\n\t\t\t\t\t\t\t<div class=\"elementor-spacer\">\n\t\t\t<div class=\"elementor-spacer-inner\"><\/div>\n\t\t<\/div>\n\t\t\t\t\t\t<\/div>\n\t\t\t\t<\/div>\n\t\t\t\t<div class=\"elementor-element elementor-element-d543c84 elementor-widget__width-initial elementor-widget elementor-widget-text-editor\" data-id=\"d543c84\" data-element_type=\"widget\" data-e-type=\"widget\" data-widget_type=\"text-editor.default\">\n\t\t\t\t<div class=\"elementor-widget-container\">\n\t\t\t\t\t\t\t\t\t<p>De La Grande Motte \u00e0 B\u00e9ziers en passant par Port-Camargue de la commune du Grau du Roi, sur les pas de Jean Balladur et de ses collaborateurs, Anne Eliayan et Christian Pic ont photographi\u00e9, durant plusieurs ann\u00e9es, les b\u00e2timents en questionnant les ambitions esth\u00e9tiques, portant l\u2019id\u00e9al de lien social et de projets de vie.<\/p><p>Ils vous proposent une d\u00e9couverte architecturale, color\u00e9e et r\u00eav\u00e9e, \u00e0 travers leurs images \u00e0 la fronti\u00e8re de la peinture et de la photographie, sans utilisation d\u2019intelligence artificielle.<\/p><p>La d\u00e9finition du mot utopie signifie \u00ab nulle part \u00bb ou encore \u00ab lieu qui n\u2019est pas \u00bb. L\u2019opportunit\u00e9 ici de nous poser la question des utopies rarement \u00e9chou\u00e9es et souvent r\u00e9ussies de Jean Balladur, ce visionnaire qui a fa\u00e7onn\u00e9 l\u2019architecture du XX\u00e8me si\u00e8cle en Occitanie.<\/p>\t\t\t\t\t\t\t\t<\/div>\n\t\t\t\t<\/div>\n\t\t\t\t<\/div>\n\t\t\t\t\t<\/div>\n\t\t\t\t<\/div>\n\t\t<div class=\"elementor-element elementor-element-0815213 e-flex e-con-boxed e-con e-parent\" data-id=\"0815213\" data-element_type=\"container\" data-e-type=\"container\" data-settings=\"{&quot;background_background&quot;:&quot;classic&quot;}\">\n\t\t\t\t\t<div class=\"e-con-inner\">\n\t\t\t\t<div class=\"elementor-element elementor-element-eb7542c elementor-widget elementor-widget-image\" data-id=\"eb7542c\" data-element_type=\"widget\" data-e-type=\"widget\" data-widget_type=\"image.default\">\n\t\t\t\t<div class=\"elementor-widget-container\">\n\t\t\t\t\t\t\t\t\t\t\t\t\t\t\t<img decoding=\"async\" width=\"768\" height=\"1024\" src=\"https:\/\/horscadrebeziers.fr\/wp-content\/uploads\/2025\/09\/16-UTOPIES-1-768x1024.jpg\" class=\"attachment-large size-large wp-image-683\" alt=\"\" srcset=\"https:\/\/horscadrebeziers.fr\/wp-content\/uploads\/2025\/09\/16-UTOPIES-1-768x1024.jpg 768w, https:\/\/horscadrebeziers.fr\/wp-content\/uploads\/2025\/09\/16-UTOPIES-1-225x300.jpg 225w, https:\/\/horscadrebeziers.fr\/wp-content\/uploads\/2025\/09\/16-UTOPIES-1-1152x1536.jpg 1152w, https:\/\/horscadrebeziers.fr\/wp-content\/uploads\/2025\/09\/16-UTOPIES-1.jpg 1417w\" sizes=\"(max-width: 768px) 100vw, 768px\" \/>\t\t\t\t\t\t\t\t\t\t\t\t\t\t\t<\/div>\n\t\t\t\t<\/div>\n\t\t\t\t<div class=\"elementor-element elementor-element-3f3ab2c elementor-widget elementor-widget-spacer\" data-id=\"3f3ab2c\" data-element_type=\"widget\" data-e-type=\"widget\" data-widget_type=\"spacer.default\">\n\t\t\t\t<div class=\"elementor-widget-container\">\n\t\t\t\t\t\t\t<div class=\"elementor-spacer\">\n\t\t\t<div class=\"elementor-spacer-inner\"><\/div>\n\t\t<\/div>\n\t\t\t\t\t\t<\/div>\n\t\t\t\t<\/div>\n\t\t\t\t<div class=\"elementor-element elementor-element-ea058f2 elementor-align-center elementor-widget elementor-widget-button\" data-id=\"ea058f2\" data-element_type=\"widget\" data-e-type=\"widget\" data-widget_type=\"button.default\">\n\t\t\t\t<div class=\"elementor-widget-container\">\n\t\t\t\t\t\t\t\t\t<div class=\"elementor-button-wrapper\">\n\t\t\t\t\t<a class=\"elementor-button elementor-button-link elementor-size-sm\" href=\"https:\/\/horscadrebeziers.fr\/index.php\/exposition\/\">\n\t\t\t\t\t\t<span class=\"elementor-button-content-wrapper\">\n\t\t\t\t\t\t<span class=\"elementor-button-icon\">\n\t\t\t\t<svg aria-hidden=\"true\" class=\"e-font-icon-svg e-fas-map-pin\" viewBox=\"0 0 288 512\" xmlns=\"http:\/\/www.w3.org\/2000\/svg\"><path d=\"M112 316.94v156.69l22.02 33.02c4.75 7.12 15.22 7.12 19.97 0L176 473.63V316.94c-10.39 1.92-21.06 3.06-32 3.06s-21.61-1.14-32-3.06zM144 0C64.47 0 0 64.47 0 144s64.47 144 144 144 144-64.47 144-144S223.53 0 144 0zm0 76c-37.5 0-68 30.5-68 68 0 6.62-5.38 12-12 12s-12-5.38-12-12c0-50.73 41.28-92 92-92 6.62 0 12 5.38 12 12s-5.38 12-12 12z\"><\/path><\/svg>\t\t\t<\/span>\n\t\t\t\t\t\t\t\t\t<span class=\"elementor-button-text\">Voir tous les lieux<\/span>\n\t\t\t\t\t<\/span>\n\t\t\t\t\t<\/a>\n\t\t\t\t<\/div>\n\t\t\t\t\t\t\t\t<\/div>\n\t\t\t\t<\/div>\n\t\t\t\t<div class=\"elementor-element elementor-element-f05d4f1 elementor-widget elementor-widget-spacer\" data-id=\"f05d4f1\" data-element_type=\"widget\" data-e-type=\"widget\" data-widget_type=\"spacer.default\">\n\t\t\t\t<div class=\"elementor-widget-container\">\n\t\t\t\t\t\t\t<div class=\"elementor-spacer\">\n\t\t\t<div class=\"elementor-spacer-inner\"><\/div>\n\t\t<\/div>\n\t\t\t\t\t\t<\/div>\n\t\t\t\t<\/div>\n\t\t\t\t\t<\/div>\n\t\t\t\t<\/div>\n\t\t\t\t<\/div>\n\t\t","protected":false},"excerpt":{"rendered":"<p>EXPOS 16\/ LES OSTALS LIEU D&rsquo;HOSPITALIT\u00c9 ET DE CULTURE Les Ostals sont deux vieilles maisons du XV et XVIe si\u00e8cles du centre ancien de B\u00e9ziers entre la cath\u00e9drale et les Halles. Elles sont r\u00e9habilit\u00e9es progressivement dans un lieu d\u2019hospitalit\u00e9 (caf\u00e9, restaurant) et de culture (expositions et \u00e9v\u00e9nements) et vous accueillent d\u00e9sormais toute l\u2019ann\u00e9e. 10\/14 rue [&hellip;]<\/p>\n","protected":false},"author":1,"featured_media":0,"parent":0,"menu_order":0,"comment_status":"closed","ping_status":"closed","template":"elementor_header_footer","meta":{"footnotes":""},"class_list":["post-639","page","type-page","status-publish","hentry"],"_links":{"self":[{"href":"https:\/\/horscadrebeziers.fr\/index.php\/wp-json\/wp\/v2\/pages\/639","targetHints":{"allow":["GET"]}}],"collection":[{"href":"https:\/\/horscadrebeziers.fr\/index.php\/wp-json\/wp\/v2\/pages"}],"about":[{"href":"https:\/\/horscadrebeziers.fr\/index.php\/wp-json\/wp\/v2\/types\/page"}],"author":[{"embeddable":true,"href":"https:\/\/horscadrebeziers.fr\/index.php\/wp-json\/wp\/v2\/users\/1"}],"replies":[{"embeddable":true,"href":"https:\/\/horscadrebeziers.fr\/index.php\/wp-json\/wp\/v2\/comments?post=639"}],"version-history":[{"count":35,"href":"https:\/\/horscadrebeziers.fr\/index.php\/wp-json\/wp\/v2\/pages\/639\/revisions"}],"predecessor-version":[{"id":1431,"href":"https:\/\/horscadrebeziers.fr\/index.php\/wp-json\/wp\/v2\/pages\/639\/revisions\/1431"}],"wp:attachment":[{"href":"https:\/\/horscadrebeziers.fr\/index.php\/wp-json\/wp\/v2\/media?parent=639"}],"curies":[{"name":"wp","href":"https:\/\/api.w.org\/{rel}","templated":true}]}}