{"id":768,"date":"2025-09-22T15:24:26","date_gmt":"2025-09-22T13:24:26","guid":{"rendered":"https:\/\/horscadrebeziers.fr\/?page_id=768"},"modified":"2025-10-11T23:00:56","modified_gmt":"2025-10-11T21:00:56","slug":"exposition-03","status":"publish","type":"page","link":"https:\/\/horscadrebeziers.fr\/index.php\/exposition-03\/","title":{"rendered":"Exposition 03"},"content":{"rendered":"\t\t<div data-elementor-type=\"wp-page\" data-elementor-id=\"768\" class=\"elementor elementor-768\" data-elementor-post-type=\"page\">\n\t\t\t\t<div class=\"elementor-element elementor-element-69ae619 e-flex e-con-boxed e-con e-parent\" data-id=\"69ae619\" data-element_type=\"container\" data-e-type=\"container\">\n\t\t\t\t\t<div class=\"e-con-inner\">\n\t\t<div class=\"elementor-element elementor-element-c659c0f e-con-full e-flex e-con e-child\" data-id=\"c659c0f\" data-element_type=\"container\" data-e-type=\"container\">\n\t\t\t\t<div class=\"elementor-element elementor-element-07fa7fe elementor-widget elementor-widget-spacer\" data-id=\"07fa7fe\" data-element_type=\"widget\" data-e-type=\"widget\" data-widget_type=\"spacer.default\">\n\t\t\t\t<div class=\"elementor-widget-container\">\n\t\t\t\t\t\t\t<div class=\"elementor-spacer\">\n\t\t\t<div class=\"elementor-spacer-inner\"><\/div>\n\t\t<\/div>\n\t\t\t\t\t\t<\/div>\n\t\t\t\t<\/div>\n\t\t\t\t<div class=\"elementor-element elementor-element-b94c418 elementor-widget elementor-widget-text-editor\" data-id=\"b94c418\" data-element_type=\"widget\" data-e-type=\"widget\" data-widget_type=\"text-editor.default\">\n\t\t\t\t<div class=\"elementor-widget-container\">\n\t\t\t\t\t\t\t\t\t<p>EXPOS<\/p>\t\t\t\t\t\t\t\t<\/div>\n\t\t\t\t<\/div>\n\t\t\t\t<div class=\"elementor-element elementor-element-c2ff50b elementor-widget elementor-widget-spacer\" data-id=\"c2ff50b\" data-element_type=\"widget\" data-e-type=\"widget\" data-widget_type=\"spacer.default\">\n\t\t\t\t<div class=\"elementor-widget-container\">\n\t\t\t\t\t\t\t<div class=\"elementor-spacer\">\n\t\t\t<div class=\"elementor-spacer-inner\"><\/div>\n\t\t<\/div>\n\t\t\t\t\t\t<\/div>\n\t\t\t\t<\/div>\n\t\t\t\t<\/div>\n\t\t\t\t\t<\/div>\n\t\t\t\t<\/div>\n\t\t<div class=\"elementor-element elementor-element-03e46d4 e-flex e-con-boxed e-con e-parent\" data-id=\"03e46d4\" data-element_type=\"container\" data-e-type=\"container\">\n\t\t\t\t\t<div class=\"e-con-inner\">\n\t\t<div class=\"elementor-element elementor-element-82875f7 e-con-full e-flex e-con e-child\" data-id=\"82875f7\" data-element_type=\"container\" data-e-type=\"container\">\n\t\t<div class=\"elementor-element elementor-element-d8c7c67 e-con-full e-flex e-con e-child\" data-id=\"d8c7c67\" data-element_type=\"container\" data-e-type=\"container\">\n\t\t\t\t<div class=\"elementor-element elementor-element-0a156b8 elementor-widget elementor-widget-heading\" data-id=\"0a156b8\" data-element_type=\"widget\" data-e-type=\"widget\" data-widget_type=\"heading.default\">\n\t\t\t\t<div class=\"elementor-widget-container\">\n\t\t\t\t\t<h2 class=\"elementor-heading-title elementor-size-default\">3\/ CIRDOC - Institut Occitan de Cultura <\/h2>\t\t\t\t<\/div>\n\t\t\t\t<\/div>\n\t\t\t\t<\/div>\n\t\t\t\t<div class=\"elementor-element elementor-element-18141ea elementor-widget__width-initial elementor-widget elementor-widget-text-editor\" data-id=\"18141ea\" data-element_type=\"widget\" data-e-type=\"widget\" data-widget_type=\"text-editor.default\">\n\t\t\t\t<div class=\"elementor-widget-container\">\n\t\t\t\t\t\t\t\t\t<div><span data-olk-copy-source=\"MessageBody\">Cr\u00e9\u00e9 en 1975, le CIRDOC &#8211; Institut occitan de cultura est l&rsquo;\u00e9tablissement public charg\u00e9 de la sauvegarde, de la connaissance et de la promotion de la culture occitane. <\/span><\/div><div>\u00a0<\/div><div><span data-olk-copy-source=\"MessageBody\">Son site de B\u00e9ziers, la Mediat\u00e8ca, est un espace documentaire ouvert \u00e0 tous, d\u00e9di\u00e9 \u00e0 la production occitane d&rsquo;hier et d&rsquo;aujourd&rsquo;hui. Sa programmation est ouverte \u00e0 tous ceux qui veulent d\u00e9couvrir la langue et ses richesses culturelles.\u00a0<\/span><\/div><div>\u00a0<\/div><div><strong>1 bis Bd Du Guesclin, place du 14 juillet, B\u00e9ziers<\/strong><\/div>\t\t\t\t\t\t\t\t<\/div>\n\t\t\t\t<\/div>\n\t\t\t\t<\/div>\n\t\t<div class=\"elementor-element elementor-element-c4baed6 e-con-full e-flex e-con e-child\" data-id=\"c4baed6\" data-element_type=\"container\" data-e-type=\"container\">\n\t\t\t\t<div class=\"elementor-element elementor-element-ed053a3 elementor-widget elementor-widget-image\" data-id=\"ed053a3\" data-element_type=\"widget\" data-e-type=\"widget\" data-widget_type=\"image.default\">\n\t\t\t\t<div class=\"elementor-widget-container\">\n\t\t\t\t\t\t\t\t\t\t\t\t\t\t\t<img fetchpriority=\"high\" decoding=\"async\" width=\"800\" height=\"668\" src=\"https:\/\/horscadrebeziers.fr\/wp-content\/uploads\/2025\/09\/03-CIRDOC-1024x855.jpg\" class=\"attachment-large size-large wp-image-710\" alt=\"\" srcset=\"https:\/\/horscadrebeziers.fr\/wp-content\/uploads\/2025\/09\/03-CIRDOC-1024x855.jpg 1024w, https:\/\/horscadrebeziers.fr\/wp-content\/uploads\/2025\/09\/03-CIRDOC-300x251.jpg 300w, https:\/\/horscadrebeziers.fr\/wp-content\/uploads\/2025\/09\/03-CIRDOC-768x641.jpg 768w, https:\/\/horscadrebeziers.fr\/wp-content\/uploads\/2025\/09\/elementor\/thumbs\/03-CIRDOC-rc18oculp8ehopv8fdr9jzkj5fkkkv9pt7xj66eglk.jpg 600w, https:\/\/horscadrebeziers.fr\/wp-content\/uploads\/2025\/09\/03-CIRDOC.jpg 1311w\" sizes=\"(max-width: 800px) 100vw, 800px\" \/>\t\t\t\t\t\t\t\t\t\t\t\t\t\t\t<\/div>\n\t\t\t\t<\/div>\n\t\t\t\t<\/div>\n\t\t\t\t\t<\/div>\n\t\t\t\t<\/div>\n\t\t<div class=\"elementor-element elementor-element-c6ef12b e-flex e-con-boxed e-con e-parent\" data-id=\"c6ef12b\" data-element_type=\"container\" data-e-type=\"container\">\n\t\t\t\t\t<div class=\"e-con-inner\">\n\t\t\t\t<div class=\"elementor-element elementor-element-8753bbe elementor-widget__width-initial elementor-widget elementor-widget-image\" data-id=\"8753bbe\" data-element_type=\"widget\" data-e-type=\"widget\" data-widget_type=\"image.default\">\n\t\t\t\t<div class=\"elementor-widget-container\">\n\t\t\t\t\t\t\t\t\t\t\t\t\t\t\t<img decoding=\"async\" width=\"381\" height=\"382\" src=\"https:\/\/horscadrebeziers.fr\/wp-content\/uploads\/2025\/09\/horloge.png\" class=\"attachment-full size-full wp-image-544\" alt=\"\" srcset=\"https:\/\/horscadrebeziers.fr\/wp-content\/uploads\/2025\/09\/horloge.png 381w, https:\/\/horscadrebeziers.fr\/wp-content\/uploads\/2025\/09\/horloge-300x300.png 300w, https:\/\/horscadrebeziers.fr\/wp-content\/uploads\/2025\/09\/horloge-150x150.png 150w\" sizes=\"(max-width: 381px) 100vw, 381px\" \/>\t\t\t\t\t\t\t\t\t\t\t\t\t\t\t<\/div>\n\t\t\t\t<\/div>\n\t\t\t\t<div class=\"elementor-element elementor-element-589502f elementor-widget elementor-widget-text-editor\" data-id=\"589502f\" data-element_type=\"widget\" data-e-type=\"widget\" data-widget_type=\"text-editor.default\">\n\t\t\t\t<div class=\"elementor-widget-container\">\n\t\t\t\t\t\t\t\t\t<p data-pm-slice=\"0 0 []\">MAR et JEU : 14h-18h &#8211; MER et VEND : 10h-18h &#8211; Fermeture les LUN, WE et jours f\u00e9ri\u00e9s<\/p><strong>RENCONTRE AVEC LA PHOTOGRAPHE LE 30 OCTOBRE<\/strong>\t\t\t\t\t\t\t\t<\/div>\n\t\t\t\t<\/div>\n\t\t\t\t\t<\/div>\n\t\t\t\t<\/div>\n\t\t<div class=\"elementor-element elementor-element-13d383d e-flex e-con-boxed e-con e-parent\" data-id=\"13d383d\" data-element_type=\"container\" data-e-type=\"container\">\n\t\t\t\t\t<div class=\"e-con-inner\">\n\t\t\t\t<div class=\"elementor-element elementor-element-26fc9ce elementor-widget elementor-widget-spacer\" data-id=\"26fc9ce\" data-element_type=\"widget\" data-e-type=\"widget\" data-widget_type=\"spacer.default\">\n\t\t\t\t<div class=\"elementor-widget-container\">\n\t\t\t\t\t\t\t<div class=\"elementor-spacer\">\n\t\t\t<div class=\"elementor-spacer-inner\"><\/div>\n\t\t<\/div>\n\t\t\t\t\t\t<\/div>\n\t\t\t\t<\/div>\n\t\t\t\t\t<\/div>\n\t\t\t\t<\/div>\n\t\t<div class=\"elementor-element elementor-element-5bf8b22 e-flex e-con-boxed e-con e-parent\" data-id=\"5bf8b22\" data-element_type=\"container\" data-e-type=\"container\" data-settings=\"{&quot;background_background&quot;:&quot;classic&quot;}\">\n\t\t\t\t\t<div class=\"e-con-inner\">\n\t\t\t\t<div class=\"elementor-element elementor-element-5295af8 elementor-widget elementor-widget-spacer\" data-id=\"5295af8\" data-element_type=\"widget\" data-e-type=\"widget\" data-widget_type=\"spacer.default\">\n\t\t\t\t<div class=\"elementor-widget-container\">\n\t\t\t\t\t\t\t<div class=\"elementor-spacer\">\n\t\t\t<div class=\"elementor-spacer-inner\"><\/div>\n\t\t<\/div>\n\t\t\t\t\t\t<\/div>\n\t\t\t\t<\/div>\n\t\t<div class=\"elementor-element elementor-element-ffdb943 e-con-full e-flex e-con e-child\" data-id=\"ffdb943\" data-element_type=\"container\" data-e-type=\"container\">\n\t\t\t\t<div class=\"elementor-element elementor-element-e88932f elementor-widget elementor-widget-heading\" data-id=\"e88932f\" data-element_type=\"widget\" data-e-type=\"widget\" data-widget_type=\"heading.default\">\n\t\t\t\t<div class=\"elementor-widget-container\">\n\t\t\t\t\t<h2 class=\"elementor-heading-title elementor-size-default\">ALICE TRAISNEL EXPLORARTISTE <\/h2>\t\t\t\t<\/div>\n\t\t\t\t<\/div>\n\t\t\t\t<div class=\"elementor-element elementor-element-8a4880e elementor-widget elementor-widget-heading\" data-id=\"8a4880e\" data-element_type=\"widget\" data-e-type=\"widget\" data-widget_type=\"heading.default\">\n\t\t\t\t<div class=\"elementor-widget-container\">\n\t\t\t\t\t<h2 class=\"elementor-heading-title elementor-size-default\">CAMARGO <\/h2>\t\t\t\t<\/div>\n\t\t\t\t<\/div>\n\t\t\t\t<div class=\"elementor-element elementor-element-001f212 elementor-widget elementor-widget-spacer\" data-id=\"001f212\" data-element_type=\"widget\" data-e-type=\"widget\" data-widget_type=\"spacer.default\">\n\t\t\t\t<div class=\"elementor-widget-container\">\n\t\t\t\t\t\t\t<div class=\"elementor-spacer\">\n\t\t\t<div class=\"elementor-spacer-inner\"><\/div>\n\t\t<\/div>\n\t\t\t\t\t\t<\/div>\n\t\t\t\t<\/div>\n\t\t\t\t<div class=\"elementor-element elementor-element-9a703c6 elementor-widget__width-initial elementor-widget elementor-widget-text-editor\" data-id=\"9a703c6\" data-element_type=\"widget\" data-e-type=\"widget\" data-widget_type=\"text-editor.default\">\n\t\t\t\t<div class=\"elementor-widget-container\">\n\t\t\t\t\t\t\t\t\t<p data-pm-slice=\"0 0 []\">Il est un pays o\u00f9 le sel de la mer entre sur les sols l\u2019hiver ; et l\u2019\u00e9t\u00e9, ce m\u00eame sel a le pouvoir de faire danser des formes floues dans li engano, peuplant ainsi la sansou\u00efre de formes imaginaires. M\u00eame en plissant les yeux dans la chaleur, \u00e0 cheval sur les immenses pays de Camargue, on est seuls avec nos doutes sur ce qu\u2019on a cru voir, mirages du sauvage, pays de promesses et de projets.<\/p><p data-pm-slice=\"0 0 []\">En Camargo, les mythes sont une r\u00e9alit\u00e9, et les r\u00eaves ressemblent parfois \u00e0 des cauchemars. La mort et la vie dansent et se jouent de nous, les d\u00e9serts sont plein de vie, le ciel est plein de vide, et d\u2019un coup, sans pr\u00e9venir, le ciel se charge de mangeance \u00e0 en perdre la vue et la raison, et puis l\u2019hiver arrive \u00e0 nouveau et le pays s\u2019emplit de chants d\u2019oiseaux, la mer pourtant si bleue gronde et devient grise.<\/p><p>Pendant quelques mois, dans le cadre de mon travail de th\u00e8se, j\u2019ai quitt\u00e9 mes ch\u00e8res montagnes et je suis all\u00e9e hiverner chez les bergers de taureaux \u00e0 cheval du pays mythique de Camargue.<\/p><p>J\u2019ai \u00e9cout\u00e9 leurs histoires et j\u2019ai partag\u00e9 leurs journ\u00e9es de travail. Ce conte ethnophotographique sonore propose une Histoire po\u00e9tico-culturelle de l\u2019\u00e9levage du taureau et des chevaux Camargue, et de ce pays singulier \u00e0 travers les petites histoires cueillies \u00e0 l\u2019\u00e9curie aupr\u00e8s des gardians et des manadiers.<\/p>\t\t\t\t\t\t\t\t<\/div>\n\t\t\t\t<\/div>\n\t\t\t\t<\/div>\n\t\t\t\t\t<\/div>\n\t\t\t\t<\/div>\n\t\t<div class=\"elementor-element elementor-element-640b16f e-flex e-con-boxed e-con e-parent\" data-id=\"640b16f\" data-element_type=\"container\" data-e-type=\"container\" data-settings=\"{&quot;background_background&quot;:&quot;classic&quot;}\">\n\t\t\t\t\t<div class=\"e-con-inner\">\n\t\t\t\t<div class=\"elementor-element elementor-element-4b0667b elementor-widget elementor-widget-image\" data-id=\"4b0667b\" data-element_type=\"widget\" data-e-type=\"widget\" data-widget_type=\"image.default\">\n\t\t\t\t<div class=\"elementor-widget-container\">\n\t\t\t\t\t\t\t\t\t\t\t\t\t\t\t<img decoding=\"async\" width=\"800\" height=\"455\" src=\"https:\/\/horscadrebeziers.fr\/wp-content\/uploads\/2025\/09\/03-TRAISNEL-e1758547763455-1024x583.jpg\" class=\"attachment-large size-large wp-image-770\" alt=\"\" srcset=\"https:\/\/horscadrebeziers.fr\/wp-content\/uploads\/2025\/09\/03-TRAISNEL-e1758547763455-1024x583.jpg 1024w, https:\/\/horscadrebeziers.fr\/wp-content\/uploads\/2025\/09\/03-TRAISNEL-e1758547763455-300x171.jpg 300w, https:\/\/horscadrebeziers.fr\/wp-content\/uploads\/2025\/09\/03-TRAISNEL-e1758547763455-768x437.jpg 768w, https:\/\/horscadrebeziers.fr\/wp-content\/uploads\/2025\/09\/03-TRAISNEL-e1758547763455.jpg 1462w\" sizes=\"(max-width: 800px) 100vw, 800px\" \/>\t\t\t\t\t\t\t\t\t\t\t\t\t\t\t<\/div>\n\t\t\t\t<\/div>\n\t\t\t\t<div class=\"elementor-element elementor-element-5f35873 elementor-widget elementor-widget-spacer\" data-id=\"5f35873\" data-element_type=\"widget\" data-e-type=\"widget\" data-widget_type=\"spacer.default\">\n\t\t\t\t<div class=\"elementor-widget-container\">\n\t\t\t\t\t\t\t<div class=\"elementor-spacer\">\n\t\t\t<div class=\"elementor-spacer-inner\"><\/div>\n\t\t<\/div>\n\t\t\t\t\t\t<\/div>\n\t\t\t\t<\/div>\n\t\t\t\t<div class=\"elementor-element elementor-element-7f2e638 elementor-align-center elementor-widget elementor-widget-button\" data-id=\"7f2e638\" data-element_type=\"widget\" data-e-type=\"widget\" data-widget_type=\"button.default\">\n\t\t\t\t<div class=\"elementor-widget-container\">\n\t\t\t\t\t\t\t\t\t<div class=\"elementor-button-wrapper\">\n\t\t\t\t\t<a class=\"elementor-button elementor-button-link elementor-size-sm\" href=\"https:\/\/horscadrebeziers.fr\/index.php\/exposition\/\">\n\t\t\t\t\t\t<span class=\"elementor-button-content-wrapper\">\n\t\t\t\t\t\t<span class=\"elementor-button-icon\">\n\t\t\t\t<svg aria-hidden=\"true\" class=\"e-font-icon-svg e-fas-map-pin\" viewBox=\"0 0 288 512\" xmlns=\"http:\/\/www.w3.org\/2000\/svg\"><path d=\"M112 316.94v156.69l22.02 33.02c4.75 7.12 15.22 7.12 19.97 0L176 473.63V316.94c-10.39 1.92-21.06 3.06-32 3.06s-21.61-1.14-32-3.06zM144 0C64.47 0 0 64.47 0 144s64.47 144 144 144 144-64.47 144-144S223.53 0 144 0zm0 76c-37.5 0-68 30.5-68 68 0 6.62-5.38 12-12 12s-12-5.38-12-12c0-50.73 41.28-92 92-92 6.62 0 12 5.38 12 12s-5.38 12-12 12z\"><\/path><\/svg>\t\t\t<\/span>\n\t\t\t\t\t\t\t\t\t<span class=\"elementor-button-text\">Voir tous les lieux<\/span>\n\t\t\t\t\t<\/span>\n\t\t\t\t\t<\/a>\n\t\t\t\t<\/div>\n\t\t\t\t\t\t\t\t<\/div>\n\t\t\t\t<\/div>\n\t\t\t\t<div class=\"elementor-element elementor-element-7d6a5c3 elementor-widget elementor-widget-spacer\" data-id=\"7d6a5c3\" data-element_type=\"widget\" data-e-type=\"widget\" data-widget_type=\"spacer.default\">\n\t\t\t\t<div class=\"elementor-widget-container\">\n\t\t\t\t\t\t\t<div class=\"elementor-spacer\">\n\t\t\t<div class=\"elementor-spacer-inner\"><\/div>\n\t\t<\/div>\n\t\t\t\t\t\t<\/div>\n\t\t\t\t<\/div>\n\t\t\t\t\t<\/div>\n\t\t\t\t<\/div>\n\t\t\t\t<\/div>\n\t\t","protected":false},"excerpt":{"rendered":"<p>EXPOS 3\/ CIRDOC &#8211; Institut Occitan de Cultura Cr\u00e9\u00e9 en 1975, le CIRDOC &#8211; Institut occitan de cultura est l&rsquo;\u00e9tablissement public charg\u00e9 de la sauvegarde, de la connaissance et de la promotion de la culture occitane. \u00a0Son site de B\u00e9ziers, la Mediat\u00e8ca, est un espace documentaire ouvert \u00e0 tous, d\u00e9di\u00e9 \u00e0 la production occitane d&rsquo;hier [&hellip;]<\/p>\n","protected":false},"author":1,"featured_media":0,"parent":0,"menu_order":0,"comment_status":"closed","ping_status":"closed","template":"elementor_header_footer","meta":{"footnotes":""},"class_list":["post-768","page","type-page","status-publish","hentry"],"_links":{"self":[{"href":"https:\/\/horscadrebeziers.fr\/index.php\/wp-json\/wp\/v2\/pages\/768","targetHints":{"allow":["GET"]}}],"collection":[{"href":"https:\/\/horscadrebeziers.fr\/index.php\/wp-json\/wp\/v2\/pages"}],"about":[{"href":"https:\/\/horscadrebeziers.fr\/index.php\/wp-json\/wp\/v2\/types\/page"}],"author":[{"embeddable":true,"href":"https:\/\/horscadrebeziers.fr\/index.php\/wp-json\/wp\/v2\/users\/1"}],"replies":[{"embeddable":true,"href":"https:\/\/horscadrebeziers.fr\/index.php\/wp-json\/wp\/v2\/comments?post=768"}],"version-history":[{"count":25,"href":"https:\/\/horscadrebeziers.fr\/index.php\/wp-json\/wp\/v2\/pages\/768\/revisions"}],"predecessor-version":[{"id":1397,"href":"https:\/\/horscadrebeziers.fr\/index.php\/wp-json\/wp\/v2\/pages\/768\/revisions\/1397"}],"wp:attachment":[{"href":"https:\/\/horscadrebeziers.fr\/index.php\/wp-json\/wp\/v2\/media?parent=768"}],"curies":[{"name":"wp","href":"https:\/\/api.w.org\/{rel}","templated":true}]}}