{"id":805,"date":"2025-09-23T14:25:38","date_gmt":"2025-09-23T12:25:38","guid":{"rendered":"https:\/\/horscadrebeziers.fr\/?page_id=805"},"modified":"2025-10-11T23:00:58","modified_gmt":"2025-10-11T21:00:58","slug":"exposition-04","status":"publish","type":"page","link":"https:\/\/horscadrebeziers.fr\/index.php\/exposition-04\/","title":{"rendered":"Exposition 04"},"content":{"rendered":"\t\t<div data-elementor-type=\"wp-page\" data-elementor-id=\"805\" class=\"elementor elementor-805\" data-elementor-post-type=\"page\">\n\t\t\t\t<div class=\"elementor-element elementor-element-a900232 e-flex e-con-boxed e-con e-parent\" data-id=\"a900232\" data-element_type=\"container\" data-e-type=\"container\">\n\t\t\t\t\t<div class=\"e-con-inner\">\n\t\t<div class=\"elementor-element elementor-element-34392aa e-con-full e-flex e-con e-child\" data-id=\"34392aa\" data-element_type=\"container\" data-e-type=\"container\">\n\t\t\t\t<div class=\"elementor-element elementor-element-1e19787 elementor-widget elementor-widget-spacer\" data-id=\"1e19787\" data-element_type=\"widget\" data-e-type=\"widget\" data-widget_type=\"spacer.default\">\n\t\t\t\t<div class=\"elementor-widget-container\">\n\t\t\t\t\t\t\t<div class=\"elementor-spacer\">\n\t\t\t<div class=\"elementor-spacer-inner\"><\/div>\n\t\t<\/div>\n\t\t\t\t\t\t<\/div>\n\t\t\t\t<\/div>\n\t\t\t\t<div class=\"elementor-element elementor-element-cd9af2f elementor-widget elementor-widget-text-editor\" data-id=\"cd9af2f\" data-element_type=\"widget\" data-e-type=\"widget\" data-widget_type=\"text-editor.default\">\n\t\t\t\t<div class=\"elementor-widget-container\">\n\t\t\t\t\t\t\t\t\t<p>EXPOS<\/p>\t\t\t\t\t\t\t\t<\/div>\n\t\t\t\t<\/div>\n\t\t\t\t<div class=\"elementor-element elementor-element-ec2291a elementor-widget elementor-widget-spacer\" data-id=\"ec2291a\" data-element_type=\"widget\" data-e-type=\"widget\" data-widget_type=\"spacer.default\">\n\t\t\t\t<div class=\"elementor-widget-container\">\n\t\t\t\t\t\t\t<div class=\"elementor-spacer\">\n\t\t\t<div class=\"elementor-spacer-inner\"><\/div>\n\t\t<\/div>\n\t\t\t\t\t\t<\/div>\n\t\t\t\t<\/div>\n\t\t\t\t<\/div>\n\t\t\t\t\t<\/div>\n\t\t\t\t<\/div>\n\t\t<div class=\"elementor-element elementor-element-5e4e7b9 e-flex e-con-boxed e-con e-parent\" data-id=\"5e4e7b9\" data-element_type=\"container\" data-e-type=\"container\">\n\t\t\t\t\t<div class=\"e-con-inner\">\n\t\t<div class=\"elementor-element elementor-element-b5fe4b4 e-con-full e-flex e-con e-child\" data-id=\"b5fe4b4\" data-element_type=\"container\" data-e-type=\"container\">\n\t\t<div class=\"elementor-element elementor-element-0b96e5b e-con-full e-flex e-con e-child\" data-id=\"0b96e5b\" data-element_type=\"container\" data-e-type=\"container\">\n\t\t\t\t<div class=\"elementor-element elementor-element-7678d21 elementor-widget elementor-widget-heading\" data-id=\"7678d21\" data-element_type=\"widget\" data-e-type=\"widget\" data-widget_type=\"heading.default\">\n\t\t\t\t<div class=\"elementor-widget-container\">\n\t\t\t\t\t<h2 class=\"elementor-heading-title elementor-size-default\">4\/ LA COLONIE ESPAGNOLE<\/h2>\t\t\t\t<\/div>\n\t\t\t\t<\/div>\n\t\t\t\t<\/div>\n\t\t\t\t<div class=\"elementor-element elementor-element-0ef878a elementor-widget__width-initial elementor-widget elementor-widget-text-editor\" data-id=\"0ef878a\" data-element_type=\"widget\" data-e-type=\"widget\" data-widget_type=\"text-editor.default\">\n\t\t\t\t<div class=\"elementor-widget-container\">\n\t\t\t\t\t\t\t\t\t<div><p data-pm-slice=\"0 0 []\">La Colonie Espagnole est une association, initialement \u00e0 vocation Mutualiste, propri\u00e9taire de ses locaux et en bonne voie pour une inscription au patrimoine national.<\/p><p>Son objet social est large puisqu&rsquo;elle a pour ambition de favoriser l&rsquo;hispanit\u00e9 autour du r\u00e9cr\u00e9atif, du social, du culturel et du sportif.<\/p><p>\u00a0<\/p><p>L&rsquo;article 2 de ses statuts pr\u00e9cise que l&rsquo;association se d\u00e9clare \u00ab\u00a0solidaire avec les droits fondamentaux de la personne humaine, la libert\u00e9 de conscience, la libre expression des id\u00e9es et la tol\u00e9rance mutuelle\u2026 La Colonie Espagnole se d\u00e9clare libre et ind\u00e9pendante de tout credo politique ou confessionnel\u2026\u00a0\u00bb<\/p><\/div><div>\u00a0<\/div><div><strong><span style=\"font-size: large;\"><span style=\"font-size: 12pt;\">1 Rue vieille citadelle\u00a0<\/span><\/span><\/strong><\/div>\t\t\t\t\t\t\t\t<\/div>\n\t\t\t\t<\/div>\n\t\t\t\t<\/div>\n\t\t<div class=\"elementor-element elementor-element-5aed76c e-con-full e-flex e-con e-child\" data-id=\"5aed76c\" data-element_type=\"container\" data-e-type=\"container\">\n\t\t\t\t<div class=\"elementor-element elementor-element-8574ac5 elementor-widget elementor-widget-image\" data-id=\"8574ac5\" data-element_type=\"widget\" data-e-type=\"widget\" data-widget_type=\"image.default\">\n\t\t\t\t<div class=\"elementor-widget-container\">\n\t\t\t\t\t\t\t\t\t\t\t\t\t\t\t<img fetchpriority=\"high\" decoding=\"async\" width=\"800\" height=\"668\" src=\"https:\/\/horscadrebeziers.fr\/wp-content\/uploads\/2025\/09\/04-COLONIE-ESPAGNOLE-1024x855.jpg\" class=\"attachment-large size-large wp-image-711\" alt=\"\" srcset=\"https:\/\/horscadrebeziers.fr\/wp-content\/uploads\/2025\/09\/04-COLONIE-ESPAGNOLE-1024x855.jpg 1024w, https:\/\/horscadrebeziers.fr\/wp-content\/uploads\/2025\/09\/04-COLONIE-ESPAGNOLE-300x251.jpg 300w, https:\/\/horscadrebeziers.fr\/wp-content\/uploads\/2025\/09\/04-COLONIE-ESPAGNOLE-768x641.jpg 768w, https:\/\/horscadrebeziers.fr\/wp-content\/uploads\/2025\/09\/elementor\/thumbs\/04-COLONIE-ESPAGNOLE-rc18w5wcgp3844izu98princrn3bid9gjuzpnwtqx4.jpg 600w, https:\/\/horscadrebeziers.fr\/wp-content\/uploads\/2025\/09\/04-COLONIE-ESPAGNOLE.jpg 1311w\" sizes=\"(max-width: 800px) 100vw, 800px\" \/>\t\t\t\t\t\t\t\t\t\t\t\t\t\t\t<\/div>\n\t\t\t\t<\/div>\n\t\t\t\t<\/div>\n\t\t\t\t\t<\/div>\n\t\t\t\t<\/div>\n\t\t<div class=\"elementor-element elementor-element-8d258b1 e-flex e-con-boxed e-con e-parent\" data-id=\"8d258b1\" data-element_type=\"container\" data-e-type=\"container\">\n\t\t\t\t\t<div class=\"e-con-inner\">\n\t\t\t\t<div class=\"elementor-element elementor-element-b717598 elementor-widget__width-initial elementor-widget elementor-widget-image\" data-id=\"b717598\" data-element_type=\"widget\" data-e-type=\"widget\" data-widget_type=\"image.default\">\n\t\t\t\t<div class=\"elementor-widget-container\">\n\t\t\t\t\t\t\t\t\t\t\t\t\t\t\t<img decoding=\"async\" width=\"381\" height=\"382\" src=\"https:\/\/horscadrebeziers.fr\/wp-content\/uploads\/2025\/09\/horloge.png\" class=\"attachment-full size-full wp-image-544\" alt=\"\" srcset=\"https:\/\/horscadrebeziers.fr\/wp-content\/uploads\/2025\/09\/horloge.png 381w, https:\/\/horscadrebeziers.fr\/wp-content\/uploads\/2025\/09\/horloge-300x300.png 300w, https:\/\/horscadrebeziers.fr\/wp-content\/uploads\/2025\/09\/horloge-150x150.png 150w\" sizes=\"(max-width: 381px) 100vw, 381px\" \/>\t\t\t\t\t\t\t\t\t\t\t\t\t\t\t<\/div>\n\t\t\t\t<\/div>\n\t\t\t\t<div class=\"elementor-element elementor-element-ad7520b elementor-widget elementor-widget-text-editor\" data-id=\"ad7520b\" data-element_type=\"widget\" data-e-type=\"widget\" data-widget_type=\"text-editor.default\">\n\t\t\t\t<div class=\"elementor-widget-container\">\n\t\t\t\t\t\t\t\t\t<p data-pm-slice=\"0 0 []\">JEU &amp; VEN : 15h-19h \/ SAM : 10h-19h &#8211; Ouvert DIM 12 OCT<\/p>\n\n<strong>Vernissage le 16 octobre<\/strong>\t\t\t\t\t\t\t\t<\/div>\n\t\t\t\t<\/div>\n\t\t\t\t\t<\/div>\n\t\t\t\t<\/div>\n\t\t<div class=\"elementor-element elementor-element-3fd95d8 e-flex e-con-boxed e-con e-parent\" data-id=\"3fd95d8\" data-element_type=\"container\" data-e-type=\"container\">\n\t\t\t\t\t<div class=\"e-con-inner\">\n\t\t\t\t<div class=\"elementor-element elementor-element-21acf8f elementor-widget elementor-widget-spacer\" data-id=\"21acf8f\" data-element_type=\"widget\" data-e-type=\"widget\" data-widget_type=\"spacer.default\">\n\t\t\t\t<div class=\"elementor-widget-container\">\n\t\t\t\t\t\t\t<div class=\"elementor-spacer\">\n\t\t\t<div class=\"elementor-spacer-inner\"><\/div>\n\t\t<\/div>\n\t\t\t\t\t\t<\/div>\n\t\t\t\t<\/div>\n\t\t\t\t\t<\/div>\n\t\t\t\t<\/div>\n\t\t<div class=\"elementor-element elementor-element-146393f e-flex e-con-boxed e-con e-parent\" data-id=\"146393f\" data-element_type=\"container\" data-e-type=\"container\" data-settings=\"{&quot;background_background&quot;:&quot;classic&quot;}\">\n\t\t\t\t\t<div class=\"e-con-inner\">\n\t\t\t\t<div class=\"elementor-element elementor-element-3aeb557 elementor-widget elementor-widget-spacer\" data-id=\"3aeb557\" data-element_type=\"widget\" data-e-type=\"widget\" data-widget_type=\"spacer.default\">\n\t\t\t\t<div class=\"elementor-widget-container\">\n\t\t\t\t\t\t\t<div class=\"elementor-spacer\">\n\t\t\t<div class=\"elementor-spacer-inner\"><\/div>\n\t\t<\/div>\n\t\t\t\t\t\t<\/div>\n\t\t\t\t<\/div>\n\t\t<div class=\"elementor-element elementor-element-245cc86 e-con-full e-flex e-con e-child\" data-id=\"245cc86\" data-element_type=\"container\" data-e-type=\"container\">\n\t\t\t\t<div class=\"elementor-element elementor-element-a8b6c57 elementor-widget elementor-widget-heading\" data-id=\"a8b6c57\" data-element_type=\"widget\" data-e-type=\"widget\" data-widget_type=\"heading.default\">\n\t\t\t\t<div class=\"elementor-widget-container\">\n\t\t\t\t\t<h2 class=\"elementor-heading-title elementor-size-default\">PATRICE BACCOU <\/h2>\t\t\t\t<\/div>\n\t\t\t\t<\/div>\n\t\t\t\t<div class=\"elementor-element elementor-element-6755ab0 elementor-widget elementor-widget-heading\" data-id=\"6755ab0\" data-element_type=\"widget\" data-e-type=\"widget\" data-widget_type=\"heading.default\">\n\t\t\t\t<div class=\"elementor-widget-container\">\n\t\t\t\t\t<h2 class=\"elementor-heading-title elementor-size-default\">MONDE DE VINHA<\/h2>\t\t\t\t<\/div>\n\t\t\t\t<\/div>\n\t\t\t\t<div class=\"elementor-element elementor-element-b215907 elementor-widget elementor-widget-spacer\" data-id=\"b215907\" data-element_type=\"widget\" data-e-type=\"widget\" data-widget_type=\"spacer.default\">\n\t\t\t\t<div class=\"elementor-widget-container\">\n\t\t\t\t\t\t\t<div class=\"elementor-spacer\">\n\t\t\t<div class=\"elementor-spacer-inner\"><\/div>\n\t\t<\/div>\n\t\t\t\t\t\t<\/div>\n\t\t\t\t<\/div>\n\t\t\t\t<div class=\"elementor-element elementor-element-abb074c elementor-widget__width-initial elementor-widget elementor-widget-text-editor\" data-id=\"abb074c\" data-element_type=\"widget\" data-e-type=\"widget\" data-widget_type=\"text-editor.default\">\n\t\t\t\t<div class=\"elementor-widget-container\">\n\t\t\t\t\t\t\t\t\t<p data-pm-slice=\"0 0 []\">Monde de vinha pourrait se traduire par \u00ab gens de la vigne \u00bb ou \u00ab peuple des vignes \u00bb, tant ici la culture de cette vitis vinifera venue d&rsquo;orient est au centre de la culture populaire. Elle a marqu\u00e9, et elle marque encore toujours profond\u00e9ment notre biais de viure et notre fa\u00e7on de penser et de parler, comme le raisin marque les mains des vendangeurs ou des travailleurs \u00e0 la cave. Ces petites gens de la vigne sont aussi depuis des si\u00e8cles m\u00e9pris\u00e9s par la culture dominante, comme est m\u00e9pris\u00e9e et m\u00e9connue la langue occitane.<\/p><p>Pascal Frissant, l&rsquo;ami vigneron et po\u00e8te, nous expliquait de fa\u00e7on lumineuse comment, par le m\u00eame ph\u00e9nom\u00e8ne de vergonha, les go\u00fbts anciens pour le sucr\u00e9, le tuil\u00e9 et l&rsquo;oxyd\u00e9, \u00e9taient ici d\u00e9consid\u00e9r\u00e9s, brisant en notre terre languedocienne ce qu&rsquo;il appelait \u00ab l&rsquo;arc des vins jaunes \u00bb.<\/p><p>J&rsquo;avais bien aim\u00e9 la BD \u00ab Les ignorants \u00bb, mais quand Corinne Lh\u00e9ritier m&rsquo;a donn\u00e9 \u00e0 lire la traduction qu\u2019elle en avait faite, los ignorants, j&rsquo;ai \u00e9t\u00e9 tr\u00e8s impressionn\u00e9 par la force de sa traduction.<\/p><p>J&rsquo;ai donc cherch\u00e9 quelques images en \u00e9cho \u00e0 sa traduction des \u00ab ignorants \u00bb.<\/p>\t\t\t\t\t\t\t\t<\/div>\n\t\t\t\t<\/div>\n\t\t\t\t<\/div>\n\t\t\t\t\t<\/div>\n\t\t\t\t<\/div>\n\t\t<div class=\"elementor-element elementor-element-21e6485 e-flex e-con-boxed e-con e-parent\" data-id=\"21e6485\" data-element_type=\"container\" data-e-type=\"container\" data-settings=\"{&quot;background_background&quot;:&quot;classic&quot;}\">\n\t\t\t\t\t<div class=\"e-con-inner\">\n\t\t\t\t<div class=\"elementor-element elementor-element-02aa780 elementor-widget elementor-widget-image\" data-id=\"02aa780\" data-element_type=\"widget\" data-e-type=\"widget\" data-widget_type=\"image.default\">\n\t\t\t\t<div class=\"elementor-widget-container\">\n\t\t\t\t\t\t\t\t\t\t\t\t\t\t\t<img decoding=\"async\" width=\"800\" height=\"531\" src=\"https:\/\/horscadrebeziers.fr\/wp-content\/uploads\/2025\/09\/BACCOU-1024x680.jpg\" class=\"attachment-large size-large wp-image-962\" alt=\"\" srcset=\"https:\/\/horscadrebeziers.fr\/wp-content\/uploads\/2025\/09\/BACCOU-1024x680.jpg 1024w, https:\/\/horscadrebeziers.fr\/wp-content\/uploads\/2025\/09\/BACCOU-300x199.jpg 300w, https:\/\/horscadrebeziers.fr\/wp-content\/uploads\/2025\/09\/BACCOU-768x510.jpg 768w, https:\/\/horscadrebeziers.fr\/wp-content\/uploads\/2025\/09\/BACCOU.jpg 1195w\" sizes=\"(max-width: 800px) 100vw, 800px\" \/>\t\t\t\t\t\t\t\t\t\t\t\t\t\t\t<\/div>\n\t\t\t\t<\/div>\n\t\t\t\t<div class=\"elementor-element elementor-element-be5731c elementor-widget elementor-widget-spacer\" data-id=\"be5731c\" data-element_type=\"widget\" data-e-type=\"widget\" data-widget_type=\"spacer.default\">\n\t\t\t\t<div class=\"elementor-widget-container\">\n\t\t\t\t\t\t\t<div class=\"elementor-spacer\">\n\t\t\t<div class=\"elementor-spacer-inner\"><\/div>\n\t\t<\/div>\n\t\t\t\t\t\t<\/div>\n\t\t\t\t<\/div>\n\t\t\t\t<div class=\"elementor-element elementor-element-bbdfc01 elementor-widget elementor-widget-spacer\" data-id=\"bbdfc01\" data-element_type=\"widget\" data-e-type=\"widget\" data-widget_type=\"spacer.default\">\n\t\t\t\t<div class=\"elementor-widget-container\">\n\t\t\t\t\t\t\t<div class=\"elementor-spacer\">\n\t\t\t<div class=\"elementor-spacer-inner\"><\/div>\n\t\t<\/div>\n\t\t\t\t\t\t<\/div>\n\t\t\t\t<\/div>\n\t\t\t\t\t<\/div>\n\t\t\t\t<\/div>\n\t\t<div class=\"elementor-element elementor-element-bb8a858 e-flex e-con-boxed e-con e-parent\" data-id=\"bb8a858\" data-element_type=\"container\" data-e-type=\"container\" data-settings=\"{&quot;background_background&quot;:&quot;classic&quot;}\">\n\t\t\t\t\t<div class=\"e-con-inner\">\n\t\t<div class=\"elementor-element elementor-element-d65e19c e-con-full e-flex e-con e-child\" data-id=\"d65e19c\" data-element_type=\"container\" data-e-type=\"container\">\n\t\t\t\t<div class=\"elementor-element elementor-element-1df404e elementor-widget elementor-widget-heading\" data-id=\"1df404e\" data-element_type=\"widget\" data-e-type=\"widget\" data-widget_type=\"heading.default\">\n\t\t\t\t<div class=\"elementor-widget-container\">\n\t\t\t\t\t<h2 class=\"elementor-heading-title elementor-size-default\">YANN COURT\u00c9<\/h2>\t\t\t\t<\/div>\n\t\t\t\t<\/div>\n\t\t\t\t<div class=\"elementor-element elementor-element-f303c29 elementor-widget elementor-widget-heading\" data-id=\"f303c29\" data-element_type=\"widget\" data-e-type=\"widget\" data-widget_type=\"heading.default\">\n\t\t\t\t<div class=\"elementor-widget-container\">\n\t\t\t\t\t<h2 class=\"elementor-heading-title elementor-size-default\">AUX QUATRE VENTS<\/h2>\t\t\t\t<\/div>\n\t\t\t\t<\/div>\n\t\t\t\t<div class=\"elementor-element elementor-element-9c58106 elementor-widget elementor-widget-spacer\" data-id=\"9c58106\" data-element_type=\"widget\" data-e-type=\"widget\" data-widget_type=\"spacer.default\">\n\t\t\t\t<div class=\"elementor-widget-container\">\n\t\t\t\t\t\t\t<div class=\"elementor-spacer\">\n\t\t\t<div class=\"elementor-spacer-inner\"><\/div>\n\t\t<\/div>\n\t\t\t\t\t\t<\/div>\n\t\t\t\t<\/div>\n\t\t\t\t<div class=\"elementor-element elementor-element-05ed3e4 elementor-widget__width-initial elementor-widget elementor-widget-text-editor\" data-id=\"05ed3e4\" data-element_type=\"widget\" data-e-type=\"widget\" data-widget_type=\"text-editor.default\">\n\t\t\t\t<div class=\"elementor-widget-container\">\n\t\t\t\t\t\t\t\t\t<p data-pm-slice=\"0 0 []\">Mon parcours commence avec la vid\u00e9o documentaire, au plus pr\u00e8s des sc\u00e8nes musicales locales. Tr\u00e8s vite, cette pratique m\u2019am\u00e8ne \u00e0 explorer des formats plus construits, comme en t\u00e9moignent plusieurs courts m\u00e9trages, entre documentaire et fiction.<\/p><p>La photographie, d\u2019abord n\u00e9e comme un prolongement naturel de la vid\u00e9o, s\u2019est impos\u00e9e \u00e0 moi comme un langage autonome. Mon travail photographique cherche \u00e0 capter la beaut\u00e9 silencieuse des instants simples, des lieux ordinaires et familiers.<\/p><p>J&rsquo;ai approfondi cette d\u00e9marche, en 2025, lors d\u2019une formation en immersion anim\u00e9e par Gregory Halpern.<\/p><p>Les images que je propose sont tir\u00e9es d\u2019une s\u00e9rie intitul\u00e9e Aux quatre vents. Elles explorent le souffle du vent \u2014 invisible, mais toujours pr\u00e9sent \u2014 la tension qu\u2019il g\u00e9n\u00e8re : entre ce qui lui r\u00e9siste et ce qui s\u2019abandonne \u2014 les gestes pour le contenir.<\/p>\t\t\t\t\t\t\t\t<\/div>\n\t\t\t\t<\/div>\n\t\t\t\t<\/div>\n\t\t\t\t\t<\/div>\n\t\t\t\t<\/div>\n\t\t<div class=\"elementor-element elementor-element-3ab4f6f e-flex e-con-boxed e-con e-parent\" data-id=\"3ab4f6f\" data-element_type=\"container\" data-e-type=\"container\" data-settings=\"{&quot;background_background&quot;:&quot;classic&quot;}\">\n\t\t\t\t\t<div class=\"e-con-inner\">\n\t\t\t\t<div class=\"elementor-element elementor-element-67b4506 elementor-widget elementor-widget-image\" data-id=\"67b4506\" data-element_type=\"widget\" data-e-type=\"widget\" data-widget_type=\"image.default\">\n\t\t\t\t<div class=\"elementor-widget-container\">\n\t\t\t\t\t\t\t\t\t\t\t\t\t\t\t<img loading=\"lazy\" decoding=\"async\" width=\"800\" height=\"800\" src=\"https:\/\/horscadrebeziers.fr\/wp-content\/uploads\/2025\/09\/YannCourte-AuxQuatreVents-1024x1024.jpg\" class=\"attachment-large size-large wp-image-963\" alt=\"\" srcset=\"https:\/\/horscadrebeziers.fr\/wp-content\/uploads\/2025\/09\/YannCourte-AuxQuatreVents-1024x1024.jpg 1024w, https:\/\/horscadrebeziers.fr\/wp-content\/uploads\/2025\/09\/YannCourte-AuxQuatreVents-300x300.jpg 300w, https:\/\/horscadrebeziers.fr\/wp-content\/uploads\/2025\/09\/YannCourte-AuxQuatreVents-150x150.jpg 150w, https:\/\/horscadrebeziers.fr\/wp-content\/uploads\/2025\/09\/YannCourte-AuxQuatreVents-768x768.jpg 768w, https:\/\/horscadrebeziers.fr\/wp-content\/uploads\/2025\/09\/YannCourte-AuxQuatreVents.jpg 1417w\" sizes=\"(max-width: 800px) 100vw, 800px\" \/>\t\t\t\t\t\t\t\t\t\t\t\t\t\t\t<\/div>\n\t\t\t\t<\/div>\n\t\t\t\t<div class=\"elementor-element elementor-element-aa96824 elementor-widget elementor-widget-spacer\" data-id=\"aa96824\" data-element_type=\"widget\" data-e-type=\"widget\" data-widget_type=\"spacer.default\">\n\t\t\t\t<div class=\"elementor-widget-container\">\n\t\t\t\t\t\t\t<div class=\"elementor-spacer\">\n\t\t\t<div class=\"elementor-spacer-inner\"><\/div>\n\t\t<\/div>\n\t\t\t\t\t\t<\/div>\n\t\t\t\t<\/div>\n\t\t\t\t<div class=\"elementor-element elementor-element-11e282f elementor-align-center elementor-widget elementor-widget-button\" data-id=\"11e282f\" data-element_type=\"widget\" data-e-type=\"widget\" data-widget_type=\"button.default\">\n\t\t\t\t<div class=\"elementor-widget-container\">\n\t\t\t\t\t\t\t\t\t<div class=\"elementor-button-wrapper\">\n\t\t\t\t\t<a class=\"elementor-button elementor-button-link elementor-size-sm\" href=\"https:\/\/horscadrebeziers.fr\/index.php\/exposition\/\">\n\t\t\t\t\t\t<span class=\"elementor-button-content-wrapper\">\n\t\t\t\t\t\t<span class=\"elementor-button-icon\">\n\t\t\t\t<svg aria-hidden=\"true\" class=\"e-font-icon-svg e-fas-map-pin\" viewBox=\"0 0 288 512\" xmlns=\"http:\/\/www.w3.org\/2000\/svg\"><path d=\"M112 316.94v156.69l22.02 33.02c4.75 7.12 15.22 7.12 19.97 0L176 473.63V316.94c-10.39 1.92-21.06 3.06-32 3.06s-21.61-1.14-32-3.06zM144 0C64.47 0 0 64.47 0 144s64.47 144 144 144 144-64.47 144-144S223.53 0 144 0zm0 76c-37.5 0-68 30.5-68 68 0 6.62-5.38 12-12 12s-12-5.38-12-12c0-50.73 41.28-92 92-92 6.62 0 12 5.38 12 12s-5.38 12-12 12z\"><\/path><\/svg>\t\t\t<\/span>\n\t\t\t\t\t\t\t\t\t<span class=\"elementor-button-text\">Voir tous les lieux<\/span>\n\t\t\t\t\t<\/span>\n\t\t\t\t\t<\/a>\n\t\t\t\t<\/div>\n\t\t\t\t\t\t\t\t<\/div>\n\t\t\t\t<\/div>\n\t\t\t\t<div class=\"elementor-element elementor-element-766c82b elementor-widget elementor-widget-spacer\" data-id=\"766c82b\" data-element_type=\"widget\" data-e-type=\"widget\" data-widget_type=\"spacer.default\">\n\t\t\t\t<div class=\"elementor-widget-container\">\n\t\t\t\t\t\t\t<div class=\"elementor-spacer\">\n\t\t\t<div class=\"elementor-spacer-inner\"><\/div>\n\t\t<\/div>\n\t\t\t\t\t\t<\/div>\n\t\t\t\t<\/div>\n\t\t\t\t\t<\/div>\n\t\t\t\t<\/div>\n\t\t\t\t<\/div>\n\t\t","protected":false},"excerpt":{"rendered":"<p>EXPOS 4\/ LA COLONIE ESPAGNOLE La Colonie Espagnole est une association, initialement \u00e0 vocation Mutualiste, propri\u00e9taire de ses locaux et en bonne voie pour une inscription au patrimoine national. Son objet social est large puisqu&rsquo;elle a pour ambition de favoriser l&rsquo;hispanit\u00e9 autour du r\u00e9cr\u00e9atif, du social, du culturel et du sportif. \u00a0 L&rsquo;article 2 de [&hellip;]<\/p>\n","protected":false},"author":1,"featured_media":0,"parent":0,"menu_order":0,"comment_status":"closed","ping_status":"closed","template":"elementor_header_footer","meta":{"footnotes":""},"class_list":["post-805","page","type-page","status-publish","hentry"],"_links":{"self":[{"href":"https:\/\/horscadrebeziers.fr\/index.php\/wp-json\/wp\/v2\/pages\/805","targetHints":{"allow":["GET"]}}],"collection":[{"href":"https:\/\/horscadrebeziers.fr\/index.php\/wp-json\/wp\/v2\/pages"}],"about":[{"href":"https:\/\/horscadrebeziers.fr\/index.php\/wp-json\/wp\/v2\/types\/page"}],"author":[{"embeddable":true,"href":"https:\/\/horscadrebeziers.fr\/index.php\/wp-json\/wp\/v2\/users\/1"}],"replies":[{"embeddable":true,"href":"https:\/\/horscadrebeziers.fr\/index.php\/wp-json\/wp\/v2\/comments?post=805"}],"version-history":[{"count":19,"href":"https:\/\/horscadrebeziers.fr\/index.php\/wp-json\/wp\/v2\/pages\/805\/revisions"}],"predecessor-version":[{"id":1400,"href":"https:\/\/horscadrebeziers.fr\/index.php\/wp-json\/wp\/v2\/pages\/805\/revisions\/1400"}],"wp:attachment":[{"href":"https:\/\/horscadrebeziers.fr\/index.php\/wp-json\/wp\/v2\/media?parent=805"}],"curies":[{"name":"wp","href":"https:\/\/api.w.org\/{rel}","templated":true}]}}