{"id":874,"date":"2025-09-23T15:20:12","date_gmt":"2025-09-23T13:20:12","guid":{"rendered":"https:\/\/horscadrebeziers.fr\/?page_id=874"},"modified":"2025-10-11T23:07:33","modified_gmt":"2025-10-11T21:07:33","slug":"exposition-10","status":"publish","type":"page","link":"https:\/\/horscadrebeziers.fr\/index.php\/exposition-10\/","title":{"rendered":"Exposition 10"},"content":{"rendered":"\t\t<div data-elementor-type=\"wp-page\" data-elementor-id=\"874\" class=\"elementor elementor-874\" data-elementor-post-type=\"page\">\n\t\t\t\t<div class=\"elementor-element elementor-element-f47c376 e-flex e-con-boxed e-con e-parent\" data-id=\"f47c376\" data-element_type=\"container\" data-e-type=\"container\">\n\t\t\t\t\t<div class=\"e-con-inner\">\n\t\t<div class=\"elementor-element elementor-element-11031d0 e-con-full e-flex e-con e-child\" data-id=\"11031d0\" data-element_type=\"container\" data-e-type=\"container\">\n\t\t\t\t<div class=\"elementor-element elementor-element-8a56251 elementor-widget elementor-widget-spacer\" data-id=\"8a56251\" data-element_type=\"widget\" data-e-type=\"widget\" data-widget_type=\"spacer.default\">\n\t\t\t\t<div class=\"elementor-widget-container\">\n\t\t\t\t\t\t\t<div class=\"elementor-spacer\">\n\t\t\t<div class=\"elementor-spacer-inner\"><\/div>\n\t\t<\/div>\n\t\t\t\t\t\t<\/div>\n\t\t\t\t<\/div>\n\t\t\t\t<div class=\"elementor-element elementor-element-01d00e2 elementor-widget elementor-widget-text-editor\" data-id=\"01d00e2\" data-element_type=\"widget\" data-e-type=\"widget\" data-widget_type=\"text-editor.default\">\n\t\t\t\t<div class=\"elementor-widget-container\">\n\t\t\t\t\t\t\t\t\t<p>EXPOS<\/p>\t\t\t\t\t\t\t\t<\/div>\n\t\t\t\t<\/div>\n\t\t\t\t<div class=\"elementor-element elementor-element-e874e4e elementor-widget elementor-widget-spacer\" data-id=\"e874e4e\" data-element_type=\"widget\" data-e-type=\"widget\" data-widget_type=\"spacer.default\">\n\t\t\t\t<div class=\"elementor-widget-container\">\n\t\t\t\t\t\t\t<div class=\"elementor-spacer\">\n\t\t\t<div class=\"elementor-spacer-inner\"><\/div>\n\t\t<\/div>\n\t\t\t\t\t\t<\/div>\n\t\t\t\t<\/div>\n\t\t\t\t<\/div>\n\t\t\t\t\t<\/div>\n\t\t\t\t<\/div>\n\t\t<div class=\"elementor-element elementor-element-a1c5b7d e-flex e-con-boxed e-con e-parent\" data-id=\"a1c5b7d\" data-element_type=\"container\" data-e-type=\"container\">\n\t\t\t\t\t<div class=\"e-con-inner\">\n\t\t<div class=\"elementor-element elementor-element-d30e406 e-con-full e-flex e-con e-child\" data-id=\"d30e406\" data-element_type=\"container\" data-e-type=\"container\">\n\t\t<div class=\"elementor-element elementor-element-439350a e-con-full e-flex e-con e-child\" data-id=\"439350a\" data-element_type=\"container\" data-e-type=\"container\">\n\t\t\t\t<div class=\"elementor-element elementor-element-e75c5cb elementor-widget elementor-widget-heading\" data-id=\"e75c5cb\" data-element_type=\"widget\" data-e-type=\"widget\" data-widget_type=\"heading.default\">\n\t\t\t\t<div class=\"elementor-widget-container\">\n\t\t\t\t\t<h2 class=\"elementor-heading-title elementor-size-default\">10\/ IUT DE B\u00c9ZIERS<\/h2>\t\t\t\t<\/div>\n\t\t\t\t<\/div>\n\t\t\t\t<\/div>\n\t\t\t\t<div class=\"elementor-element elementor-element-4c8ffb4 elementor-widget__width-initial elementor-widget elementor-widget-text-editor\" data-id=\"4c8ffb4\" data-element_type=\"widget\" data-e-type=\"widget\" data-widget_type=\"text-editor.default\">\n\t\t\t\t<div class=\"elementor-widget-container\">\n\t\t\t\t\t\t\t\t\t<div><div data-olk-copy-source=\"MessageBody\"><span style=\"font-size: 12pt;\">L\u2019IUT de B\u00e9ziers est l\u2019une des 17 composantes de l\u2019Universit\u00e9 de Montpellier.\u00a0<\/span><\/div><div>\u00a0<\/div><div><span style=\"font-size: 12pt;\">Plus de 600 \u00e9tudiants y sont accueillis tous les ans pour pr\u00e9parer des dipl\u00f4mes nationaux de niveau BAC+3 dans les domaines du commerce, du num\u00e9rique et des media.<\/span><\/div><\/div><div>\u00a0<\/div><div><strong><span style=\"font-size: large;\"><span style=\"font-size: 12pt;\">3 Place du 14 Juillet<\/span><\/span><\/strong><\/div>\t\t\t\t\t\t\t\t<\/div>\n\t\t\t\t<\/div>\n\t\t\t\t<\/div>\n\t\t<div class=\"elementor-element elementor-element-983aa16 e-con-full e-flex e-con e-child\" data-id=\"983aa16\" data-element_type=\"container\" data-e-type=\"container\">\n\t\t\t\t<div class=\"elementor-element elementor-element-e83c57d elementor-widget elementor-widget-image\" data-id=\"e83c57d\" data-element_type=\"widget\" data-e-type=\"widget\" data-widget_type=\"image.default\">\n\t\t\t\t<div class=\"elementor-widget-container\">\n\t\t\t\t\t\t\t\t\t\t\t\t\t\t\t<img fetchpriority=\"high\" decoding=\"async\" width=\"800\" height=\"616\" src=\"https:\/\/horscadrebeziers.fr\/wp-content\/uploads\/2025\/09\/10-IUT-1024x789.jpg\" class=\"attachment-large size-large wp-image-995\" alt=\"\" srcset=\"https:\/\/horscadrebeziers.fr\/wp-content\/uploads\/2025\/09\/10-IUT-1024x789.jpg 1024w, https:\/\/horscadrebeziers.fr\/wp-content\/uploads\/2025\/09\/10-IUT-300x231.jpg 300w, https:\/\/horscadrebeziers.fr\/wp-content\/uploads\/2025\/09\/10-IUT-768x592.jpg 768w, https:\/\/horscadrebeziers.fr\/wp-content\/uploads\/2025\/09\/10-IUT.jpg 1299w\" sizes=\"(max-width: 800px) 100vw, 800px\" \/>\t\t\t\t\t\t\t\t\t\t\t\t\t\t\t<\/div>\n\t\t\t\t<\/div>\n\t\t\t\t<\/div>\n\t\t\t\t\t<\/div>\n\t\t\t\t<\/div>\n\t\t<div class=\"elementor-element elementor-element-6f871f9 e-flex e-con-boxed e-con e-parent\" data-id=\"6f871f9\" data-element_type=\"container\" data-e-type=\"container\">\n\t\t\t\t\t<div class=\"e-con-inner\">\n\t\t\t\t<div class=\"elementor-element elementor-element-638c094 elementor-widget__width-initial elementor-widget elementor-widget-image\" data-id=\"638c094\" data-element_type=\"widget\" data-e-type=\"widget\" data-widget_type=\"image.default\">\n\t\t\t\t<div class=\"elementor-widget-container\">\n\t\t\t\t\t\t\t\t\t\t\t\t\t\t\t<img decoding=\"async\" width=\"381\" height=\"382\" src=\"https:\/\/horscadrebeziers.fr\/wp-content\/uploads\/2025\/09\/horloge.png\" class=\"attachment-full size-full wp-image-544\" alt=\"\" srcset=\"https:\/\/horscadrebeziers.fr\/wp-content\/uploads\/2025\/09\/horloge.png 381w, https:\/\/horscadrebeziers.fr\/wp-content\/uploads\/2025\/09\/horloge-300x300.png 300w, https:\/\/horscadrebeziers.fr\/wp-content\/uploads\/2025\/09\/horloge-150x150.png 150w\" sizes=\"(max-width: 381px) 100vw, 381px\" \/>\t\t\t\t\t\t\t\t\t\t\t\t\t\t\t<\/div>\n\t\t\t\t<\/div>\n\t\t\t\t<div class=\"elementor-element elementor-element-e536ca8 elementor-widget elementor-widget-text-editor\" data-id=\"e536ca8\" data-element_type=\"widget\" data-e-type=\"widget\" data-widget_type=\"text-editor.default\">\n\t\t\t\t<div class=\"elementor-widget-container\">\n\t\t\t\t\t\t\t\t\t<p align=\"left\">Du LUN au VEN : 8H \u00e0 19H30 &#8211; FERM\u00c9 \u00c0 PARTIR DU 25 OCT<\/p><strong>VERNISSAGE LE 13 OCTOBRE<\/strong>\t\t\t\t\t\t\t\t<\/div>\n\t\t\t\t<\/div>\n\t\t\t\t\t<\/div>\n\t\t\t\t<\/div>\n\t\t<div class=\"elementor-element elementor-element-0287ab7 e-flex e-con-boxed e-con e-parent\" data-id=\"0287ab7\" data-element_type=\"container\" data-e-type=\"container\">\n\t\t\t\t\t<div class=\"e-con-inner\">\n\t\t\t\t<div class=\"elementor-element elementor-element-e712a96 elementor-widget elementor-widget-spacer\" data-id=\"e712a96\" data-element_type=\"widget\" data-e-type=\"widget\" data-widget_type=\"spacer.default\">\n\t\t\t\t<div class=\"elementor-widget-container\">\n\t\t\t\t\t\t\t<div class=\"elementor-spacer\">\n\t\t\t<div class=\"elementor-spacer-inner\"><\/div>\n\t\t<\/div>\n\t\t\t\t\t\t<\/div>\n\t\t\t\t<\/div>\n\t\t\t\t\t<\/div>\n\t\t\t\t<\/div>\n\t\t<div class=\"elementor-element elementor-element-71f6a21 e-flex e-con-boxed e-con e-parent\" data-id=\"71f6a21\" data-element_type=\"container\" data-e-type=\"container\" data-settings=\"{&quot;background_background&quot;:&quot;classic&quot;}\">\n\t\t\t\t\t<div class=\"e-con-inner\">\n\t\t\t\t<div class=\"elementor-element elementor-element-83a994b elementor-widget elementor-widget-spacer\" data-id=\"83a994b\" data-element_type=\"widget\" data-e-type=\"widget\" data-widget_type=\"spacer.default\">\n\t\t\t\t<div class=\"elementor-widget-container\">\n\t\t\t\t\t\t\t<div class=\"elementor-spacer\">\n\t\t\t<div class=\"elementor-spacer-inner\"><\/div>\n\t\t<\/div>\n\t\t\t\t\t\t<\/div>\n\t\t\t\t<\/div>\n\t\t<div class=\"elementor-element elementor-element-001c6f9 e-con-full e-flex e-con e-child\" data-id=\"001c6f9\" data-element_type=\"container\" data-e-type=\"container\">\n\t\t\t\t<div class=\"elementor-element elementor-element-23ec4cc elementor-widget elementor-widget-heading\" data-id=\"23ec4cc\" data-element_type=\"widget\" data-e-type=\"widget\" data-widget_type=\"heading.default\">\n\t\t\t\t<div class=\"elementor-widget-container\">\n\t\t\t\t\t<h2 class=\"elementor-heading-title elementor-size-default\">ISABELLE PUEYO<\/h2>\t\t\t\t<\/div>\n\t\t\t\t<\/div>\n\t\t\t\t<div class=\"elementor-element elementor-element-21d4a35 elementor-widget elementor-widget-heading\" data-id=\"21d4a35\" data-element_type=\"widget\" data-e-type=\"widget\" data-widget_type=\"heading.default\">\n\t\t\t\t<div class=\"elementor-widget-container\">\n\t\t\t\t\t<h2 class=\"elementor-heading-title elementor-size-default\">DANS MA T\u00caTE<\/h2>\t\t\t\t<\/div>\n\t\t\t\t<\/div>\n\t\t\t\t<div class=\"elementor-element elementor-element-585d301 elementor-widget elementor-widget-spacer\" data-id=\"585d301\" data-element_type=\"widget\" data-e-type=\"widget\" data-widget_type=\"spacer.default\">\n\t\t\t\t<div class=\"elementor-widget-container\">\n\t\t\t\t\t\t\t<div class=\"elementor-spacer\">\n\t\t\t<div class=\"elementor-spacer-inner\"><\/div>\n\t\t<\/div>\n\t\t\t\t\t\t<\/div>\n\t\t\t\t<\/div>\n\t\t\t\t<div class=\"elementor-element elementor-element-9cc66f6 elementor-widget__width-initial elementor-widget elementor-widget-text-editor\" data-id=\"9cc66f6\" data-element_type=\"widget\" data-e-type=\"widget\" data-widget_type=\"text-editor.default\">\n\t\t\t\t<div class=\"elementor-widget-container\">\n\t\t\t\t\t\t\t\t\t<p data-pm-slice=\"0 0 []\">Cette s\u00e9rie invite \u00e0 repenser notre relation actuelle avec notre environnement et \u00e0 envisager un monde o\u00f9 nous sommes intrins\u00e8quement connect\u00e9s \u00e0 la nature qui nous entoure. Dans ce futur imaginaire, la symbiose entre l\u2019humain et la nature transcende la simple coexistence.<\/p><p>Les images r\u00e9v\u00e8lent des sc\u00e8nes de fusion \u00e9tonnantes, o\u00f9 les t\u00eates humaines se m\u00ealent aux formes v\u00e9g\u00e9tales, illustrant que l&rsquo;union des deux est belle et riche de sens.<\/p><p>Chaque photographie capture un instant de cette coalescence, o\u00f9 l&rsquo;individu et la nature deviennent indissociables, chaque t\u00eate \u00e9tant un petit univers vibrant, pr\u00eat \u00e0 raconter son histoire.<\/p><p>Au-del\u00e0 de l&rsquo;esth\u00e9tique, cette s\u00e9rie vise \u00e0 \u00e9veiller les consciences sur l&rsquo;importance de pr\u00e9server et de respecter notre environnement.<\/p>\t\t\t\t\t\t\t\t<\/div>\n\t\t\t\t<\/div>\n\t\t\t\t<\/div>\n\t\t\t\t\t<\/div>\n\t\t\t\t<\/div>\n\t\t<div class=\"elementor-element elementor-element-67e8c7b e-flex e-con-boxed e-con e-parent\" data-id=\"67e8c7b\" data-element_type=\"container\" data-e-type=\"container\" data-settings=\"{&quot;background_background&quot;:&quot;classic&quot;}\">\n\t\t\t\t\t<div class=\"e-con-inner\">\n\t\t\t\t<div class=\"elementor-element elementor-element-016b144 elementor-widget elementor-widget-image\" data-id=\"016b144\" data-element_type=\"widget\" data-e-type=\"widget\" data-widget_type=\"image.default\">\n\t\t\t\t<div class=\"elementor-widget-container\">\n\t\t\t\t\t\t\t\t\t\t\t\t\t\t\t<img decoding=\"async\" width=\"800\" height=\"534\" src=\"https:\/\/horscadrebeziers.fr\/wp-content\/uploads\/2025\/09\/PUEYO-1024x683.jpg\" class=\"attachment-large size-large wp-image-996\" alt=\"\" srcset=\"https:\/\/horscadrebeziers.fr\/wp-content\/uploads\/2025\/09\/PUEYO-1024x683.jpg 1024w, https:\/\/horscadrebeziers.fr\/wp-content\/uploads\/2025\/09\/PUEYO-300x200.jpg 300w, https:\/\/horscadrebeziers.fr\/wp-content\/uploads\/2025\/09\/PUEYO-768x512.jpg 768w, https:\/\/horscadrebeziers.fr\/wp-content\/uploads\/2025\/09\/PUEYO-1536x1024.jpg 1536w, https:\/\/horscadrebeziers.fr\/wp-content\/uploads\/2025\/09\/PUEYO.jpg 1920w\" sizes=\"(max-width: 800px) 100vw, 800px\" \/>\t\t\t\t\t\t\t\t\t\t\t\t\t\t\t<\/div>\n\t\t\t\t<\/div>\n\t\t\t\t<div class=\"elementor-element elementor-element-78790a3 elementor-widget elementor-widget-spacer\" data-id=\"78790a3\" data-element_type=\"widget\" data-e-type=\"widget\" data-widget_type=\"spacer.default\">\n\t\t\t\t<div class=\"elementor-widget-container\">\n\t\t\t\t\t\t\t<div class=\"elementor-spacer\">\n\t\t\t<div class=\"elementor-spacer-inner\"><\/div>\n\t\t<\/div>\n\t\t\t\t\t\t<\/div>\n\t\t\t\t<\/div>\n\t\t\t\t<div class=\"elementor-element elementor-element-3ef84f2 elementor-widget elementor-widget-spacer\" data-id=\"3ef84f2\" data-element_type=\"widget\" data-e-type=\"widget\" data-widget_type=\"spacer.default\">\n\t\t\t\t<div class=\"elementor-widget-container\">\n\t\t\t\t\t\t\t<div class=\"elementor-spacer\">\n\t\t\t<div class=\"elementor-spacer-inner\"><\/div>\n\t\t<\/div>\n\t\t\t\t\t\t<\/div>\n\t\t\t\t<\/div>\n\t\t\t\t\t<\/div>\n\t\t\t\t<\/div>\n\t\t<div class=\"elementor-element elementor-element-67e26a4 e-flex e-con-boxed e-con e-parent\" data-id=\"67e26a4\" data-element_type=\"container\" data-e-type=\"container\" data-settings=\"{&quot;background_background&quot;:&quot;classic&quot;}\">\n\t\t\t\t\t<div class=\"e-con-inner\">\n\t\t<div class=\"elementor-element elementor-element-75d0803 e-con-full e-flex e-con e-child\" data-id=\"75d0803\" data-element_type=\"container\" data-e-type=\"container\">\n\t\t\t\t<div class=\"elementor-element elementor-element-37d3e73 elementor-widget elementor-widget-heading\" data-id=\"37d3e73\" data-element_type=\"widget\" data-e-type=\"widget\" data-widget_type=\"heading.default\">\n\t\t\t\t<div class=\"elementor-widget-container\">\n\t\t\t\t\t<h2 class=\"elementor-heading-title elementor-size-default\">\u00c9LISA MARCATO<\/h2>\t\t\t\t<\/div>\n\t\t\t\t<\/div>\n\t\t\t\t<div class=\"elementor-element elementor-element-38740e0 elementor-widget elementor-widget-heading\" data-id=\"38740e0\" data-element_type=\"widget\" data-e-type=\"widget\" data-widget_type=\"heading.default\">\n\t\t\t\t<div class=\"elementor-widget-container\">\n\t\t\t\t\t<h2 class=\"elementor-heading-title elementor-size-default\">VISAGE DU S\u00c9N\u00c9GAL<\/h2>\t\t\t\t<\/div>\n\t\t\t\t<\/div>\n\t\t\t\t<div class=\"elementor-element elementor-element-16b4d41 elementor-widget elementor-widget-spacer\" data-id=\"16b4d41\" data-element_type=\"widget\" data-e-type=\"widget\" data-widget_type=\"spacer.default\">\n\t\t\t\t<div class=\"elementor-widget-container\">\n\t\t\t\t\t\t\t<div class=\"elementor-spacer\">\n\t\t\t<div class=\"elementor-spacer-inner\"><\/div>\n\t\t<\/div>\n\t\t\t\t\t\t<\/div>\n\t\t\t\t<\/div>\n\t\t\t\t<div class=\"elementor-element elementor-element-f926bd3 elementor-widget__width-initial elementor-widget elementor-widget-text-editor\" data-id=\"f926bd3\" data-element_type=\"widget\" data-e-type=\"widget\" data-widget_type=\"text-editor.default\">\n\t\t\t\t<div class=\"elementor-widget-container\">\n\t\t\t\t\t\t\t\t\t<p data-pm-slice=\"1 1 []\">Ce projet photographique est n\u00e9 d\u2019un voyage profond\u00e9ment marquant au S\u00e9n\u00e9gal. Plus qu\u2019un simple d\u00e9placement g\u00e9ographique, ce fut une immersion humaine, une rencontre avec des regards, des sourires, des silences et des histoires. J\u2019ai \u00e9t\u00e9 touch\u00e9e par la g\u00e9n\u00e9rosit\u00e9, la dignit\u00e9 et la force tranquille des personnes que j\u2019ai crois\u00e9es, et c\u2019est ce que j\u2019ai voulu saisir \u00e0 travers mes portraits.<\/p><p>Mon intention artistique est de donner une place centrale \u00e0 l\u2019humain, au travers de visages qui racontent bien plus que les mots. Chaque photographie est le fruit d\u2019un moment partag\u00e9, d\u2019une connexion \u2013 br\u00e8ve parfois, mais toujours sinc\u00e8re. Loin des clich\u00e9s ou de l\u2019exotisme fig\u00e9, mon approche se veut respectueuse, bienveillante et authentique.<\/p><p>Ces portraits sont aussi un moyen de t\u00e9moigner d\u2019une Afrique vivante, belle, diverse, et souvent \u00e9loign\u00e9e des repr\u00e9sentations st\u00e9r\u00e9otyp\u00e9es. Ils cherchent \u00e0 mettre en lumi\u00e8re des individualit\u00e9s uniques, tout en \u00e9voquant une culture riche et vibrante. Le cadre, la lumi\u00e8re naturelle, les regards directs ou les instants vol\u00e9s participent \u00e0 cette volont\u00e9 de proximit\u00e9 et de v\u00e9rit\u00e9.<\/p><p>\u00c0 travers cette s\u00e9rie, je souhaite inviter le spectateur \u00e0 regarder autrement, \u00e0 ralentir, \u00e0 rencontrer l\u2019autre dans ce qu\u2019il a de plus simple et de plus essentiel : son humanit\u00e9.<\/p>\t\t\t\t\t\t\t\t<\/div>\n\t\t\t\t<\/div>\n\t\t\t\t<\/div>\n\t\t\t\t\t<\/div>\n\t\t\t\t<\/div>\n\t\t<div class=\"elementor-element elementor-element-954b7ff e-flex e-con-boxed e-con e-parent\" data-id=\"954b7ff\" data-element_type=\"container\" data-e-type=\"container\" data-settings=\"{&quot;background_background&quot;:&quot;classic&quot;}\">\n\t\t\t\t\t<div class=\"e-con-inner\">\n\t\t\t\t<div class=\"elementor-element elementor-element-ebf54df elementor-widget elementor-widget-image\" data-id=\"ebf54df\" data-element_type=\"widget\" data-e-type=\"widget\" data-widget_type=\"image.default\">\n\t\t\t\t<div class=\"elementor-widget-container\">\n\t\t\t\t\t\t\t\t\t\t\t\t\t\t\t<img loading=\"lazy\" decoding=\"async\" width=\"683\" height=\"1024\" src=\"https:\/\/horscadrebeziers.fr\/wp-content\/uploads\/2025\/09\/10-MARCATO-683x1024.jpg\" class=\"attachment-large size-large wp-image-876\" alt=\"\" srcset=\"https:\/\/horscadrebeziers.fr\/wp-content\/uploads\/2025\/09\/10-MARCATO-683x1024.jpg 683w, https:\/\/horscadrebeziers.fr\/wp-content\/uploads\/2025\/09\/10-MARCATO-200x300.jpg 200w, https:\/\/horscadrebeziers.fr\/wp-content\/uploads\/2025\/09\/10-MARCATO-768x1152.jpg 768w, https:\/\/horscadrebeziers.fr\/wp-content\/uploads\/2025\/09\/10-MARCATO-1024x1536.jpg 1024w, https:\/\/horscadrebeziers.fr\/wp-content\/uploads\/2025\/09\/10-MARCATO-1365x2048.jpg 1365w, https:\/\/horscadrebeziers.fr\/wp-content\/uploads\/2025\/09\/10-MARCATO.jpg 1417w\" sizes=\"(max-width: 683px) 100vw, 683px\" \/>\t\t\t\t\t\t\t\t\t\t\t\t\t\t\t<\/div>\n\t\t\t\t<\/div>\n\t\t\t\t<div class=\"elementor-element elementor-element-3dc0a2a elementor-widget elementor-widget-spacer\" data-id=\"3dc0a2a\" data-element_type=\"widget\" data-e-type=\"widget\" data-widget_type=\"spacer.default\">\n\t\t\t\t<div class=\"elementor-widget-container\">\n\t\t\t\t\t\t\t<div class=\"elementor-spacer\">\n\t\t\t<div class=\"elementor-spacer-inner\"><\/div>\n\t\t<\/div>\n\t\t\t\t\t\t<\/div>\n\t\t\t\t<\/div>\n\t\t\t\t<div class=\"elementor-element elementor-element-4f8ab1e elementor-align-center elementor-widget elementor-widget-button\" data-id=\"4f8ab1e\" data-element_type=\"widget\" data-e-type=\"widget\" data-widget_type=\"button.default\">\n\t\t\t\t<div class=\"elementor-widget-container\">\n\t\t\t\t\t\t\t\t\t<div class=\"elementor-button-wrapper\">\n\t\t\t\t\t<a class=\"elementor-button elementor-button-link elementor-size-sm\" href=\"https:\/\/horscadrebeziers.fr\/index.php\/exposition\/\">\n\t\t\t\t\t\t<span class=\"elementor-button-content-wrapper\">\n\t\t\t\t\t\t<span class=\"elementor-button-icon\">\n\t\t\t\t<svg aria-hidden=\"true\" class=\"e-font-icon-svg e-fas-map-pin\" viewBox=\"0 0 288 512\" xmlns=\"http:\/\/www.w3.org\/2000\/svg\"><path d=\"M112 316.94v156.69l22.02 33.02c4.75 7.12 15.22 7.12 19.97 0L176 473.63V316.94c-10.39 1.92-21.06 3.06-32 3.06s-21.61-1.14-32-3.06zM144 0C64.47 0 0 64.47 0 144s64.47 144 144 144 144-64.47 144-144S223.53 0 144 0zm0 76c-37.5 0-68 30.5-68 68 0 6.62-5.38 12-12 12s-12-5.38-12-12c0-50.73 41.28-92 92-92 6.62 0 12 5.38 12 12s-5.38 12-12 12z\"><\/path><\/svg>\t\t\t<\/span>\n\t\t\t\t\t\t\t\t\t<span class=\"elementor-button-text\">Voir tous les lieux<\/span>\n\t\t\t\t\t<\/span>\n\t\t\t\t\t<\/a>\n\t\t\t\t<\/div>\n\t\t\t\t\t\t\t\t<\/div>\n\t\t\t\t<\/div>\n\t\t\t\t<div class=\"elementor-element elementor-element-4d39cc5 elementor-widget elementor-widget-spacer\" data-id=\"4d39cc5\" data-element_type=\"widget\" data-e-type=\"widget\" data-widget_type=\"spacer.default\">\n\t\t\t\t<div class=\"elementor-widget-container\">\n\t\t\t\t\t\t\t<div class=\"elementor-spacer\">\n\t\t\t<div class=\"elementor-spacer-inner\"><\/div>\n\t\t<\/div>\n\t\t\t\t\t\t<\/div>\n\t\t\t\t<\/div>\n\t\t\t\t\t<\/div>\n\t\t\t\t<\/div>\n\t\t\t\t<\/div>\n\t\t","protected":false},"excerpt":{"rendered":"<p>EXPOS 10\/ IUT DE B\u00c9ZIERS L\u2019IUT de B\u00e9ziers est l\u2019une des 17 composantes de l\u2019Universit\u00e9 de Montpellier.\u00a0\u00a0Plus de 600 \u00e9tudiants y sont accueillis tous les ans pour pr\u00e9parer des dipl\u00f4mes nationaux de niveau BAC+3 dans les domaines du commerce, du num\u00e9rique et des media.\u00a03 Place du 14 Juillet Du LUN au VEN : 8H \u00e0 [&hellip;]<\/p>\n","protected":false},"author":1,"featured_media":0,"parent":0,"menu_order":0,"comment_status":"closed","ping_status":"closed","template":"elementor_header_footer","meta":{"footnotes":""},"class_list":["post-874","page","type-page","status-publish","hentry"],"_links":{"self":[{"href":"https:\/\/horscadrebeziers.fr\/index.php\/wp-json\/wp\/v2\/pages\/874","targetHints":{"allow":["GET"]}}],"collection":[{"href":"https:\/\/horscadrebeziers.fr\/index.php\/wp-json\/wp\/v2\/pages"}],"about":[{"href":"https:\/\/horscadrebeziers.fr\/index.php\/wp-json\/wp\/v2\/types\/page"}],"author":[{"embeddable":true,"href":"https:\/\/horscadrebeziers.fr\/index.php\/wp-json\/wp\/v2\/users\/1"}],"replies":[{"embeddable":true,"href":"https:\/\/horscadrebeziers.fr\/index.php\/wp-json\/wp\/v2\/comments?post=874"}],"version-history":[{"count":22,"href":"https:\/\/horscadrebeziers.fr\/index.php\/wp-json\/wp\/v2\/pages\/874\/revisions"}],"predecessor-version":[{"id":1422,"href":"https:\/\/horscadrebeziers.fr\/index.php\/wp-json\/wp\/v2\/pages\/874\/revisions\/1422"}],"wp:attachment":[{"href":"https:\/\/horscadrebeziers.fr\/index.php\/wp-json\/wp\/v2\/media?parent=874"}],"curies":[{"name":"wp","href":"https:\/\/api.w.org\/{rel}","templated":true}]}}