{"id":892,"date":"2025-09-23T15:26:02","date_gmt":"2025-09-23T13:26:02","guid":{"rendered":"https:\/\/horscadrebeziers.fr\/?page_id=892"},"modified":"2025-10-11T23:07:28","modified_gmt":"2025-10-11T21:07:28","slug":"exposition-12","status":"publish","type":"page","link":"https:\/\/horscadrebeziers.fr\/index.php\/exposition-12\/","title":{"rendered":"Exposition 12"},"content":{"rendered":"\t\t<div data-elementor-type=\"wp-page\" data-elementor-id=\"892\" class=\"elementor elementor-892\" data-elementor-post-type=\"page\">\n\t\t\t\t<div class=\"elementor-element elementor-element-48978b1 e-flex e-con-boxed e-con e-parent\" data-id=\"48978b1\" data-element_type=\"container\" data-e-type=\"container\">\n\t\t\t\t\t<div class=\"e-con-inner\">\n\t\t<div class=\"elementor-element elementor-element-def56c4 e-con-full e-flex e-con e-child\" data-id=\"def56c4\" data-element_type=\"container\" data-e-type=\"container\">\n\t\t\t\t<div class=\"elementor-element elementor-element-42a152d elementor-widget elementor-widget-spacer\" data-id=\"42a152d\" data-element_type=\"widget\" data-e-type=\"widget\" data-widget_type=\"spacer.default\">\n\t\t\t\t<div class=\"elementor-widget-container\">\n\t\t\t\t\t\t\t<div class=\"elementor-spacer\">\n\t\t\t<div class=\"elementor-spacer-inner\"><\/div>\n\t\t<\/div>\n\t\t\t\t\t\t<\/div>\n\t\t\t\t<\/div>\n\t\t\t\t<div class=\"elementor-element elementor-element-c4e21a4 elementor-widget elementor-widget-text-editor\" data-id=\"c4e21a4\" data-element_type=\"widget\" data-e-type=\"widget\" data-widget_type=\"text-editor.default\">\n\t\t\t\t<div class=\"elementor-widget-container\">\n\t\t\t\t\t\t\t\t\t<p>EXPOS<\/p>\t\t\t\t\t\t\t\t<\/div>\n\t\t\t\t<\/div>\n\t\t\t\t<div class=\"elementor-element elementor-element-2a0606d elementor-widget elementor-widget-spacer\" data-id=\"2a0606d\" data-element_type=\"widget\" data-e-type=\"widget\" data-widget_type=\"spacer.default\">\n\t\t\t\t<div class=\"elementor-widget-container\">\n\t\t\t\t\t\t\t<div class=\"elementor-spacer\">\n\t\t\t<div class=\"elementor-spacer-inner\"><\/div>\n\t\t<\/div>\n\t\t\t\t\t\t<\/div>\n\t\t\t\t<\/div>\n\t\t\t\t<\/div>\n\t\t\t\t\t<\/div>\n\t\t\t\t<\/div>\n\t\t<div class=\"elementor-element elementor-element-66cacbd e-flex e-con-boxed e-con e-parent\" data-id=\"66cacbd\" data-element_type=\"container\" data-e-type=\"container\">\n\t\t\t\t\t<div class=\"e-con-inner\">\n\t\t<div class=\"elementor-element elementor-element-8c7d6e8 e-con-full e-flex e-con e-child\" data-id=\"8c7d6e8\" data-element_type=\"container\" data-e-type=\"container\">\n\t\t<div class=\"elementor-element elementor-element-ffcd45a e-con-full e-flex e-con e-child\" data-id=\"ffcd45a\" data-element_type=\"container\" data-e-type=\"container\">\n\t\t\t\t<div class=\"elementor-element elementor-element-3431288 elementor-widget elementor-widget-heading\" data-id=\"3431288\" data-element_type=\"widget\" data-e-type=\"widget\" data-widget_type=\"heading.default\">\n\t\t\t\t<div class=\"elementor-widget-container\">\n\t\t\t\t\t<h2 class=\"elementor-heading-title elementor-size-default\">12\/ MAISON JULLIAN<\/h2>\t\t\t\t<\/div>\n\t\t\t\t<\/div>\n\t\t\t\t<\/div>\n\t\t\t\t<div class=\"elementor-element elementor-element-b3d20ef elementor-widget__width-initial elementor-widget elementor-widget-text-editor\" data-id=\"b3d20ef\" data-element_type=\"widget\" data-e-type=\"widget\" data-widget_type=\"text-editor.default\">\n\t\t\t\t<div class=\"elementor-widget-container\">\n\t\t\t\t\t\t\t\t\t<div><div class=\"x_elementor-column x_elementor-col-50 x_elementor-element-47b096f x_elementor-element x_elementor-inner-column\" data-element_type=\"column\" data-id=\"47b096f\"><div class=\"x_elementor-element-populated x_elementor-widget-wrap\"><div class=\"x_elementor-element-1d9a9add x_elementor-widget x_elementor-element x_elementor-widget-text-editor\" data-widget_type=\"text-editor.default\" data-element_type=\"widget\" data-id=\"1d9a9add\"><div class=\"x_elementor-widget-container\"><p class=\"\">Nich\u00e9 dans une \u00ab\u00a0folie biterroise\u00a0\u00bb, ou petit ch\u00e2teau de fin 19\u00e8me, Maison Jullian est un lieu qui s\u2019adresse aux \u00e9picuriens. Notre ambition : vous faire vivre de riches exp\u00e9riences autour de la gastronomie, du bien-\u00eatre et de la culture.<\/p><p class=\"\">Notre positionnement g\u00e9ographique \u2013\u00a0 \u00ab\u00a0la campagne dans la ville\u00a0\u00bb, au bord du Canal du Midi, et \u00e0 seulement 5 et 10 minutes \u00e0 pied de la gare et du centre-ville de B\u00e9ziers, font de Maison Jullian un lieu unique et privil\u00e9gi\u00e9, une v\u00e9ritable \u00ab\u00a0parenth\u00e8se enchant\u00e9e\u00a0\u00bb.<\/p><p class=\"\">La pr\u00e9sence d\u2019un Chef \u00e0 demeure, Charles Teboul, est un des nombreux atouts de Maison Jullian. Chaque jour, vous d\u00e9gusterez une cuisine de saison, locavore, ancr\u00e9e entre tradition et modernit\u00e9. \u00a0<\/p><\/div><\/div><\/div><\/div><div class=\"x_elementor-column x_elementor-col-50 x_elementor-element-6d949e67 x_elementor-element x_elementor-inner-column\" data-element_type=\"column\" data-id=\"6d949e67\"><div class=\"x_elementor-element-populated x_elementor-widget-wrap\"><div class=\"x_elementor-widget__width-initial x_elementor-widget x_elementor-element x_elementor-element-6198242f x_elementor-widget-text-editor\" data-widget_type=\"text-editor.default\" data-element_type=\"widget\" data-id=\"6198242f\"><div class=\"x_elementor-widget-container\"><p class=\"\">Quant aux chambres \u00e0 la d\u00e9coration singuli\u00e8re, elles profitent toutes d\u2019une vue sur le parc et le Canal du Midi. Durant toute l\u2019ann\u00e9e, Maison Jullian est \u00e9galement au c\u0153ur de multiples \u00e9v\u00e9nements culturels et de bien-\u00eatre.<\/p><\/div><\/div><\/div><\/div><\/div><div>\u00a0<\/div><div><p data-pm-slice=\"0 0 []\"><strong>1 Chemin de halage du Port Neuf, B\u00e9ziers<\/strong><\/p><\/div>\t\t\t\t\t\t\t\t<\/div>\n\t\t\t\t<\/div>\n\t\t\t\t<\/div>\n\t\t<div class=\"elementor-element elementor-element-e224105 e-con-full e-flex e-con e-child\" data-id=\"e224105\" data-element_type=\"container\" data-e-type=\"container\">\n\t\t\t\t<div class=\"elementor-element elementor-element-b2800f4 elementor-widget elementor-widget-image\" data-id=\"b2800f4\" data-element_type=\"widget\" data-e-type=\"widget\" data-widget_type=\"image.default\">\n\t\t\t\t<div class=\"elementor-widget-container\">\n\t\t\t\t\t\t\t\t\t\t\t\t\t\t\t<img fetchpriority=\"high\" decoding=\"async\" width=\"800\" height=\"668\" src=\"https:\/\/horscadrebeziers.fr\/wp-content\/uploads\/2025\/09\/12-JULIAN-1024x855.jpg\" class=\"attachment-large size-large wp-image-725\" alt=\"\" srcset=\"https:\/\/horscadrebeziers.fr\/wp-content\/uploads\/2025\/09\/12-JULIAN-1024x855.jpg 1024w, https:\/\/horscadrebeziers.fr\/wp-content\/uploads\/2025\/09\/12-JULIAN-300x251.jpg 300w, https:\/\/horscadrebeziers.fr\/wp-content\/uploads\/2025\/09\/12-JULIAN-768x641.jpg 768w, https:\/\/horscadrebeziers.fr\/wp-content\/uploads\/2025\/09\/elementor\/thumbs\/12-JULIAN-rc4qjobaa1fovdvhpki160x8eja2gbaft5wsu1rqtk.jpg 600w, https:\/\/horscadrebeziers.fr\/wp-content\/uploads\/2025\/09\/12-JULIAN.jpg 1311w\" sizes=\"(max-width: 800px) 100vw, 800px\" \/>\t\t\t\t\t\t\t\t\t\t\t\t\t\t\t<\/div>\n\t\t\t\t<\/div>\n\t\t\t\t<\/div>\n\t\t\t\t\t<\/div>\n\t\t\t\t<\/div>\n\t\t<div class=\"elementor-element elementor-element-1feeffd e-flex e-con-boxed e-con e-parent\" data-id=\"1feeffd\" data-element_type=\"container\" data-e-type=\"container\">\n\t\t\t\t\t<div class=\"e-con-inner\">\n\t\t\t\t<div class=\"elementor-element elementor-element-f9e7277 elementor-widget__width-initial elementor-widget elementor-widget-image\" data-id=\"f9e7277\" data-element_type=\"widget\" data-e-type=\"widget\" data-widget_type=\"image.default\">\n\t\t\t\t<div class=\"elementor-widget-container\">\n\t\t\t\t\t\t\t\t\t\t\t\t\t\t\t<img decoding=\"async\" width=\"381\" height=\"382\" src=\"https:\/\/horscadrebeziers.fr\/wp-content\/uploads\/2025\/09\/horloge.png\" class=\"attachment-full size-full wp-image-544\" alt=\"\" srcset=\"https:\/\/horscadrebeziers.fr\/wp-content\/uploads\/2025\/09\/horloge.png 381w, https:\/\/horscadrebeziers.fr\/wp-content\/uploads\/2025\/09\/horloge-300x300.png 300w, https:\/\/horscadrebeziers.fr\/wp-content\/uploads\/2025\/09\/horloge-150x150.png 150w\" sizes=\"(max-width: 381px) 100vw, 381px\" \/>\t\t\t\t\t\t\t\t\t\t\t\t\t\t\t<\/div>\n\t\t\t\t<\/div>\n\t\t\t\t<div class=\"elementor-element elementor-element-e620856 elementor-widget elementor-widget-text-editor\" data-id=\"e620856\" data-element_type=\"widget\" data-e-type=\"widget\" data-widget_type=\"text-editor.default\">\n\t\t\t\t<div class=\"elementor-widget-container\">\n\t\t\t\t\t\t\t\t\t<p align=\"left\"><span style=\"color: #929292;\"><span style=\"font-family: Helvetica;\"><span style=\"font-size: medium;\"><span style=\"color: #000000;\">DU MER AU SAM : 12h-18h &#8211; DIM : 11h-16h<\/span> <\/span><\/span><\/span><\/p><strong>VERNISSAGE LE 29 OCTOBRE<\/strong>\t\t\t\t\t\t\t\t<\/div>\n\t\t\t\t<\/div>\n\t\t\t\t\t<\/div>\n\t\t\t\t<\/div>\n\t\t<div class=\"elementor-element elementor-element-6d4bbe2 e-flex e-con-boxed e-con e-parent\" data-id=\"6d4bbe2\" data-element_type=\"container\" data-e-type=\"container\">\n\t\t\t\t\t<div class=\"e-con-inner\">\n\t\t\t\t<div class=\"elementor-element elementor-element-ff32805 elementor-widget elementor-widget-spacer\" data-id=\"ff32805\" data-element_type=\"widget\" data-e-type=\"widget\" data-widget_type=\"spacer.default\">\n\t\t\t\t<div class=\"elementor-widget-container\">\n\t\t\t\t\t\t\t<div class=\"elementor-spacer\">\n\t\t\t<div class=\"elementor-spacer-inner\"><\/div>\n\t\t<\/div>\n\t\t\t\t\t\t<\/div>\n\t\t\t\t<\/div>\n\t\t\t\t\t<\/div>\n\t\t\t\t<\/div>\n\t\t<div class=\"elementor-element elementor-element-5c6e7fd e-flex e-con-boxed e-con e-parent\" data-id=\"5c6e7fd\" data-element_type=\"container\" data-e-type=\"container\" data-settings=\"{&quot;background_background&quot;:&quot;classic&quot;}\">\n\t\t\t\t\t<div class=\"e-con-inner\">\n\t\t\t\t<div class=\"elementor-element elementor-element-bac79bf elementor-widget elementor-widget-spacer\" data-id=\"bac79bf\" data-element_type=\"widget\" data-e-type=\"widget\" data-widget_type=\"spacer.default\">\n\t\t\t\t<div class=\"elementor-widget-container\">\n\t\t\t\t\t\t\t<div class=\"elementor-spacer\">\n\t\t\t<div class=\"elementor-spacer-inner\"><\/div>\n\t\t<\/div>\n\t\t\t\t\t\t<\/div>\n\t\t\t\t<\/div>\n\t\t<div class=\"elementor-element elementor-element-659dbc6 e-con-full e-flex e-con e-child\" data-id=\"659dbc6\" data-element_type=\"container\" data-e-type=\"container\">\n\t\t\t\t<div class=\"elementor-element elementor-element-a346fc7 elementor-widget elementor-widget-heading\" data-id=\"a346fc7\" data-element_type=\"widget\" data-e-type=\"widget\" data-widget_type=\"heading.default\">\n\t\t\t\t<div class=\"elementor-widget-container\">\n\t\t\t\t\t<h2 class=\"elementor-heading-title elementor-size-default\">NATH SAPIN<\/h2>\t\t\t\t<\/div>\n\t\t\t\t<\/div>\n\t\t\t\t<div class=\"elementor-element elementor-element-2fb3056 elementor-widget elementor-widget-heading\" data-id=\"2fb3056\" data-element_type=\"widget\" data-e-type=\"widget\" data-widget_type=\"heading.default\">\n\t\t\t\t<div class=\"elementor-widget-container\">\n\t\t\t\t\t<h2 class=\"elementor-heading-title elementor-size-default\">BESTIAIRE<\/h2>\t\t\t\t<\/div>\n\t\t\t\t<\/div>\n\t\t\t\t<div class=\"elementor-element elementor-element-6f944ee elementor-widget elementor-widget-spacer\" data-id=\"6f944ee\" data-element_type=\"widget\" data-e-type=\"widget\" data-widget_type=\"spacer.default\">\n\t\t\t\t<div class=\"elementor-widget-container\">\n\t\t\t\t\t\t\t<div class=\"elementor-spacer\">\n\t\t\t<div class=\"elementor-spacer-inner\"><\/div>\n\t\t<\/div>\n\t\t\t\t\t\t<\/div>\n\t\t\t\t<\/div>\n\t\t\t\t<div class=\"elementor-element elementor-element-7075fb1 elementor-widget__width-initial elementor-widget elementor-widget-text-editor\" data-id=\"7075fb1\" data-element_type=\"widget\" data-e-type=\"widget\" data-widget_type=\"text-editor.default\">\n\t\t\t\t<div class=\"elementor-widget-container\">\n\t\t\t\t\t\t\t\t\t<p data-pm-slice=\"0 0 []\">Le processus de cr\u00e9ation de Nath Sapin passe toujours par la lumi\u00e8re : les diapositives travers\u00e9es par celle du projecteur, ou le n\u00e9gatif argentique travers\u00e9 par la lumi\u00e8re de l&rsquo;agrandisseur.<\/p><p>En 1996, travaillant \u00e0 la Caserne St-Jacques o\u00f9 elle a install\u00e9 son atelier recevant ses apprentis photographes, elle croise un matin, entass\u00e9s dans une pi\u00e8ce, des oiseaux empaill\u00e9s. Alors que bien plus tard la ville de B\u00e9ziers d\u00e9die un espace de la Caserne \u00e0 la cr\u00e9ation d&rsquo;un mus\u00e9e d&rsquo;histoire naturelle, elle parcourt seule les collections faisant face au silence, et photographie ces enveloppes aux formes animales. De cette nouvelle rencontre et de ses souvenirs d&rsquo;alors na\u00eet la s\u00e9rie \u00ab Bestiaire \u00bb.<\/p>\t\t\t\t\t\t\t\t<\/div>\n\t\t\t\t<\/div>\n\t\t\t\t<\/div>\n\t\t\t\t\t<\/div>\n\t\t\t\t<\/div>\n\t\t<div class=\"elementor-element elementor-element-8b1914d e-flex e-con-boxed e-con e-parent\" data-id=\"8b1914d\" data-element_type=\"container\" data-e-type=\"container\" data-settings=\"{&quot;background_background&quot;:&quot;classic&quot;}\">\n\t\t\t\t\t<div class=\"e-con-inner\">\n\t\t\t\t<div class=\"elementor-element elementor-element-623ea05 elementor-widget elementor-widget-image\" data-id=\"623ea05\" data-element_type=\"widget\" data-e-type=\"widget\" data-widget_type=\"image.default\">\n\t\t\t\t<div class=\"elementor-widget-container\">\n\t\t\t\t\t\t\t\t\t\t\t\t\t\t\t<img decoding=\"async\" width=\"642\" height=\"1024\" src=\"https:\/\/horscadrebeziers.fr\/wp-content\/uploads\/2025\/09\/12-SAPIN-642x1024.jpg\" class=\"attachment-large size-large wp-image-894\" alt=\"\" srcset=\"https:\/\/horscadrebeziers.fr\/wp-content\/uploads\/2025\/09\/12-SAPIN-642x1024.jpg 642w, https:\/\/horscadrebeziers.fr\/wp-content\/uploads\/2025\/09\/12-SAPIN-188x300.jpg 188w, https:\/\/horscadrebeziers.fr\/wp-content\/uploads\/2025\/09\/12-SAPIN-768x1225.jpg 768w, https:\/\/horscadrebeziers.fr\/wp-content\/uploads\/2025\/09\/12-SAPIN-963x1536.jpg 963w, https:\/\/horscadrebeziers.fr\/wp-content\/uploads\/2025\/09\/12-SAPIN-1284x2048.jpg 1284w, https:\/\/horscadrebeziers.fr\/wp-content\/uploads\/2025\/09\/12-SAPIN.jpg 1417w\" sizes=\"(max-width: 642px) 100vw, 642px\" \/>\t\t\t\t\t\t\t\t\t\t\t\t\t\t\t<\/div>\n\t\t\t\t<\/div>\n\t\t\t\t<div class=\"elementor-element elementor-element-3eec0df elementor-widget elementor-widget-spacer\" data-id=\"3eec0df\" data-element_type=\"widget\" data-e-type=\"widget\" data-widget_type=\"spacer.default\">\n\t\t\t\t<div class=\"elementor-widget-container\">\n\t\t\t\t\t\t\t<div class=\"elementor-spacer\">\n\t\t\t<div class=\"elementor-spacer-inner\"><\/div>\n\t\t<\/div>\n\t\t\t\t\t\t<\/div>\n\t\t\t\t<\/div>\n\t\t\t\t<div class=\"elementor-element elementor-element-68b8240 elementor-align-center elementor-widget elementor-widget-button\" data-id=\"68b8240\" data-element_type=\"widget\" data-e-type=\"widget\" data-widget_type=\"button.default\">\n\t\t\t\t<div class=\"elementor-widget-container\">\n\t\t\t\t\t\t\t\t\t<div class=\"elementor-button-wrapper\">\n\t\t\t\t\t<a class=\"elementor-button elementor-button-link elementor-size-sm\" href=\"https:\/\/horscadrebeziers.fr\/index.php\/exposition\/\">\n\t\t\t\t\t\t<span class=\"elementor-button-content-wrapper\">\n\t\t\t\t\t\t<span class=\"elementor-button-icon\">\n\t\t\t\t<svg aria-hidden=\"true\" class=\"e-font-icon-svg e-fas-map-pin\" viewBox=\"0 0 288 512\" xmlns=\"http:\/\/www.w3.org\/2000\/svg\"><path d=\"M112 316.94v156.69l22.02 33.02c4.75 7.12 15.22 7.12 19.97 0L176 473.63V316.94c-10.39 1.92-21.06 3.06-32 3.06s-21.61-1.14-32-3.06zM144 0C64.47 0 0 64.47 0 144s64.47 144 144 144 144-64.47 144-144S223.53 0 144 0zm0 76c-37.5 0-68 30.5-68 68 0 6.62-5.38 12-12 12s-12-5.38-12-12c0-50.73 41.28-92 92-92 6.62 0 12 5.38 12 12s-5.38 12-12 12z\"><\/path><\/svg>\t\t\t<\/span>\n\t\t\t\t\t\t\t\t\t<span class=\"elementor-button-text\">Voir tous les lieux<\/span>\n\t\t\t\t\t<\/span>\n\t\t\t\t\t<\/a>\n\t\t\t\t<\/div>\n\t\t\t\t\t\t\t\t<\/div>\n\t\t\t\t<\/div>\n\t\t\t\t<div class=\"elementor-element elementor-element-3039a9b elementor-widget elementor-widget-spacer\" data-id=\"3039a9b\" data-element_type=\"widget\" data-e-type=\"widget\" data-widget_type=\"spacer.default\">\n\t\t\t\t<div class=\"elementor-widget-container\">\n\t\t\t\t\t\t\t<div class=\"elementor-spacer\">\n\t\t\t<div class=\"elementor-spacer-inner\"><\/div>\n\t\t<\/div>\n\t\t\t\t\t\t<\/div>\n\t\t\t\t<\/div>\n\t\t\t\t\t<\/div>\n\t\t\t\t<\/div>\n\t\t\t\t<\/div>\n\t\t","protected":false},"excerpt":{"rendered":"<p>EXPOS 12\/ MAISON JULLIAN Nich\u00e9 dans une \u00ab\u00a0folie biterroise\u00a0\u00bb, ou petit ch\u00e2teau de fin 19\u00e8me, Maison Jullian est un lieu qui s\u2019adresse aux \u00e9picuriens. Notre ambition : vous faire vivre de riches exp\u00e9riences autour de la gastronomie, du bien-\u00eatre et de la culture. Notre positionnement g\u00e9ographique \u2013\u00a0 \u00ab\u00a0la campagne dans la ville\u00a0\u00bb, au bord du [&hellip;]<\/p>\n","protected":false},"author":1,"featured_media":0,"parent":0,"menu_order":0,"comment_status":"closed","ping_status":"closed","template":"elementor_header_footer","meta":{"footnotes":""},"class_list":["post-892","page","type-page","status-publish","hentry"],"_links":{"self":[{"href":"https:\/\/horscadrebeziers.fr\/index.php\/wp-json\/wp\/v2\/pages\/892","targetHints":{"allow":["GET"]}}],"collection":[{"href":"https:\/\/horscadrebeziers.fr\/index.php\/wp-json\/wp\/v2\/pages"}],"about":[{"href":"https:\/\/horscadrebeziers.fr\/index.php\/wp-json\/wp\/v2\/types\/page"}],"author":[{"embeddable":true,"href":"https:\/\/horscadrebeziers.fr\/index.php\/wp-json\/wp\/v2\/users\/1"}],"replies":[{"embeddable":true,"href":"https:\/\/horscadrebeziers.fr\/index.php\/wp-json\/wp\/v2\/comments?post=892"}],"version-history":[{"count":13,"href":"https:\/\/horscadrebeziers.fr\/index.php\/wp-json\/wp\/v2\/pages\/892\/revisions"}],"predecessor-version":[{"id":1416,"href":"https:\/\/horscadrebeziers.fr\/index.php\/wp-json\/wp\/v2\/pages\/892\/revisions\/1416"}],"wp:attachment":[{"href":"https:\/\/horscadrebeziers.fr\/index.php\/wp-json\/wp\/v2\/media?parent=892"}],"curies":[{"name":"wp","href":"https:\/\/api.w.org\/{rel}","templated":true}]}}