{"id":898,"date":"2025-09-23T15:34:24","date_gmt":"2025-09-23T13:34:24","guid":{"rendered":"https:\/\/horscadrebeziers.fr\/?page_id=898"},"modified":"2025-10-11T23:12:49","modified_gmt":"2025-10-11T21:12:49","slug":"exposition-13","status":"publish","type":"page","link":"https:\/\/horscadrebeziers.fr\/index.php\/exposition-13\/","title":{"rendered":"Exposition 13"},"content":{"rendered":"\t\t<div data-elementor-type=\"wp-page\" data-elementor-id=\"898\" class=\"elementor elementor-898\" data-elementor-post-type=\"page\">\n\t\t\t\t<div class=\"elementor-element elementor-element-548b20d e-flex e-con-boxed e-con e-parent\" data-id=\"548b20d\" data-element_type=\"container\" data-e-type=\"container\">\n\t\t\t\t\t<div class=\"e-con-inner\">\n\t\t<div class=\"elementor-element elementor-element-80b1497 e-con-full e-flex e-con e-child\" data-id=\"80b1497\" data-element_type=\"container\" data-e-type=\"container\">\n\t\t\t\t<div class=\"elementor-element elementor-element-c0e4ee7 elementor-widget elementor-widget-spacer\" data-id=\"c0e4ee7\" data-element_type=\"widget\" data-e-type=\"widget\" data-widget_type=\"spacer.default\">\n\t\t\t\t<div class=\"elementor-widget-container\">\n\t\t\t\t\t\t\t<div class=\"elementor-spacer\">\n\t\t\t<div class=\"elementor-spacer-inner\"><\/div>\n\t\t<\/div>\n\t\t\t\t\t\t<\/div>\n\t\t\t\t<\/div>\n\t\t\t\t<div class=\"elementor-element elementor-element-feb257f elementor-widget elementor-widget-text-editor\" data-id=\"feb257f\" data-element_type=\"widget\" data-e-type=\"widget\" data-widget_type=\"text-editor.default\">\n\t\t\t\t<div class=\"elementor-widget-container\">\n\t\t\t\t\t\t\t\t\t<p>EXPOS<\/p>\t\t\t\t\t\t\t\t<\/div>\n\t\t\t\t<\/div>\n\t\t\t\t<div class=\"elementor-element elementor-element-045e469 elementor-widget elementor-widget-spacer\" data-id=\"045e469\" data-element_type=\"widget\" data-e-type=\"widget\" data-widget_type=\"spacer.default\">\n\t\t\t\t<div class=\"elementor-widget-container\">\n\t\t\t\t\t\t\t<div class=\"elementor-spacer\">\n\t\t\t<div class=\"elementor-spacer-inner\"><\/div>\n\t\t<\/div>\n\t\t\t\t\t\t<\/div>\n\t\t\t\t<\/div>\n\t\t\t\t<\/div>\n\t\t\t\t\t<\/div>\n\t\t\t\t<\/div>\n\t\t<div class=\"elementor-element elementor-element-a481af5 e-flex e-con-boxed e-con e-parent\" data-id=\"a481af5\" data-element_type=\"container\" data-e-type=\"container\">\n\t\t\t\t\t<div class=\"e-con-inner\">\n\t\t<div class=\"elementor-element elementor-element-ff040e0 e-con-full e-flex e-con e-child\" data-id=\"ff040e0\" data-element_type=\"container\" data-e-type=\"container\">\n\t\t<div class=\"elementor-element elementor-element-ab983eb e-con-full e-flex e-con e-child\" data-id=\"ab983eb\" data-element_type=\"container\" data-e-type=\"container\">\n\t\t\t\t<div class=\"elementor-element elementor-element-b34de87 elementor-widget elementor-widget-heading\" data-id=\"b34de87\" data-element_type=\"widget\" data-e-type=\"widget\" data-widget_type=\"heading.default\">\n\t\t\t\t<div class=\"elementor-widget-container\">\n\t\t\t\t\t<h2 class=\"elementor-heading-title elementor-size-default\">13\/ MAISON RELIN<\/h2>\t\t\t\t<\/div>\n\t\t\t\t<\/div>\n\t\t\t\t<\/div>\n\t\t\t\t<div class=\"elementor-element elementor-element-8ef396f elementor-widget__width-initial elementor-widget elementor-widget-text-editor\" data-id=\"8ef396f\" data-element_type=\"widget\" data-e-type=\"widget\" data-widget_type=\"text-editor.default\">\n\t\t\t\t<div class=\"elementor-widget-container\">\n\t\t\t\t\t\t\t\t\t<p><span data-olk-copy-source=\"MessageBody\">L\u2019association \u00ab Les \u00c9cluses de l\u2019Art \u00bb place au c\u0153ur de ses pr\u00e9occupations les activit\u00e9s li\u00e9es \u00e0 la diffusion de la culture et notamment de l\u2019art contemporain. <\/span><\/p><p><span data-olk-copy-source=\"MessageBody\">Elle propose trois lieux d\u2019expositions et d\u2019ateliers d\u2019artistes \u00e0 B\u00e9ziers.<\/span><\/p><div>\u00a0<\/div><div><p data-pm-slice=\"0 0 []\"><strong>2 rue Relin, B\u00e9ziers<\/strong><\/p><\/div>\t\t\t\t\t\t\t\t<\/div>\n\t\t\t\t<\/div>\n\t\t\t\t<\/div>\n\t\t<div class=\"elementor-element elementor-element-821e539 e-con-full e-flex e-con e-child\" data-id=\"821e539\" data-element_type=\"container\" data-e-type=\"container\">\n\t\t\t\t<div class=\"elementor-element elementor-element-7a8581c elementor-widget elementor-widget-image\" data-id=\"7a8581c\" data-element_type=\"widget\" data-e-type=\"widget\" data-widget_type=\"image.default\">\n\t\t\t\t<div class=\"elementor-widget-container\">\n\t\t\t\t\t\t\t\t\t\t\t\t\t\t\t<img fetchpriority=\"high\" decoding=\"async\" width=\"800\" height=\"668\" src=\"https:\/\/horscadrebeziers.fr\/wp-content\/uploads\/2025\/09\/13-RELIN-1024x855.jpg\" class=\"attachment-large size-large wp-image-726\" alt=\"\" srcset=\"https:\/\/horscadrebeziers.fr\/wp-content\/uploads\/2025\/09\/13-RELIN-1024x855.jpg 1024w, https:\/\/horscadrebeziers.fr\/wp-content\/uploads\/2025\/09\/13-RELIN-300x251.jpg 300w, https:\/\/horscadrebeziers.fr\/wp-content\/uploads\/2025\/09\/13-RELIN-768x641.jpg 768w, https:\/\/horscadrebeziers.fr\/wp-content\/uploads\/2025\/09\/elementor\/thumbs\/13-RELIN-rc4qk1h0xpxpdxcdkq6t4xlopxh7g2qoiz1ljx88eg.jpg 600w, https:\/\/horscadrebeziers.fr\/wp-content\/uploads\/2025\/09\/13-RELIN.jpg 1311w\" sizes=\"(max-width: 800px) 100vw, 800px\" \/>\t\t\t\t\t\t\t\t\t\t\t\t\t\t\t<\/div>\n\t\t\t\t<\/div>\n\t\t\t\t<\/div>\n\t\t\t\t\t<\/div>\n\t\t\t\t<\/div>\n\t\t<div class=\"elementor-element elementor-element-7754128 e-flex e-con-boxed e-con e-parent\" data-id=\"7754128\" data-element_type=\"container\" data-e-type=\"container\">\n\t\t\t\t\t<div class=\"e-con-inner\">\n\t\t\t\t<div class=\"elementor-element elementor-element-fdecded elementor-widget__width-initial elementor-widget elementor-widget-image\" data-id=\"fdecded\" data-element_type=\"widget\" data-e-type=\"widget\" data-widget_type=\"image.default\">\n\t\t\t\t<div class=\"elementor-widget-container\">\n\t\t\t\t\t\t\t\t\t\t\t\t\t\t\t<img decoding=\"async\" width=\"381\" height=\"382\" src=\"https:\/\/horscadrebeziers.fr\/wp-content\/uploads\/2025\/09\/horloge.png\" class=\"attachment-full size-full wp-image-544\" alt=\"\" srcset=\"https:\/\/horscadrebeziers.fr\/wp-content\/uploads\/2025\/09\/horloge.png 381w, https:\/\/horscadrebeziers.fr\/wp-content\/uploads\/2025\/09\/horloge-300x300.png 300w, https:\/\/horscadrebeziers.fr\/wp-content\/uploads\/2025\/09\/horloge-150x150.png 150w\" sizes=\"(max-width: 381px) 100vw, 381px\" \/>\t\t\t\t\t\t\t\t\t\t\t\t\t\t\t<\/div>\n\t\t\t\t<\/div>\n\t\t\t\t<div class=\"elementor-element elementor-element-4418a7e elementor-widget elementor-widget-text-editor\" data-id=\"4418a7e\" data-element_type=\"widget\" data-e-type=\"widget\" data-widget_type=\"text-editor.default\">\n\t\t\t\t<div class=\"elementor-widget-container\">\n\t\t\t\t\t\t\t\t\t<p align=\"left\"><span style=\"color: #000000;\"><span style=\"font-family: Helvetica;\"><span style=\"font-size: medium;\">JEU et VEN : 15h-19h \/SAM : 10h-19h &#8211; Sur rendez-vous : 06 52 41 51 95 <\/span><\/span><\/span><\/p><strong>VERNISSAGE LE 15 OCTOBRE<\/strong>\t\t\t\t\t\t\t\t<\/div>\n\t\t\t\t<\/div>\n\t\t\t\t\t<\/div>\n\t\t\t\t<\/div>\n\t\t<div class=\"elementor-element elementor-element-67a23fc e-flex e-con-boxed e-con e-parent\" data-id=\"67a23fc\" data-element_type=\"container\" data-e-type=\"container\">\n\t\t\t\t\t<div class=\"e-con-inner\">\n\t\t\t\t<div class=\"elementor-element elementor-element-d7b9052 elementor-widget elementor-widget-spacer\" data-id=\"d7b9052\" data-element_type=\"widget\" data-e-type=\"widget\" data-widget_type=\"spacer.default\">\n\t\t\t\t<div class=\"elementor-widget-container\">\n\t\t\t\t\t\t\t<div class=\"elementor-spacer\">\n\t\t\t<div class=\"elementor-spacer-inner\"><\/div>\n\t\t<\/div>\n\t\t\t\t\t\t<\/div>\n\t\t\t\t<\/div>\n\t\t\t\t\t<\/div>\n\t\t\t\t<\/div>\n\t\t<div class=\"elementor-element elementor-element-39f8ebb e-flex e-con-boxed e-con e-parent\" data-id=\"39f8ebb\" data-element_type=\"container\" data-e-type=\"container\" data-settings=\"{&quot;background_background&quot;:&quot;classic&quot;}\">\n\t\t\t\t\t<div class=\"e-con-inner\">\n\t\t\t\t<div class=\"elementor-element elementor-element-c35e0c2 elementor-widget elementor-widget-spacer\" data-id=\"c35e0c2\" data-element_type=\"widget\" data-e-type=\"widget\" data-widget_type=\"spacer.default\">\n\t\t\t\t<div class=\"elementor-widget-container\">\n\t\t\t\t\t\t\t<div class=\"elementor-spacer\">\n\t\t\t<div class=\"elementor-spacer-inner\"><\/div>\n\t\t<\/div>\n\t\t\t\t\t\t<\/div>\n\t\t\t\t<\/div>\n\t\t<div class=\"elementor-element elementor-element-60548a9 e-con-full e-flex e-con e-child\" data-id=\"60548a9\" data-element_type=\"container\" data-e-type=\"container\">\n\t\t\t\t<div class=\"elementor-element elementor-element-89fa01b elementor-widget elementor-widget-heading\" data-id=\"89fa01b\" data-element_type=\"widget\" data-e-type=\"widget\" data-widget_type=\"heading.default\">\n\t\t\t\t<div class=\"elementor-widget-container\">\n\t\t\t\t\t<h2 class=\"elementor-heading-title elementor-size-default\">B\u00c9N\u00c9DICTE BLANC-FONTENILLE<\/h2>\t\t\t\t<\/div>\n\t\t\t\t<\/div>\n\t\t\t\t<div class=\"elementor-element elementor-element-c1dfd83 elementor-widget elementor-widget-heading\" data-id=\"c1dfd83\" data-element_type=\"widget\" data-e-type=\"widget\" data-widget_type=\"heading.default\">\n\t\t\t\t<div class=\"elementor-widget-container\">\n\t\t\t\t\t<h2 class=\"elementor-heading-title elementor-size-default\">ENCHANTEMENT DE L\u2019IMPERMANENCE<\/h2>\t\t\t\t<\/div>\n\t\t\t\t<\/div>\n\t\t\t\t<div class=\"elementor-element elementor-element-db26bcf elementor-widget elementor-widget-spacer\" data-id=\"db26bcf\" data-element_type=\"widget\" data-e-type=\"widget\" data-widget_type=\"spacer.default\">\n\t\t\t\t<div class=\"elementor-widget-container\">\n\t\t\t\t\t\t\t<div class=\"elementor-spacer\">\n\t\t\t<div class=\"elementor-spacer-inner\"><\/div>\n\t\t<\/div>\n\t\t\t\t\t\t<\/div>\n\t\t\t\t<\/div>\n\t\t\t\t<div class=\"elementor-element elementor-element-af4873f elementor-widget__width-initial elementor-widget elementor-widget-text-editor\" data-id=\"af4873f\" data-element_type=\"widget\" data-e-type=\"widget\" data-widget_type=\"text-editor.default\">\n\t\t\t\t<div class=\"elementor-widget-container\">\n\t\t\t\t\t\t\t\t\t<p data-pm-slice=\"0 0 []\">La d\u00e9marche artistique de B\u00e9n\u00e9dicte Blanc-Fontenille est une exploration sensible de la fragilit\u00e9 cr\u00e9atrice de l\u2019impermanence. Elle aborde l\u2019impermanence comme une respiration du monde, un mouvement o\u00f9 la fragilit\u00e9 n\u2019est plus synonyme de faiblesse, mais devient un espace d\u2019\u00e9closion. Ce qui se d\u00e9lite, ce qui se fissure, ce qui dispara\u00eet, engendre d\u2019autres formes, d\u2019autres lectures.<\/p><p data-pm-slice=\"0 0 []\">La beaut\u00e9 r\u00e9side pr\u00e9cis\u00e9ment dans cette instabilit\u00e9, dans cette incapacit\u00e9 \u00e0 se figer. \u00c0 la volont\u00e9 de permanence, elle oppose dans ses photos une esth\u00e9tique de l\u2019instant, de l\u2019\u00e9quilibre fragile. B\u00e9n\u00e9dicte cr\u00e9e des peintures travaill\u00e9es \u00e0 l\u2019encaustique (cire d\u2019abeille+r\u00e9sine Dammar+pigments) qui vont ensuite rejoindre l\u2019eau : mer, lac, rivi\u00e8re.<\/p><p data-pm-slice=\"0 0 []\">Pos\u00e9es sur l&rsquo;eau, elles vont glisser sous la surface. Le soleil, les reflets, les ondulations : tout s\u2019anime. Danse silencieuse entre les peintures et l\u2019eau que B\u00e9n\u00e9dicte saisit dans ses photos. En allant \u00e0 la rencontre de l\u2019eau avec ses peintures, elle rend hommage \u00e0 sa beaut\u00e9 fluide, \u00e0 sa lumi\u00e8re mouvante, \u00e0 sa capacit\u00e9 \u00e0 transformer et r\u00e9v\u00e9ler. Son travail est comme une c\u00e9l\u00e9bration silencieuse de la beaut\u00e9 des choses transitoires \u2014 une tentative de faire de l\u2019impermanence une o\ufb00rande \u00e9ph\u00e9m\u00e8re, un \u00e9merveillement.<\/p><p data-pm-slice=\"0 0 []\">Ainsi, le spectateur est invit\u00e9 \u00e0 abandonner l\u2019id\u00e9e de contr\u00f4le ou de possession, pour entrer dans une contemplation ouverte, poreuse, o\u00f9 l\u2019on accueille ce qui advient, ce qui se m\u00e9tamorphose.<\/p>\t\t\t\t\t\t\t\t<\/div>\n\t\t\t\t<\/div>\n\t\t\t\t<\/div>\n\t\t\t\t\t<\/div>\n\t\t\t\t<\/div>\n\t\t<div class=\"elementor-element elementor-element-7f77de4 e-flex e-con-boxed e-con e-parent\" data-id=\"7f77de4\" data-element_type=\"container\" data-e-type=\"container\" data-settings=\"{&quot;background_background&quot;:&quot;classic&quot;}\">\n\t\t\t\t\t<div class=\"e-con-inner\">\n\t\t\t\t<div class=\"elementor-element elementor-element-d0dada1 elementor-widget elementor-widget-image\" data-id=\"d0dada1\" data-element_type=\"widget\" data-e-type=\"widget\" data-widget_type=\"image.default\">\n\t\t\t\t<div class=\"elementor-widget-container\">\n\t\t\t\t\t\t\t\t\t\t\t\t\t\t\t<img decoding=\"async\" width=\"800\" height=\"558\" src=\"https:\/\/horscadrebeziers.fr\/wp-content\/uploads\/2025\/09\/13-BLANC-1024x714.jpg\" class=\"attachment-large size-large wp-image-900\" alt=\"\" srcset=\"https:\/\/horscadrebeziers.fr\/wp-content\/uploads\/2025\/09\/13-BLANC-1024x714.jpg 1024w, https:\/\/horscadrebeziers.fr\/wp-content\/uploads\/2025\/09\/13-BLANC-300x209.jpg 300w, https:\/\/horscadrebeziers.fr\/wp-content\/uploads\/2025\/09\/13-BLANC-768x535.jpg 768w, https:\/\/horscadrebeziers.fr\/wp-content\/uploads\/2025\/09\/13-BLANC.jpg 1417w\" sizes=\"(max-width: 800px) 100vw, 800px\" \/>\t\t\t\t\t\t\t\t\t\t\t\t\t\t\t<\/div>\n\t\t\t\t<\/div>\n\t\t\t\t<div class=\"elementor-element elementor-element-69c25a0 elementor-widget elementor-widget-spacer\" data-id=\"69c25a0\" data-element_type=\"widget\" data-e-type=\"widget\" data-widget_type=\"spacer.default\">\n\t\t\t\t<div class=\"elementor-widget-container\">\n\t\t\t\t\t\t\t<div class=\"elementor-spacer\">\n\t\t\t<div class=\"elementor-spacer-inner\"><\/div>\n\t\t<\/div>\n\t\t\t\t\t\t<\/div>\n\t\t\t\t<\/div>\n\t\t\t\t<div class=\"elementor-element elementor-element-a3516f6 elementor-widget elementor-widget-spacer\" data-id=\"a3516f6\" data-element_type=\"widget\" data-e-type=\"widget\" data-widget_type=\"spacer.default\">\n\t\t\t\t<div class=\"elementor-widget-container\">\n\t\t\t\t\t\t\t<div class=\"elementor-spacer\">\n\t\t\t<div class=\"elementor-spacer-inner\"><\/div>\n\t\t<\/div>\n\t\t\t\t\t\t<\/div>\n\t\t\t\t<\/div>\n\t\t\t\t\t<\/div>\n\t\t\t\t<\/div>\n\t\t<div class=\"elementor-element elementor-element-cb6d930 e-flex e-con-boxed e-con e-parent\" data-id=\"cb6d930\" data-element_type=\"container\" data-e-type=\"container\" data-settings=\"{&quot;background_background&quot;:&quot;classic&quot;}\">\n\t\t\t\t\t<div class=\"e-con-inner\">\n\t\t<div class=\"elementor-element elementor-element-69ef024 e-con-full e-flex e-con e-child\" data-id=\"69ef024\" data-element_type=\"container\" data-e-type=\"container\">\n\t\t\t\t<div class=\"elementor-element elementor-element-7a06682 elementor-widget elementor-widget-heading\" data-id=\"7a06682\" data-element_type=\"widget\" data-e-type=\"widget\" data-widget_type=\"heading.default\">\n\t\t\t\t<div class=\"elementor-widget-container\">\n\t\t\t\t\t<h2 class=\"elementor-heading-title elementor-size-default\">RUNEDA<\/h2>\t\t\t\t<\/div>\n\t\t\t\t<\/div>\n\t\t\t\t<div class=\"elementor-element elementor-element-8934b6d elementor-widget elementor-widget-heading\" data-id=\"8934b6d\" data-element_type=\"widget\" data-e-type=\"widget\" data-widget_type=\"heading.default\">\n\t\t\t\t<div class=\"elementor-widget-container\">\n\t\t\t\t\t<h2 class=\"elementor-heading-title elementor-size-default\">(\u00c9COUTE) CE QUI SE CACHE DERRI\u00c8RE MA PEAU<\/h2>\t\t\t\t<\/div>\n\t\t\t\t<\/div>\n\t\t\t\t<div class=\"elementor-element elementor-element-e896542 elementor-widget elementor-widget-spacer\" data-id=\"e896542\" data-element_type=\"widget\" data-e-type=\"widget\" data-widget_type=\"spacer.default\">\n\t\t\t\t<div class=\"elementor-widget-container\">\n\t\t\t\t\t\t\t<div class=\"elementor-spacer\">\n\t\t\t<div class=\"elementor-spacer-inner\"><\/div>\n\t\t<\/div>\n\t\t\t\t\t\t<\/div>\n\t\t\t\t<\/div>\n\t\t\t\t<div class=\"elementor-element elementor-element-e51b851 elementor-widget__width-initial elementor-widget elementor-widget-text-editor\" data-id=\"e51b851\" data-element_type=\"widget\" data-e-type=\"widget\" data-widget_type=\"text-editor.default\">\n\t\t\t\t<div class=\"elementor-widget-container\">\n\t\t\t\t\t\t\t\t\t<p data-pm-slice=\"0 0 []\">(\u00c9coute) Ce qui se cache derri\u00e8re ma peau est un projet au long cours initi\u00e9 en 2016, dans lequel je m\u2019efforce d\u2019explorer notre part la plus intime. Inspir\u00e9 du concept psychanalytique du \u00ab Moi-peau \u00bb d\u00e9velopp\u00e9 par Didier Anzieu dans les ann\u00e9es 1970, ce travail s\u2019articule autour de la m\u00e9taphore de la peau psychique, mise en sc\u00e8ne par la photographie et la po\u00e9sie.<\/p><p>La peau \u00e0 la fois enveloppe et costume, devient ici un objet d\u2019interrogation. \u00c0 la fois fragile et sur-mesure, elle nous d\u00e9finit visuellement tout en marquant une fronti\u00e8re fine et poreuse. Elle prot\u00e8ge, se d\u00e9voile ou parfois se transperce, formant un espace liminal entre le monde ext\u00e9rieur et notre int\u00e9riorit\u00e9. Ce projet se d\u00e9cline en trois s\u00e9ries : L\u2019Enveloppe, La Fronti\u00e8re, et Le Lien (en cours).<\/p><p>Lors de ma r\u00e9sidence de recherche \u00e0 Loire-Authion, j\u2019ai souhait\u00e9 enrichir l\u2019exp\u00e9rience de mes \u0153uvres en int\u00e9grant une dimension sonore. Depuis 2022, mes po\u00e8mes prennent la forme de courtes pi\u00e8ces radiophoniques, ouvrant un dialogue vivant entre l\u2019image, le son et le spectateur.<\/p>\t\t\t\t\t\t\t\t<\/div>\n\t\t\t\t<\/div>\n\t\t\t\t<\/div>\n\t\t\t\t\t<\/div>\n\t\t\t\t<\/div>\n\t\t<div class=\"elementor-element elementor-element-80862b2 e-flex e-con-boxed e-con e-parent\" data-id=\"80862b2\" data-element_type=\"container\" data-e-type=\"container\" data-settings=\"{&quot;background_background&quot;:&quot;classic&quot;}\">\n\t\t\t\t\t<div class=\"e-con-inner\">\n\t\t\t\t<div class=\"elementor-element elementor-element-108de0c elementor-widget elementor-widget-image\" data-id=\"108de0c\" data-element_type=\"widget\" data-e-type=\"widget\" data-widget_type=\"image.default\">\n\t\t\t\t<div class=\"elementor-widget-container\">\n\t\t\t\t\t\t\t\t\t\t\t\t\t\t\t<img loading=\"lazy\" decoding=\"async\" width=\"686\" height=\"1024\" src=\"https:\/\/horscadrebeziers.fr\/wp-content\/uploads\/2025\/09\/13_Runeda-686x1024.jpg\" class=\"attachment-large size-large wp-image-901\" alt=\"\" srcset=\"https:\/\/horscadrebeziers.fr\/wp-content\/uploads\/2025\/09\/13_Runeda-686x1024.jpg 686w, https:\/\/horscadrebeziers.fr\/wp-content\/uploads\/2025\/09\/13_Runeda-201x300.jpg 201w, https:\/\/horscadrebeziers.fr\/wp-content\/uploads\/2025\/09\/13_Runeda-768x1147.jpg 768w, https:\/\/horscadrebeziers.fr\/wp-content\/uploads\/2025\/09\/13_Runeda-1029x1536.jpg 1029w, https:\/\/horscadrebeziers.fr\/wp-content\/uploads\/2025\/09\/13_Runeda-1371x2048.jpg 1371w, https:\/\/horscadrebeziers.fr\/wp-content\/uploads\/2025\/09\/13_Runeda.jpg 1417w\" sizes=\"(max-width: 686px) 100vw, 686px\" \/>\t\t\t\t\t\t\t\t\t\t\t\t\t\t\t<\/div>\n\t\t\t\t<\/div>\n\t\t\t\t<div class=\"elementor-element elementor-element-1bfac84 elementor-widget elementor-widget-spacer\" data-id=\"1bfac84\" data-element_type=\"widget\" data-e-type=\"widget\" data-widget_type=\"spacer.default\">\n\t\t\t\t<div class=\"elementor-widget-container\">\n\t\t\t\t\t\t\t<div class=\"elementor-spacer\">\n\t\t\t<div class=\"elementor-spacer-inner\"><\/div>\n\t\t<\/div>\n\t\t\t\t\t\t<\/div>\n\t\t\t\t<\/div>\n\t\t\t\t<div class=\"elementor-element elementor-element-2c44b35 elementor-align-center elementor-widget elementor-widget-button\" data-id=\"2c44b35\" data-element_type=\"widget\" data-e-type=\"widget\" data-widget_type=\"button.default\">\n\t\t\t\t<div class=\"elementor-widget-container\">\n\t\t\t\t\t\t\t\t\t<div class=\"elementor-button-wrapper\">\n\t\t\t\t\t<a class=\"elementor-button elementor-button-link elementor-size-sm\" href=\"https:\/\/horscadrebeziers.fr\/index.php\/exposition\/\">\n\t\t\t\t\t\t<span class=\"elementor-button-content-wrapper\">\n\t\t\t\t\t\t<span class=\"elementor-button-icon\">\n\t\t\t\t<svg aria-hidden=\"true\" class=\"e-font-icon-svg e-fas-map-pin\" viewBox=\"0 0 288 512\" xmlns=\"http:\/\/www.w3.org\/2000\/svg\"><path d=\"M112 316.94v156.69l22.02 33.02c4.75 7.12 15.22 7.12 19.97 0L176 473.63V316.94c-10.39 1.92-21.06 3.06-32 3.06s-21.61-1.14-32-3.06zM144 0C64.47 0 0 64.47 0 144s64.47 144 144 144 144-64.47 144-144S223.53 0 144 0zm0 76c-37.5 0-68 30.5-68 68 0 6.62-5.38 12-12 12s-12-5.38-12-12c0-50.73 41.28-92 92-92 6.62 0 12 5.38 12 12s-5.38 12-12 12z\"><\/path><\/svg>\t\t\t<\/span>\n\t\t\t\t\t\t\t\t\t<span class=\"elementor-button-text\">Voir tous les lieux<\/span>\n\t\t\t\t\t<\/span>\n\t\t\t\t\t<\/a>\n\t\t\t\t<\/div>\n\t\t\t\t\t\t\t\t<\/div>\n\t\t\t\t<\/div>\n\t\t\t\t<div class=\"elementor-element elementor-element-6c4aad8 elementor-widget elementor-widget-spacer\" data-id=\"6c4aad8\" data-element_type=\"widget\" data-e-type=\"widget\" data-widget_type=\"spacer.default\">\n\t\t\t\t<div class=\"elementor-widget-container\">\n\t\t\t\t\t\t\t<div class=\"elementor-spacer\">\n\t\t\t<div class=\"elementor-spacer-inner\"><\/div>\n\t\t<\/div>\n\t\t\t\t\t\t<\/div>\n\t\t\t\t<\/div>\n\t\t\t\t\t<\/div>\n\t\t\t\t<\/div>\n\t\t\t\t<\/div>\n\t\t","protected":false},"excerpt":{"rendered":"<p>EXPOS 13\/ MAISON RELIN L\u2019association \u00ab Les \u00c9cluses de l\u2019Art \u00bb place au c\u0153ur de ses pr\u00e9occupations les activit\u00e9s li\u00e9es \u00e0 la diffusion de la culture et notamment de l\u2019art contemporain. Elle propose trois lieux d\u2019expositions et d\u2019ateliers d\u2019artistes \u00e0 B\u00e9ziers. \u00a0 2 rue Relin, B\u00e9ziers JEU et VEN : 15h-19h \/SAM : 10h-19h &#8211; [&hellip;]<\/p>\n","protected":false},"author":1,"featured_media":0,"parent":0,"menu_order":0,"comment_status":"closed","ping_status":"closed","template":"elementor_header_footer","meta":{"footnotes":""},"class_list":["post-898","page","type-page","status-publish","hentry"],"_links":{"self":[{"href":"https:\/\/horscadrebeziers.fr\/index.php\/wp-json\/wp\/v2\/pages\/898","targetHints":{"allow":["GET"]}}],"collection":[{"href":"https:\/\/horscadrebeziers.fr\/index.php\/wp-json\/wp\/v2\/pages"}],"about":[{"href":"https:\/\/horscadrebeziers.fr\/index.php\/wp-json\/wp\/v2\/types\/page"}],"author":[{"embeddable":true,"href":"https:\/\/horscadrebeziers.fr\/index.php\/wp-json\/wp\/v2\/users\/1"}],"replies":[{"embeddable":true,"href":"https:\/\/horscadrebeziers.fr\/index.php\/wp-json\/wp\/v2\/comments?post=898"}],"version-history":[{"count":19,"href":"https:\/\/horscadrebeziers.fr\/index.php\/wp-json\/wp\/v2\/pages\/898\/revisions"}],"predecessor-version":[{"id":1425,"href":"https:\/\/horscadrebeziers.fr\/index.php\/wp-json\/wp\/v2\/pages\/898\/revisions\/1425"}],"wp:attachment":[{"href":"https:\/\/horscadrebeziers.fr\/index.php\/wp-json\/wp\/v2\/media?parent=898"}],"curies":[{"name":"wp","href":"https:\/\/api.w.org\/{rel}","templated":true}]}}