{"id":905,"date":"2025-09-23T15:37:08","date_gmt":"2025-09-23T13:37:08","guid":{"rendered":"https:\/\/horscadrebeziers.fr\/?page_id=905"},"modified":"2025-10-02T20:44:08","modified_gmt":"2025-10-02T18:44:08","slug":"exposition-14","status":"publish","type":"page","link":"https:\/\/horscadrebeziers.fr\/index.php\/exposition-14\/","title":{"rendered":"Exposition 14"},"content":{"rendered":"\t\t<div data-elementor-type=\"wp-page\" data-elementor-id=\"905\" class=\"elementor elementor-905\" data-elementor-post-type=\"page\">\n\t\t\t\t<div class=\"elementor-element elementor-element-094f97b e-flex e-con-boxed e-con e-parent\" data-id=\"094f97b\" data-element_type=\"container\" data-e-type=\"container\">\n\t\t\t\t\t<div class=\"e-con-inner\">\n\t\t<div class=\"elementor-element elementor-element-b7d9b38 e-con-full e-flex e-con e-child\" data-id=\"b7d9b38\" data-element_type=\"container\" data-e-type=\"container\">\n\t\t\t\t<div class=\"elementor-element elementor-element-552deeb elementor-widget elementor-widget-spacer\" data-id=\"552deeb\" data-element_type=\"widget\" data-e-type=\"widget\" data-widget_type=\"spacer.default\">\n\t\t\t\t<div class=\"elementor-widget-container\">\n\t\t\t\t\t\t\t<div class=\"elementor-spacer\">\n\t\t\t<div class=\"elementor-spacer-inner\"><\/div>\n\t\t<\/div>\n\t\t\t\t\t\t<\/div>\n\t\t\t\t<\/div>\n\t\t\t\t<div class=\"elementor-element elementor-element-5119b97 elementor-widget elementor-widget-text-editor\" data-id=\"5119b97\" data-element_type=\"widget\" data-e-type=\"widget\" data-widget_type=\"text-editor.default\">\n\t\t\t\t<div class=\"elementor-widget-container\">\n\t\t\t\t\t\t\t\t\t<p>EXPOS<\/p>\t\t\t\t\t\t\t\t<\/div>\n\t\t\t\t<\/div>\n\t\t\t\t<div class=\"elementor-element elementor-element-9ef9995 elementor-widget elementor-widget-spacer\" data-id=\"9ef9995\" data-element_type=\"widget\" data-e-type=\"widget\" data-widget_type=\"spacer.default\">\n\t\t\t\t<div class=\"elementor-widget-container\">\n\t\t\t\t\t\t\t<div class=\"elementor-spacer\">\n\t\t\t<div class=\"elementor-spacer-inner\"><\/div>\n\t\t<\/div>\n\t\t\t\t\t\t<\/div>\n\t\t\t\t<\/div>\n\t\t\t\t<\/div>\n\t\t\t\t\t<\/div>\n\t\t\t\t<\/div>\n\t\t<div class=\"elementor-element elementor-element-8dafd25 e-flex e-con-boxed e-con e-parent\" data-id=\"8dafd25\" data-element_type=\"container\" data-e-type=\"container\">\n\t\t\t\t\t<div class=\"e-con-inner\">\n\t\t<div class=\"elementor-element elementor-element-08d562d e-con-full e-flex e-con e-child\" data-id=\"08d562d\" data-element_type=\"container\" data-e-type=\"container\">\n\t\t<div class=\"elementor-element elementor-element-2e3e963 e-con-full e-flex e-con e-child\" data-id=\"2e3e963\" data-element_type=\"container\" data-e-type=\"container\">\n\t\t\t\t<div class=\"elementor-element elementor-element-c230684 elementor-widget elementor-widget-heading\" data-id=\"c230684\" data-element_type=\"widget\" data-e-type=\"widget\" data-widget_type=\"heading.default\">\n\t\t\t\t<div class=\"elementor-widget-container\">\n\t\t\t\t\t<h2 class=\"elementor-heading-title elementor-size-default\">14\/ M\u00c9DIATH\u00c8QUE ANDR\u00c9 MALRAUX<\/h2>\t\t\t\t<\/div>\n\t\t\t\t<\/div>\n\t\t\t\t<\/div>\n\t\t\t\t<div class=\"elementor-element elementor-element-6abdc1d elementor-widget__width-initial elementor-widget elementor-widget-text-editor\" data-id=\"6abdc1d\" data-element_type=\"widget\" data-e-type=\"widget\" data-widget_type=\"text-editor.default\">\n\t\t\t\t<div class=\"elementor-widget-container\">\n\t\t\t\t\t\t\t\t\t<div><span data-olk-copy-source=\"MessageBody\">Ouverte en septembre 2008, la MAM est situ\u00e9e au centre du territoire de l&rsquo;Agglo B\u00e9ziers M\u00e9diterran\u00e9e, sur la place du 14 juillet, \u00e0 c\u00f4t\u00e9 du CIRDOC (Institut occitan de cultura), de l&rsquo;IUT, du centre universitaire Paul Val\u00e9ry et du restaurant universitaire. <\/span><\/div><div>\u00a0<\/div><div><span data-olk-copy-source=\"MessageBody\">235 000 documents constamment r\u00e9actualis\u00e9s sont \u00e0 la disposition de tous.<\/span><\/div><div>\u00a0<\/div><div><p data-pm-slice=\"0 0 []\"><strong>1 place du 14 Juillet &#8211; B\u00e9ziers<\/strong><\/p><\/div>\t\t\t\t\t\t\t\t<\/div>\n\t\t\t\t<\/div>\n\t\t\t\t<\/div>\n\t\t<div class=\"elementor-element elementor-element-09e4c21 e-con-full e-flex e-con e-child\" data-id=\"09e4c21\" data-element_type=\"container\" data-e-type=\"container\">\n\t\t\t\t<div class=\"elementor-element elementor-element-ccff131 elementor-widget elementor-widget-image\" data-id=\"ccff131\" data-element_type=\"widget\" data-e-type=\"widget\" data-widget_type=\"image.default\">\n\t\t\t\t<div class=\"elementor-widget-container\">\n\t\t\t\t\t\t\t\t\t\t\t\t\t\t\t<img fetchpriority=\"high\" decoding=\"async\" width=\"800\" height=\"570\" src=\"https:\/\/horscadrebeziers.fr\/wp-content\/uploads\/2025\/09\/MEDIATHEQUE-1-1024x729.jpg\" class=\"attachment-large size-large wp-image-1203\" alt=\"\" srcset=\"https:\/\/horscadrebeziers.fr\/wp-content\/uploads\/2025\/09\/MEDIATHEQUE-1-1024x729.jpg 1024w, https:\/\/horscadrebeziers.fr\/wp-content\/uploads\/2025\/09\/MEDIATHEQUE-1-300x214.jpg 300w, https:\/\/horscadrebeziers.fr\/wp-content\/uploads\/2025\/09\/MEDIATHEQUE-1-768x547.jpg 768w, https:\/\/horscadrebeziers.fr\/wp-content\/uploads\/2025\/09\/MEDIATHEQUE-1-1536x1094.jpg 1536w, https:\/\/horscadrebeziers.fr\/wp-content\/uploads\/2025\/09\/MEDIATHEQUE-1.jpg 1920w\" sizes=\"(max-width: 800px) 100vw, 800px\" \/>\t\t\t\t\t\t\t\t\t\t\t\t\t\t\t<\/div>\n\t\t\t\t<\/div>\n\t\t\t\t<\/div>\n\t\t\t\t\t<\/div>\n\t\t\t\t<\/div>\n\t\t<div class=\"elementor-element elementor-element-70de657 e-flex e-con-boxed e-con e-parent\" data-id=\"70de657\" data-element_type=\"container\" data-e-type=\"container\">\n\t\t\t\t\t<div class=\"e-con-inner\">\n\t\t\t\t<div class=\"elementor-element elementor-element-0cbe240 elementor-widget__width-initial elementor-widget elementor-widget-image\" data-id=\"0cbe240\" data-element_type=\"widget\" data-e-type=\"widget\" data-widget_type=\"image.default\">\n\t\t\t\t<div class=\"elementor-widget-container\">\n\t\t\t\t\t\t\t\t\t\t\t\t\t\t\t<img decoding=\"async\" width=\"381\" height=\"382\" src=\"https:\/\/horscadrebeziers.fr\/wp-content\/uploads\/2025\/09\/horloge.png\" class=\"attachment-full size-full wp-image-544\" alt=\"\" srcset=\"https:\/\/horscadrebeziers.fr\/wp-content\/uploads\/2025\/09\/horloge.png 381w, https:\/\/horscadrebeziers.fr\/wp-content\/uploads\/2025\/09\/horloge-300x300.png 300w, https:\/\/horscadrebeziers.fr\/wp-content\/uploads\/2025\/09\/horloge-150x150.png 150w\" sizes=\"(max-width: 381px) 100vw, 381px\" \/>\t\t\t\t\t\t\t\t\t\t\t\t\t\t\t<\/div>\n\t\t\t\t<\/div>\n\t\t\t\t<div class=\"elementor-element elementor-element-e66b5dd elementor-widget elementor-widget-text-editor\" data-id=\"e66b5dd\" data-element_type=\"widget\" data-e-type=\"widget\" data-widget_type=\"text-editor.default\">\n\t\t\t\t<div class=\"elementor-widget-container\">\n\t\t\t\t\t\t\t\t\t<p align=\"left\">MAR, MER, VEN, SAM : 10h-18h &#8211; DIM : 14h-18h &#8211; Ferm\u00e9 SAM 11 NOV<\/p>\t\t\t\t\t\t\t\t<\/div>\n\t\t\t\t<\/div>\n\t\t\t\t\t<\/div>\n\t\t\t\t<\/div>\n\t\t<div class=\"elementor-element elementor-element-d730e2e e-flex e-con-boxed e-con e-parent\" data-id=\"d730e2e\" data-element_type=\"container\" data-e-type=\"container\">\n\t\t\t\t\t<div class=\"e-con-inner\">\n\t\t\t\t<div class=\"elementor-element elementor-element-6d8cc58 elementor-widget elementor-widget-spacer\" data-id=\"6d8cc58\" data-element_type=\"widget\" data-e-type=\"widget\" data-widget_type=\"spacer.default\">\n\t\t\t\t<div class=\"elementor-widget-container\">\n\t\t\t\t\t\t\t<div class=\"elementor-spacer\">\n\t\t\t<div class=\"elementor-spacer-inner\"><\/div>\n\t\t<\/div>\n\t\t\t\t\t\t<\/div>\n\t\t\t\t<\/div>\n\t\t\t\t\t<\/div>\n\t\t\t\t<\/div>\n\t\t<div class=\"elementor-element elementor-element-7567fbb e-flex e-con-boxed e-con e-parent\" data-id=\"7567fbb\" data-element_type=\"container\" data-e-type=\"container\" data-settings=\"{&quot;background_background&quot;:&quot;classic&quot;}\">\n\t\t\t\t\t<div class=\"e-con-inner\">\n\t\t\t\t<div class=\"elementor-element elementor-element-a81b5e3 elementor-widget elementor-widget-spacer\" data-id=\"a81b5e3\" data-element_type=\"widget\" data-e-type=\"widget\" data-widget_type=\"spacer.default\">\n\t\t\t\t<div class=\"elementor-widget-container\">\n\t\t\t\t\t\t\t<div class=\"elementor-spacer\">\n\t\t\t<div class=\"elementor-spacer-inner\"><\/div>\n\t\t<\/div>\n\t\t\t\t\t\t<\/div>\n\t\t\t\t<\/div>\n\t\t<div class=\"elementor-element elementor-element-159db01 e-con-full e-flex e-con e-child\" data-id=\"159db01\" data-element_type=\"container\" data-e-type=\"container\">\n\t\t\t\t<div class=\"elementor-element elementor-element-8cc8806 elementor-widget elementor-widget-heading\" data-id=\"8cc8806\" data-element_type=\"widget\" data-e-type=\"widget\" data-widget_type=\"heading.default\">\n\t\t\t\t<div class=\"elementor-widget-container\">\n\t\t\t\t\t<h2 class=\"elementor-heading-title elementor-size-default\">LAURENCE BIAGGI<\/h2>\t\t\t\t<\/div>\n\t\t\t\t<\/div>\n\t\t\t\t<div class=\"elementor-element elementor-element-3b55902 elementor-widget elementor-widget-heading\" data-id=\"3b55902\" data-element_type=\"widget\" data-e-type=\"widget\" data-widget_type=\"heading.default\">\n\t\t\t\t<div class=\"elementor-widget-container\">\n\t\t\t\t\t<h2 class=\"elementor-heading-title elementor-size-default\">\u00c9LOGE DE LA SIMPLICIT\u00c9<\/h2>\t\t\t\t<\/div>\n\t\t\t\t<\/div>\n\t\t\t\t<div class=\"elementor-element elementor-element-859bfb1 elementor-widget elementor-widget-spacer\" data-id=\"859bfb1\" data-element_type=\"widget\" data-e-type=\"widget\" data-widget_type=\"spacer.default\">\n\t\t\t\t<div class=\"elementor-widget-container\">\n\t\t\t\t\t\t\t<div class=\"elementor-spacer\">\n\t\t\t<div class=\"elementor-spacer-inner\"><\/div>\n\t\t<\/div>\n\t\t\t\t\t\t<\/div>\n\t\t\t\t<\/div>\n\t\t\t\t<div class=\"elementor-element elementor-element-c65b392 elementor-widget__width-initial elementor-widget elementor-widget-text-editor\" data-id=\"c65b392\" data-element_type=\"widget\" data-e-type=\"widget\" data-widget_type=\"text-editor.default\">\n\t\t\t\t<div class=\"elementor-widget-container\">\n\t\t\t\t\t\t\t\t\t<p data-pm-slice=\"0 0 []\">Le travail de Laurence Biaggi replace l&rsquo;individu \u00e0 l\u2019\u00e9chelle du monde qui l\u2019entoure. Il \u00e9voque avec force l\u2019unicit\u00e9 du lien qui existe entre chaque homme et son environnement. Elle sugg\u00e8re une interpr\u00e9tation de ses images, sans jamais l\u2019imposer. Son approche est essentiellement sensible, concentr\u00e9e sur les multiples et subtiles variations de la lumi\u00e8re et de la couleur.<\/p><p data-pm-slice=\"0 0 []\">Ses photographies incitent au toucher, \u00e0 la sensorialit\u00e9 et r\u00e9sonnent ainsi avec nos \u00e9motions. Laurence Biaggi d\u00e9marre sa carri\u00e8re de photographe avec une exposition du Cap Corse (M\u00e9ria 2012). Son travail a \u00e9t\u00e9 montr\u00e9 \u00e0 la Polka Factory (Paris, 2024) et \u00e0 AAF (Affordable Art Fair, Bruxelles, 2025) avec la Galerie Nea d&rsquo;Aix-en- Provence.<\/p>\t\t\t\t\t\t\t\t<\/div>\n\t\t\t\t<\/div>\n\t\t\t\t<\/div>\n\t\t\t\t\t<\/div>\n\t\t\t\t<\/div>\n\t\t<div class=\"elementor-element elementor-element-fe794c8 e-flex e-con-boxed e-con e-parent\" data-id=\"fe794c8\" data-element_type=\"container\" data-e-type=\"container\" data-settings=\"{&quot;background_background&quot;:&quot;classic&quot;}\">\n\t\t\t\t\t<div class=\"e-con-inner\">\n\t\t\t\t<div class=\"elementor-element elementor-element-9cacc62 elementor-widget elementor-widget-image\" data-id=\"9cacc62\" data-element_type=\"widget\" data-e-type=\"widget\" data-widget_type=\"image.default\">\n\t\t\t\t<div class=\"elementor-widget-container\">\n\t\t\t\t\t\t\t\t\t\t\t\t\t\t\t<img decoding=\"async\" width=\"800\" height=\"534\" src=\"https:\/\/horscadrebeziers.fr\/wp-content\/uploads\/2025\/09\/14--1024x683.jpg\" class=\"attachment-large size-large wp-image-907\" alt=\"\" srcset=\"https:\/\/horscadrebeziers.fr\/wp-content\/uploads\/2025\/09\/14--1024x683.jpg 1024w, https:\/\/horscadrebeziers.fr\/wp-content\/uploads\/2025\/09\/14--300x200.jpg 300w, https:\/\/horscadrebeziers.fr\/wp-content\/uploads\/2025\/09\/14--768x512.jpg 768w, https:\/\/horscadrebeziers.fr\/wp-content\/uploads\/2025\/09\/14-.jpg 1417w\" sizes=\"(max-width: 800px) 100vw, 800px\" \/>\t\t\t\t\t\t\t\t\t\t\t\t\t\t\t<\/div>\n\t\t\t\t<\/div>\n\t\t\t\t<div class=\"elementor-element elementor-element-5eb333b elementor-widget elementor-widget-spacer\" data-id=\"5eb333b\" data-element_type=\"widget\" data-e-type=\"widget\" data-widget_type=\"spacer.default\">\n\t\t\t\t<div class=\"elementor-widget-container\">\n\t\t\t\t\t\t\t<div class=\"elementor-spacer\">\n\t\t\t<div class=\"elementor-spacer-inner\"><\/div>\n\t\t<\/div>\n\t\t\t\t\t\t<\/div>\n\t\t\t\t<\/div>\n\t\t\t\t<div class=\"elementor-element elementor-element-ee8426d elementor-widget elementor-widget-spacer\" data-id=\"ee8426d\" data-element_type=\"widget\" data-e-type=\"widget\" data-widget_type=\"spacer.default\">\n\t\t\t\t<div class=\"elementor-widget-container\">\n\t\t\t\t\t\t\t<div class=\"elementor-spacer\">\n\t\t\t<div class=\"elementor-spacer-inner\"><\/div>\n\t\t<\/div>\n\t\t\t\t\t\t<\/div>\n\t\t\t\t<\/div>\n\t\t\t\t\t<\/div>\n\t\t\t\t<\/div>\n\t\t<div class=\"elementor-element elementor-element-53686ac e-flex e-con-boxed e-con e-parent\" data-id=\"53686ac\" data-element_type=\"container\" data-e-type=\"container\" data-settings=\"{&quot;background_background&quot;:&quot;classic&quot;}\">\n\t\t\t\t\t<div class=\"e-con-inner\">\n\t\t<div class=\"elementor-element elementor-element-474d1fc e-con-full e-flex e-con e-child\" data-id=\"474d1fc\" data-element_type=\"container\" data-e-type=\"container\">\n\t\t\t\t<div class=\"elementor-element elementor-element-143eaed elementor-widget elementor-widget-heading\" data-id=\"143eaed\" data-element_type=\"widget\" data-e-type=\"widget\" data-widget_type=\"heading.default\">\n\t\t\t\t<div class=\"elementor-widget-container\">\n\t\t\t\t\t<h2 class=\"elementor-heading-title elementor-size-default\">\u00c9TUDIANTS DE l\u2019IUT DE B\u00c9ZIERS<\/h2>\t\t\t\t<\/div>\n\t\t\t\t<\/div>\n\t\t\t\t<div class=\"elementor-element elementor-element-23ef5e5 elementor-widget elementor-widget-heading\" data-id=\"23ef5e5\" data-element_type=\"widget\" data-e-type=\"widget\" data-widget_type=\"heading.default\">\n\t\t\t\t<div class=\"elementor-widget-container\">\n\t\t\t\t\t<h2 class=\"elementor-heading-title elementor-size-default\">LES FLEURS DU MAL<\/h2>\t\t\t\t<\/div>\n\t\t\t\t<\/div>\n\t\t\t\t<div class=\"elementor-element elementor-element-b505053 elementor-widget elementor-widget-spacer\" data-id=\"b505053\" data-element_type=\"widget\" data-e-type=\"widget\" data-widget_type=\"spacer.default\">\n\t\t\t\t<div class=\"elementor-widget-container\">\n\t\t\t\t\t\t\t<div class=\"elementor-spacer\">\n\t\t\t<div class=\"elementor-spacer-inner\"><\/div>\n\t\t<\/div>\n\t\t\t\t\t\t<\/div>\n\t\t\t\t<\/div>\n\t\t\t\t<div class=\"elementor-element elementor-element-46ba6e6 elementor-widget__width-initial elementor-widget elementor-widget-text-editor\" data-id=\"46ba6e6\" data-element_type=\"widget\" data-e-type=\"widget\" data-widget_type=\"text-editor.default\">\n\t\t\t\t<div class=\"elementor-widget-container\">\n\t\t\t\t\t\t\t\t\t<p data-pm-slice=\"0 0 []\">Dans le cadre d\u2019un cours d\u2019expression communication culture, les \u00e9tudiants en 2\u00e8me ann\u00e9e du d\u00e9partement Techniques de commercialisation de l\u2019IUT de B\u00e9ziers ont cr\u00e9\u00e9 une exposition photographique inspir\u00e9e des po\u00e8mes du recueil Les Fleurs du Mal de Charles Baudelaire.<\/p><p>Pour la r\u00e9alisation de ce projet culturel, ils ont \u00e9t\u00e9 encadr\u00e9s par Sandy Blanco, professeur de cin\u00e9ma et d\u2019audiovisuel \u00e0 l\u2019IUT de B\u00e9ziers et par Sandrine Grenier, ma\u00eetre de conf\u00e9rences en droit priv\u00e9 \u00e0 l\u2019IUT de B\u00e9ziers et directrice des \u00e9tudes en TC.<\/p><p>L\u2019exposition Les Fleurs du Mal est n\u00e9e de la volont\u00e9 de d\u00e9velopper les connaissances culturelles des \u00e9tudiants et de leur donner l\u2019opportunit\u00e9 d\u2019exprimer leur perception d\u2019une \u0153uvre po\u00e9tique en produisant \u00e0 leur tour une \u0153uvre, cette fois-ci photographique.<\/p><p>Les artistes ont d\u00fb, au pr\u00e9alable, r\u00e9aliser un travail minutieux de pr\u00e9paration bas\u00e9 sur la connaissance de la vie de Charles Baudelaire et se questionner sur les sp\u00e9cificit\u00e9s po\u00e9tiques de cet auteur.<\/p><p>Chaque groupe d\u2019\u00e9tudiants a ensuite d\u00fb penser la composition d\u2019une photographie autour de l\u2019un des po\u00e8mes choisis en pr\u00eatant une attention particuli\u00e8re au choix des lieux, costumes et accessoires afin que les r\u00e9alisations finales soient impr\u00e9gn\u00e9es de l\u2019atmosph\u00e8re souhait\u00e9e.<\/p>\t\t\t\t\t\t\t\t<\/div>\n\t\t\t\t<\/div>\n\t\t\t\t<\/div>\n\t\t\t\t\t<\/div>\n\t\t\t\t<\/div>\n\t\t<div class=\"elementor-element elementor-element-761f00c e-flex e-con-boxed e-con e-parent\" data-id=\"761f00c\" data-element_type=\"container\" data-e-type=\"container\" data-settings=\"{&quot;background_background&quot;:&quot;classic&quot;}\">\n\t\t\t\t\t<div class=\"e-con-inner\">\n\t\t\t\t<div class=\"elementor-element elementor-element-ca86ea8 elementor-widget elementor-widget-image\" data-id=\"ca86ea8\" data-element_type=\"widget\" data-e-type=\"widget\" data-widget_type=\"image.default\">\n\t\t\t\t<div class=\"elementor-widget-container\">\n\t\t\t\t\t\t\t\t\t\t\t\t\t\t\t<img loading=\"lazy\" decoding=\"async\" width=\"679\" height=\"1024\" src=\"https:\/\/horscadrebeziers.fr\/wp-content\/uploads\/2025\/09\/14-ETUDIANT-679x1024.jpg\" class=\"attachment-large size-large wp-image-1030\" alt=\"\" srcset=\"https:\/\/horscadrebeziers.fr\/wp-content\/uploads\/2025\/09\/14-ETUDIANT-679x1024.jpg 679w, https:\/\/horscadrebeziers.fr\/wp-content\/uploads\/2025\/09\/14-ETUDIANT-199x300.jpg 199w, https:\/\/horscadrebeziers.fr\/wp-content\/uploads\/2025\/09\/14-ETUDIANT-768x1158.jpg 768w, https:\/\/horscadrebeziers.fr\/wp-content\/uploads\/2025\/09\/14-ETUDIANT-1018x1536.jpg 1018w, https:\/\/horscadrebeziers.fr\/wp-content\/uploads\/2025\/09\/14-ETUDIANT.jpg 1076w\" sizes=\"(max-width: 679px) 100vw, 679px\" \/>\t\t\t\t\t\t\t\t\t\t\t\t\t\t\t<\/div>\n\t\t\t\t<\/div>\n\t\t\t\t<div class=\"elementor-element elementor-element-dc2825f elementor-widget elementor-widget-spacer\" data-id=\"dc2825f\" data-element_type=\"widget\" data-e-type=\"widget\" data-widget_type=\"spacer.default\">\n\t\t\t\t<div class=\"elementor-widget-container\">\n\t\t\t\t\t\t\t<div class=\"elementor-spacer\">\n\t\t\t<div class=\"elementor-spacer-inner\"><\/div>\n\t\t<\/div>\n\t\t\t\t\t\t<\/div>\n\t\t\t\t<\/div>\n\t\t\t\t<div class=\"elementor-element elementor-element-fe4ecf0 elementor-align-center elementor-widget elementor-widget-button\" data-id=\"fe4ecf0\" data-element_type=\"widget\" data-e-type=\"widget\" data-widget_type=\"button.default\">\n\t\t\t\t<div class=\"elementor-widget-container\">\n\t\t\t\t\t\t\t\t\t<div class=\"elementor-button-wrapper\">\n\t\t\t\t\t<a class=\"elementor-button elementor-button-link elementor-size-sm\" href=\"https:\/\/horscadrebeziers.fr\/index.php\/exposition\/\">\n\t\t\t\t\t\t<span class=\"elementor-button-content-wrapper\">\n\t\t\t\t\t\t<span class=\"elementor-button-icon\">\n\t\t\t\t<svg aria-hidden=\"true\" class=\"e-font-icon-svg e-fas-map-pin\" viewBox=\"0 0 288 512\" xmlns=\"http:\/\/www.w3.org\/2000\/svg\"><path d=\"M112 316.94v156.69l22.02 33.02c4.75 7.12 15.22 7.12 19.97 0L176 473.63V316.94c-10.39 1.92-21.06 3.06-32 3.06s-21.61-1.14-32-3.06zM144 0C64.47 0 0 64.47 0 144s64.47 144 144 144 144-64.47 144-144S223.53 0 144 0zm0 76c-37.5 0-68 30.5-68 68 0 6.62-5.38 12-12 12s-12-5.38-12-12c0-50.73 41.28-92 92-92 6.62 0 12 5.38 12 12s-5.38 12-12 12z\"><\/path><\/svg>\t\t\t<\/span>\n\t\t\t\t\t\t\t\t\t<span class=\"elementor-button-text\">Voir tous les lieux<\/span>\n\t\t\t\t\t<\/span>\n\t\t\t\t\t<\/a>\n\t\t\t\t<\/div>\n\t\t\t\t\t\t\t\t<\/div>\n\t\t\t\t<\/div>\n\t\t\t\t<div class=\"elementor-element elementor-element-d6f7e71 elementor-widget elementor-widget-spacer\" data-id=\"d6f7e71\" data-element_type=\"widget\" data-e-type=\"widget\" data-widget_type=\"spacer.default\">\n\t\t\t\t<div class=\"elementor-widget-container\">\n\t\t\t\t\t\t\t<div class=\"elementor-spacer\">\n\t\t\t<div class=\"elementor-spacer-inner\"><\/div>\n\t\t<\/div>\n\t\t\t\t\t\t<\/div>\n\t\t\t\t<\/div>\n\t\t\t\t\t<\/div>\n\t\t\t\t<\/div>\n\t\t\t\t<\/div>\n\t\t","protected":false},"excerpt":{"rendered":"<p>EXPOS 14\/ M\u00c9DIATH\u00c8QUE ANDR\u00c9 MALRAUX Ouverte en septembre 2008, la MAM est situ\u00e9e au centre du territoire de l&rsquo;Agglo B\u00e9ziers M\u00e9diterran\u00e9e, sur la place du 14 juillet, \u00e0 c\u00f4t\u00e9 du CIRDOC (Institut occitan de cultura), de l&rsquo;IUT, du centre universitaire Paul Val\u00e9ry et du restaurant universitaire. \u00a0235 000 documents constamment r\u00e9actualis\u00e9s sont \u00e0 la disposition [&hellip;]<\/p>\n","protected":false},"author":1,"featured_media":0,"parent":0,"menu_order":0,"comment_status":"closed","ping_status":"closed","template":"elementor_header_footer","meta":{"footnotes":""},"class_list":["post-905","page","type-page","status-publish","hentry"],"_links":{"self":[{"href":"https:\/\/horscadrebeziers.fr\/index.php\/wp-json\/wp\/v2\/pages\/905","targetHints":{"allow":["GET"]}}],"collection":[{"href":"https:\/\/horscadrebeziers.fr\/index.php\/wp-json\/wp\/v2\/pages"}],"about":[{"href":"https:\/\/horscadrebeziers.fr\/index.php\/wp-json\/wp\/v2\/types\/page"}],"author":[{"embeddable":true,"href":"https:\/\/horscadrebeziers.fr\/index.php\/wp-json\/wp\/v2\/users\/1"}],"replies":[{"embeddable":true,"href":"https:\/\/horscadrebeziers.fr\/index.php\/wp-json\/wp\/v2\/comments?post=905"}],"version-history":[{"count":16,"href":"https:\/\/horscadrebeziers.fr\/index.php\/wp-json\/wp\/v2\/pages\/905\/revisions"}],"predecessor-version":[{"id":1356,"href":"https:\/\/horscadrebeziers.fr\/index.php\/wp-json\/wp\/v2\/pages\/905\/revisions\/1356"}],"wp:attachment":[{"href":"https:\/\/horscadrebeziers.fr\/index.php\/wp-json\/wp\/v2\/media?parent=905"}],"curies":[{"name":"wp","href":"https:\/\/api.w.org\/{rel}","templated":true}]}}