{"id":914,"date":"2025-09-23T15:45:35","date_gmt":"2025-09-23T13:45:35","guid":{"rendered":"https:\/\/horscadrebeziers.fr\/?page_id=914"},"modified":"2025-10-02T20:35:07","modified_gmt":"2025-10-02T18:35:07","slug":"exposition-15","status":"publish","type":"page","link":"https:\/\/horscadrebeziers.fr\/index.php\/exposition-15\/","title":{"rendered":"Exposition 15"},"content":{"rendered":"\t\t<div data-elementor-type=\"wp-page\" data-elementor-id=\"914\" class=\"elementor elementor-914\" data-elementor-post-type=\"page\">\n\t\t\t\t<div class=\"elementor-element elementor-element-5a5f422 e-flex e-con-boxed e-con e-parent\" data-id=\"5a5f422\" data-element_type=\"container\" data-e-type=\"container\">\n\t\t\t\t\t<div class=\"e-con-inner\">\n\t\t<div class=\"elementor-element elementor-element-a818754 e-con-full e-flex e-con e-child\" data-id=\"a818754\" data-element_type=\"container\" data-e-type=\"container\">\n\t\t\t\t<div class=\"elementor-element elementor-element-255e54e elementor-widget elementor-widget-spacer\" data-id=\"255e54e\" data-element_type=\"widget\" data-e-type=\"widget\" data-widget_type=\"spacer.default\">\n\t\t\t\t<div class=\"elementor-widget-container\">\n\t\t\t\t\t\t\t<div class=\"elementor-spacer\">\n\t\t\t<div class=\"elementor-spacer-inner\"><\/div>\n\t\t<\/div>\n\t\t\t\t\t\t<\/div>\n\t\t\t\t<\/div>\n\t\t\t\t<div class=\"elementor-element elementor-element-22e14a2 elementor-widget elementor-widget-text-editor\" data-id=\"22e14a2\" data-element_type=\"widget\" data-e-type=\"widget\" data-widget_type=\"text-editor.default\">\n\t\t\t\t<div class=\"elementor-widget-container\">\n\t\t\t\t\t\t\t\t\t<p>EXPOS<\/p>\t\t\t\t\t\t\t\t<\/div>\n\t\t\t\t<\/div>\n\t\t\t\t<div class=\"elementor-element elementor-element-769d2c2 elementor-widget elementor-widget-spacer\" data-id=\"769d2c2\" data-element_type=\"widget\" data-e-type=\"widget\" data-widget_type=\"spacer.default\">\n\t\t\t\t<div class=\"elementor-widget-container\">\n\t\t\t\t\t\t\t<div class=\"elementor-spacer\">\n\t\t\t<div class=\"elementor-spacer-inner\"><\/div>\n\t\t<\/div>\n\t\t\t\t\t\t<\/div>\n\t\t\t\t<\/div>\n\t\t\t\t<\/div>\n\t\t\t\t\t<\/div>\n\t\t\t\t<\/div>\n\t\t<div class=\"elementor-element elementor-element-ba3769d e-flex e-con-boxed e-con e-parent\" data-id=\"ba3769d\" data-element_type=\"container\" data-e-type=\"container\">\n\t\t\t\t\t<div class=\"e-con-inner\">\n\t\t<div class=\"elementor-element elementor-element-c11b4ef e-con-full e-flex e-con e-child\" data-id=\"c11b4ef\" data-element_type=\"container\" data-e-type=\"container\">\n\t\t<div class=\"elementor-element elementor-element-20b75b6 e-con-full e-flex e-con e-child\" data-id=\"20b75b6\" data-element_type=\"container\" data-e-type=\"container\">\n\t\t\t\t<div class=\"elementor-element elementor-element-e725540 elementor-widget elementor-widget-heading\" data-id=\"e725540\" data-element_type=\"widget\" data-e-type=\"widget\" data-widget_type=\"heading.default\">\n\t\t\t\t<div class=\"elementor-widget-container\">\n\t\t\t\t\t<h2 class=\"elementor-heading-title elementor-size-default\">15\/ MUS\u00c9E TAURIN<\/h2>\t\t\t\t<\/div>\n\t\t\t\t<\/div>\n\t\t\t\t<\/div>\n\t\t\t\t<div class=\"elementor-element elementor-element-9669f21 elementor-widget__width-initial elementor-widget elementor-widget-text-editor\" data-id=\"9669f21\" data-element_type=\"widget\" data-e-type=\"widget\" data-widget_type=\"text-editor.default\">\n\t\t\t\t<div class=\"elementor-widget-container\">\n\t\t\t\t\t\t\t\t\t<div><p data-pm-slice=\"0 0 []\">Depuis juin 2015, l\u2019ancien couvent des Dominicains, rue Massol, abrite le nouveau Mus\u00e9e taurin de la ville.<\/p><p data-pm-slice=\"0 0 []\">Les collections, pour la plus grande partie propri\u00e9t\u00e9 de l\u2019Union taurine biterroise, permettent de comprendre et de mesurer l\u2019importance de la culture taurine \u00e0 B\u00e9ziers, tout en rappelant l\u2019histoire fran\u00e7aise, mais aussi espagnole de la tauromachie dans l\u2019univers des peintres.<\/p><p>La salle Francisco de Goya rec\u00e8le quarante eaux-fortes de la s\u00e9rie La tauromaquia, troisi\u00e8me \u00e9dition r\u00e9alis\u00e9e \u00e0 partir des originaux en 1876 \u00e0 Paris par Loizelet. C\u2019est un v\u00e9ritable tr\u00e9sor pictural permettant, tel un reportage, de voir la corrida \u2013 du campo \u00e0 l\u2019arrastre \u2013 telle qu\u2019elle fut pratiqu\u00e9e en Espagne \u00e0 la fin du XVIIIe et au d\u00e9but du XIXe si\u00e8cles.<\/p><\/div><div>\u00a0<\/div><div><p data-pm-slice=\"0 0 []\"><strong>7 rue Massol, B\u00e9ziers<\/strong><\/p><\/div>\t\t\t\t\t\t\t\t<\/div>\n\t\t\t\t<\/div>\n\t\t\t\t<\/div>\n\t\t<div class=\"elementor-element elementor-element-12a2f41 e-con-full e-flex e-con e-child\" data-id=\"12a2f41\" data-element_type=\"container\" data-e-type=\"container\">\n\t\t\t\t<div class=\"elementor-element elementor-element-8c7bd54 elementor-widget elementor-widget-image\" data-id=\"8c7bd54\" data-element_type=\"widget\" data-e-type=\"widget\" data-widget_type=\"image.default\">\n\t\t\t\t<div class=\"elementor-widget-container\">\n\t\t\t\t\t\t\t\t\t\t\t\t\t\t\t<img fetchpriority=\"high\" decoding=\"async\" width=\"800\" height=\"570\" src=\"https:\/\/horscadrebeziers.fr\/wp-content\/uploads\/2025\/09\/15-MUSEE-TAURIN-1024x729.jpg\" class=\"attachment-large size-large wp-image-1253\" alt=\"\" srcset=\"https:\/\/horscadrebeziers.fr\/wp-content\/uploads\/2025\/09\/15-MUSEE-TAURIN-1024x729.jpg 1024w, https:\/\/horscadrebeziers.fr\/wp-content\/uploads\/2025\/09\/15-MUSEE-TAURIN-300x214.jpg 300w, https:\/\/horscadrebeziers.fr\/wp-content\/uploads\/2025\/09\/15-MUSEE-TAURIN-768x547.jpg 768w, https:\/\/horscadrebeziers.fr\/wp-content\/uploads\/2025\/09\/15-MUSEE-TAURIN-1536x1094.jpg 1536w, https:\/\/horscadrebeziers.fr\/wp-content\/uploads\/2025\/09\/15-MUSEE-TAURIN.jpg 1920w\" sizes=\"(max-width: 800px) 100vw, 800px\" \/>\t\t\t\t\t\t\t\t\t\t\t\t\t\t\t<\/div>\n\t\t\t\t<\/div>\n\t\t\t\t<\/div>\n\t\t\t\t\t<\/div>\n\t\t\t\t<\/div>\n\t\t<div class=\"elementor-element elementor-element-a697c8c e-flex e-con-boxed e-con e-parent\" data-id=\"a697c8c\" data-element_type=\"container\" data-e-type=\"container\">\n\t\t\t\t\t<div class=\"e-con-inner\">\n\t\t\t\t<div class=\"elementor-element elementor-element-43e3514 elementor-widget__width-initial elementor-widget elementor-widget-image\" data-id=\"43e3514\" data-element_type=\"widget\" data-e-type=\"widget\" data-widget_type=\"image.default\">\n\t\t\t\t<div class=\"elementor-widget-container\">\n\t\t\t\t\t\t\t\t\t\t\t\t\t\t\t<img decoding=\"async\" width=\"381\" height=\"382\" src=\"https:\/\/horscadrebeziers.fr\/wp-content\/uploads\/2025\/09\/horloge.png\" class=\"attachment-full size-full wp-image-544\" alt=\"\" srcset=\"https:\/\/horscadrebeziers.fr\/wp-content\/uploads\/2025\/09\/horloge.png 381w, https:\/\/horscadrebeziers.fr\/wp-content\/uploads\/2025\/09\/horloge-300x300.png 300w, https:\/\/horscadrebeziers.fr\/wp-content\/uploads\/2025\/09\/horloge-150x150.png 150w\" sizes=\"(max-width: 381px) 100vw, 381px\" \/>\t\t\t\t\t\t\t\t\t\t\t\t\t\t\t<\/div>\n\t\t\t\t<\/div>\n\t\t\t\t<div class=\"elementor-element elementor-element-c5af408 elementor-widget elementor-widget-text-editor\" data-id=\"c5af408\" data-element_type=\"widget\" data-e-type=\"widget\" data-widget_type=\"text-editor.default\">\n\t\t\t\t<div class=\"elementor-widget-container\">\n\t\t\t\t\t\t\t\t\t<p align=\"left\">JEU et VEN : 15h-19h &#8211; SAM (et DIM 12 OCT) : 10h-19h<\/p>\t\t\t\t\t\t\t\t<\/div>\n\t\t\t\t<\/div>\n\t\t\t\t\t<\/div>\n\t\t\t\t<\/div>\n\t\t<div class=\"elementor-element elementor-element-d8ba76e e-flex e-con-boxed e-con e-parent\" data-id=\"d8ba76e\" data-element_type=\"container\" data-e-type=\"container\">\n\t\t\t\t\t<div class=\"e-con-inner\">\n\t\t\t\t<div class=\"elementor-element elementor-element-2270128 elementor-widget elementor-widget-spacer\" data-id=\"2270128\" data-element_type=\"widget\" data-e-type=\"widget\" data-widget_type=\"spacer.default\">\n\t\t\t\t<div class=\"elementor-widget-container\">\n\t\t\t\t\t\t\t<div class=\"elementor-spacer\">\n\t\t\t<div class=\"elementor-spacer-inner\"><\/div>\n\t\t<\/div>\n\t\t\t\t\t\t<\/div>\n\t\t\t\t<\/div>\n\t\t\t\t\t<\/div>\n\t\t\t\t<\/div>\n\t\t<div class=\"elementor-element elementor-element-d6743d9 e-flex e-con-boxed e-con e-parent\" data-id=\"d6743d9\" data-element_type=\"container\" data-e-type=\"container\" data-settings=\"{&quot;background_background&quot;:&quot;classic&quot;}\">\n\t\t\t\t\t<div class=\"e-con-inner\">\n\t\t\t\t<div class=\"elementor-element elementor-element-9316c1b elementor-widget elementor-widget-spacer\" data-id=\"9316c1b\" data-element_type=\"widget\" data-e-type=\"widget\" data-widget_type=\"spacer.default\">\n\t\t\t\t<div class=\"elementor-widget-container\">\n\t\t\t\t\t\t\t<div class=\"elementor-spacer\">\n\t\t\t<div class=\"elementor-spacer-inner\"><\/div>\n\t\t<\/div>\n\t\t\t\t\t\t<\/div>\n\t\t\t\t<\/div>\n\t\t<div class=\"elementor-element elementor-element-0a8611f e-con-full e-flex e-con e-child\" data-id=\"0a8611f\" data-element_type=\"container\" data-e-type=\"container\">\n\t\t\t\t<div class=\"elementor-element elementor-element-d6b427d elementor-widget elementor-widget-heading\" data-id=\"d6b427d\" data-element_type=\"widget\" data-e-type=\"widget\" data-widget_type=\"heading.default\">\n\t\t\t\t<div class=\"elementor-widget-container\">\n\t\t\t\t\t<h2 class=\"elementor-heading-title elementor-size-default\">GA\u00cbTAN VIDAL<\/h2>\t\t\t\t<\/div>\n\t\t\t\t<\/div>\n\t\t\t\t<div class=\"elementor-element elementor-element-309298c elementor-widget elementor-widget-heading\" data-id=\"309298c\" data-element_type=\"widget\" data-e-type=\"widget\" data-widget_type=\"heading.default\">\n\t\t\t\t<div class=\"elementor-widget-container\">\n\t\t\t\t\t<h2 class=\"elementor-heading-title elementor-size-default\">L\u00c0 O\u00d9 L\u2019OURS EST ROI<\/h2>\t\t\t\t<\/div>\n\t\t\t\t<\/div>\n\t\t\t\t<div class=\"elementor-element elementor-element-9f91404 elementor-widget elementor-widget-spacer\" data-id=\"9f91404\" data-element_type=\"widget\" data-e-type=\"widget\" data-widget_type=\"spacer.default\">\n\t\t\t\t<div class=\"elementor-widget-container\">\n\t\t\t\t\t\t\t<div class=\"elementor-spacer\">\n\t\t\t<div class=\"elementor-spacer-inner\"><\/div>\n\t\t<\/div>\n\t\t\t\t\t\t<\/div>\n\t\t\t\t<\/div>\n\t\t\t\t<div class=\"elementor-element elementor-element-18ed7b9 elementor-widget__width-initial elementor-widget elementor-widget-text-editor\" data-id=\"18ed7b9\" data-element_type=\"widget\" data-e-type=\"widget\" data-widget_type=\"text-editor.default\">\n\t\t\t\t<div class=\"elementor-widget-container\">\n\t\t\t\t\t\t\t\t\t<p data-pm-slice=\"0 0 []\">Depuis 8 ans, je pars \u00e0 l\u2019 automne dans le Grand Nord Canadien et l\u2019Alaska pour observer les Ours.<\/p><p>Cette s\u00e9rie de photographies vous am\u00e8ne dans une contr\u00e9e lointaine, dans la for\u00eat pluviale du Sud-Est de l\u2019Alaska, territoire du peuple Tlingit, l\u00e0 o\u00f9 l\u2019Ours est roi. L\u2019automne est une p\u00e9riode de l\u2019ann\u00e9e importante pour la biodiversit\u00e9 du Grand Nord.<\/p><p>Apr\u00e8s avoir effectu\u00e9 un voyage extraordinaire de plusieurs milliers de kilom\u00e8tres, les derniers saumons remontent les rivi\u00e8res pour revenir \u00e0 l&rsquo;endroit o\u00f9 ils sont n\u00e9s afin de d\u00e9poser leurs \u0153ufs. Beaucoup d\u2019animaux d\u00e9pendent du cycle du saumon.<\/p><p>Les Ours sont des p\u00eacheurs hors pairs, ils sont les premiers \u00e0 se d\u00e9lecter des parties les plus grasses de ce poisson. Puis interviennent loups c\u00f4tiers, Aigles, rongeurs\u2026<\/p><p>Ensuite les restes se d\u00e9composent lentement en bordure de for\u00eat, diss\u00e9minant de l&rsquo;azote et du phosphore. Les plantes et les arbres s&rsquo;en nourrissent.<\/p><p>Depuis plusieurs ann\u00e9es, le nombres de saumons diminue, la surp\u00eache et la polution des eaux sont leurs principales menaces. Pr\u00e9servons ce joyau dans lequel nous vivons.<\/p>\t\t\t\t\t\t\t\t<\/div>\n\t\t\t\t<\/div>\n\t\t\t\t<\/div>\n\t\t\t\t\t<\/div>\n\t\t\t\t<\/div>\n\t\t<div class=\"elementor-element elementor-element-badcbd4 e-flex e-con-boxed e-con e-parent\" data-id=\"badcbd4\" data-element_type=\"container\" data-e-type=\"container\" data-settings=\"{&quot;background_background&quot;:&quot;classic&quot;}\">\n\t\t\t\t\t<div class=\"e-con-inner\">\n\t\t\t\t<div class=\"elementor-element elementor-element-d97cb70 elementor-widget elementor-widget-image\" data-id=\"d97cb70\" data-element_type=\"widget\" data-e-type=\"widget\" data-widget_type=\"image.default\">\n\t\t\t\t<div class=\"elementor-widget-container\">\n\t\t\t\t\t\t\t\t\t\t\t\t\t\t\t<img decoding=\"async\" width=\"800\" height=\"533\" src=\"https:\/\/horscadrebeziers.fr\/wp-content\/uploads\/2025\/09\/15-GAETAN-VIDAL--1024x682.jpg\" class=\"attachment-large size-large wp-image-916\" alt=\"\" srcset=\"https:\/\/horscadrebeziers.fr\/wp-content\/uploads\/2025\/09\/15-GAETAN-VIDAL--1024x682.jpg 1024w, https:\/\/horscadrebeziers.fr\/wp-content\/uploads\/2025\/09\/15-GAETAN-VIDAL--300x200.jpg 300w, https:\/\/horscadrebeziers.fr\/wp-content\/uploads\/2025\/09\/15-GAETAN-VIDAL--768x512.jpg 768w, https:\/\/horscadrebeziers.fr\/wp-content\/uploads\/2025\/09\/15-GAETAN-VIDAL--1536x1023.jpg 1536w, https:\/\/horscadrebeziers.fr\/wp-content\/uploads\/2025\/09\/15-GAETAN-VIDAL-.jpg 2048w\" sizes=\"(max-width: 800px) 100vw, 800px\" \/>\t\t\t\t\t\t\t\t\t\t\t\t\t\t\t<\/div>\n\t\t\t\t<\/div>\n\t\t\t\t<div class=\"elementor-element elementor-element-c08252f elementor-widget elementor-widget-spacer\" data-id=\"c08252f\" data-element_type=\"widget\" data-e-type=\"widget\" data-widget_type=\"spacer.default\">\n\t\t\t\t<div class=\"elementor-widget-container\">\n\t\t\t\t\t\t\t<div class=\"elementor-spacer\">\n\t\t\t<div class=\"elementor-spacer-inner\"><\/div>\n\t\t<\/div>\n\t\t\t\t\t\t<\/div>\n\t\t\t\t<\/div>\n\t\t\t\t<div class=\"elementor-element elementor-element-7af25ae elementor-align-center elementor-widget elementor-widget-button\" data-id=\"7af25ae\" data-element_type=\"widget\" data-e-type=\"widget\" data-widget_type=\"button.default\">\n\t\t\t\t<div class=\"elementor-widget-container\">\n\t\t\t\t\t\t\t\t\t<div class=\"elementor-button-wrapper\">\n\t\t\t\t\t<a class=\"elementor-button elementor-button-link elementor-size-sm\" href=\"https:\/\/horscadrebeziers.fr\/index.php\/exposition\/\">\n\t\t\t\t\t\t<span class=\"elementor-button-content-wrapper\">\n\t\t\t\t\t\t<span class=\"elementor-button-icon\">\n\t\t\t\t<svg aria-hidden=\"true\" class=\"e-font-icon-svg e-fas-map-pin\" viewBox=\"0 0 288 512\" xmlns=\"http:\/\/www.w3.org\/2000\/svg\"><path d=\"M112 316.94v156.69l22.02 33.02c4.75 7.12 15.22 7.12 19.97 0L176 473.63V316.94c-10.39 1.92-21.06 3.06-32 3.06s-21.61-1.14-32-3.06zM144 0C64.47 0 0 64.47 0 144s64.47 144 144 144 144-64.47 144-144S223.53 0 144 0zm0 76c-37.5 0-68 30.5-68 68 0 6.62-5.38 12-12 12s-12-5.38-12-12c0-50.73 41.28-92 92-92 6.62 0 12 5.38 12 12s-5.38 12-12 12z\"><\/path><\/svg>\t\t\t<\/span>\n\t\t\t\t\t\t\t\t\t<span class=\"elementor-button-text\">Voir tous les lieux<\/span>\n\t\t\t\t\t<\/span>\n\t\t\t\t\t<\/a>\n\t\t\t\t<\/div>\n\t\t\t\t\t\t\t\t<\/div>\n\t\t\t\t<\/div>\n\t\t\t\t<div class=\"elementor-element elementor-element-637490b elementor-widget elementor-widget-spacer\" data-id=\"637490b\" data-element_type=\"widget\" data-e-type=\"widget\" data-widget_type=\"spacer.default\">\n\t\t\t\t<div class=\"elementor-widget-container\">\n\t\t\t\t\t\t\t<div class=\"elementor-spacer\">\n\t\t\t<div class=\"elementor-spacer-inner\"><\/div>\n\t\t<\/div>\n\t\t\t\t\t\t<\/div>\n\t\t\t\t<\/div>\n\t\t\t\t\t<\/div>\n\t\t\t\t<\/div>\n\t\t\t\t<\/div>\n\t\t","protected":false},"excerpt":{"rendered":"<p>EXPOS 15\/ MUS\u00c9E TAURIN Depuis juin 2015, l\u2019ancien couvent des Dominicains, rue Massol, abrite le nouveau Mus\u00e9e taurin de la ville. Les collections, pour la plus grande partie propri\u00e9t\u00e9 de l\u2019Union taurine biterroise, permettent de comprendre et de mesurer l\u2019importance de la culture taurine \u00e0 B\u00e9ziers, tout en rappelant l\u2019histoire fran\u00e7aise, mais aussi espagnole de [&hellip;]<\/p>\n","protected":false},"author":1,"featured_media":0,"parent":0,"menu_order":0,"comment_status":"closed","ping_status":"closed","template":"elementor_header_footer","meta":{"footnotes":""},"class_list":["post-914","page","type-page","status-publish","hentry"],"_links":{"self":[{"href":"https:\/\/horscadrebeziers.fr\/index.php\/wp-json\/wp\/v2\/pages\/914","targetHints":{"allow":["GET"]}}],"collection":[{"href":"https:\/\/horscadrebeziers.fr\/index.php\/wp-json\/wp\/v2\/pages"}],"about":[{"href":"https:\/\/horscadrebeziers.fr\/index.php\/wp-json\/wp\/v2\/types\/page"}],"author":[{"embeddable":true,"href":"https:\/\/horscadrebeziers.fr\/index.php\/wp-json\/wp\/v2\/users\/1"}],"replies":[{"embeddable":true,"href":"https:\/\/horscadrebeziers.fr\/index.php\/wp-json\/wp\/v2\/comments?post=914"}],"version-history":[{"count":19,"href":"https:\/\/horscadrebeziers.fr\/index.php\/wp-json\/wp\/v2\/pages\/914\/revisions"}],"predecessor-version":[{"id":1316,"href":"https:\/\/horscadrebeziers.fr\/index.php\/wp-json\/wp\/v2\/pages\/914\/revisions\/1316"}],"wp:attachment":[{"href":"https:\/\/horscadrebeziers.fr\/index.php\/wp-json\/wp\/v2\/media?parent=914"}],"curies":[{"name":"wp","href":"https:\/\/api.w.org\/{rel}","templated":true}]}}