{"id":930,"date":"2025-09-23T16:00:55","date_gmt":"2025-09-23T14:00:55","guid":{"rendered":"https:\/\/horscadrebeziers.fr\/?page_id=930"},"modified":"2025-10-14T09:03:50","modified_gmt":"2025-10-14T07:03:50","slug":"exposition-18","status":"publish","type":"page","link":"https:\/\/horscadrebeziers.fr\/index.php\/exposition-18\/","title":{"rendered":"Exposition 18"},"content":{"rendered":"\t\t<div data-elementor-type=\"wp-page\" data-elementor-id=\"930\" class=\"elementor elementor-930\" data-elementor-post-type=\"page\">\n\t\t\t\t<div class=\"elementor-element elementor-element-27cf4f4 e-flex e-con-boxed e-con e-parent\" data-id=\"27cf4f4\" data-element_type=\"container\" data-e-type=\"container\">\n\t\t\t\t\t<div class=\"e-con-inner\">\n\t\t<div class=\"elementor-element elementor-element-69f433a e-con-full e-flex e-con e-child\" data-id=\"69f433a\" data-element_type=\"container\" data-e-type=\"container\">\n\t\t\t\t<div class=\"elementor-element elementor-element-a157415 elementor-widget elementor-widget-spacer\" data-id=\"a157415\" data-element_type=\"widget\" data-e-type=\"widget\" data-widget_type=\"spacer.default\">\n\t\t\t\t<div class=\"elementor-widget-container\">\n\t\t\t\t\t\t\t<div class=\"elementor-spacer\">\n\t\t\t<div class=\"elementor-spacer-inner\"><\/div>\n\t\t<\/div>\n\t\t\t\t\t\t<\/div>\n\t\t\t\t<\/div>\n\t\t\t\t<div class=\"elementor-element elementor-element-e80f00c elementor-widget elementor-widget-text-editor\" data-id=\"e80f00c\" data-element_type=\"widget\" data-e-type=\"widget\" data-widget_type=\"text-editor.default\">\n\t\t\t\t<div class=\"elementor-widget-container\">\n\t\t\t\t\t\t\t\t\t<p>EXPOS<\/p>\t\t\t\t\t\t\t\t<\/div>\n\t\t\t\t<\/div>\n\t\t\t\t<div class=\"elementor-element elementor-element-53bff1e elementor-widget elementor-widget-spacer\" data-id=\"53bff1e\" data-element_type=\"widget\" data-e-type=\"widget\" data-widget_type=\"spacer.default\">\n\t\t\t\t<div class=\"elementor-widget-container\">\n\t\t\t\t\t\t\t<div class=\"elementor-spacer\">\n\t\t\t<div class=\"elementor-spacer-inner\"><\/div>\n\t\t<\/div>\n\t\t\t\t\t\t<\/div>\n\t\t\t\t<\/div>\n\t\t\t\t<\/div>\n\t\t\t\t\t<\/div>\n\t\t\t\t<\/div>\n\t\t<div class=\"elementor-element elementor-element-644587b e-flex e-con-boxed e-con e-parent\" data-id=\"644587b\" data-element_type=\"container\" data-e-type=\"container\">\n\t\t\t\t\t<div class=\"e-con-inner\">\n\t\t<div class=\"elementor-element elementor-element-d9832d5 e-con-full e-flex e-con e-child\" data-id=\"d9832d5\" data-element_type=\"container\" data-e-type=\"container\">\n\t\t<div class=\"elementor-element elementor-element-5469d8e e-con-full e-flex e-con e-child\" data-id=\"5469d8e\" data-element_type=\"container\" data-e-type=\"container\">\n\t\t\t\t<div class=\"elementor-element elementor-element-89cc37d elementor-widget elementor-widget-heading\" data-id=\"89cc37d\" data-element_type=\"widget\" data-e-type=\"widget\" data-widget_type=\"heading.default\">\n\t\t\t\t<div class=\"elementor-widget-container\">\n\t\t\t\t\t<h2 class=\"elementor-heading-title elementor-size-default\">18\/ LA SPIRE<\/h2>\t\t\t\t<\/div>\n\t\t\t\t<\/div>\n\t\t\t\t<div class=\"elementor-element elementor-element-a80fd94 elementor-widget elementor-widget-text-editor\" data-id=\"a80fd94\" data-element_type=\"widget\" data-e-type=\"widget\" data-widget_type=\"text-editor.default\">\n\t\t\t\t<div class=\"elementor-widget-container\">\n\t\t\t\t\t\t\t\t\t<p><span data-olk-copy-source=\"MessageBody\">LABORATOIRE DE CURIOSIT\u00c9 \u00c0 B\u00c9ZIERS<\/span><\/p>\t\t\t\t\t\t\t\t<\/div>\n\t\t\t\t<\/div>\n\t\t\t\t<\/div>\n\t\t\t\t<div class=\"elementor-element elementor-element-e14e6db elementor-widget__width-initial elementor-widget elementor-widget-text-editor\" data-id=\"e14e6db\" data-element_type=\"widget\" data-e-type=\"widget\" data-widget_type=\"text-editor.default\">\n\t\t\t\t<div class=\"elementor-widget-container\">\n\t\t\t\t\t\t\t\t\t<p>Photo, Cin\u00e9, Vitrail, Poterie, Peinture<\/p><p>Implant\u00e9e dans une ancienne banque, La Spire est une structure artistique hybride, \u00e0 la crois\u00e9e de la cr\u00e9ation contemporaine, de la transmission des savoir-faire et de la diffusion culturelle. Lieu de vie artistique, La Spire accueille des ateliers permanents (photographie argentique, c\u00e9ramique, peinture, vitrail), une salle d\u2019exposition, un espace de projection 16 mm et un espace de cours et de stages. \u00c0 la crois\u00e9e de deux quartiers prioritaires (centre-ville et Iranget-Grangette), La Spire porte un projet r\u00e9solument territorial, social et artistique, favorisant l\u2019acc\u00e8s \u00e0 l\u2019art pour tous.<\/p><p>\u00a0<\/p><p><strong>98 bis av Clemenceau, 34500 B\u00e9ziers <\/strong><\/p><p><strong>Instagram : la_spire_2<\/strong><\/p>\t\t\t\t\t\t\t\t<\/div>\n\t\t\t\t<\/div>\n\t\t\t\t<\/div>\n\t\t<div class=\"elementor-element elementor-element-578e491 e-con-full e-flex e-con e-child\" data-id=\"578e491\" data-element_type=\"container\" data-e-type=\"container\">\n\t\t\t\t<div class=\"elementor-element elementor-element-5bba195 elementor-widget elementor-widget-image\" data-id=\"5bba195\" data-element_type=\"widget\" data-e-type=\"widget\" data-widget_type=\"image.default\">\n\t\t\t\t<div class=\"elementor-widget-container\">\n\t\t\t\t\t\t\t\t\t\t\t\t\t\t\t<img fetchpriority=\"high\" decoding=\"async\" width=\"800\" height=\"793\" src=\"https:\/\/horscadrebeziers.fr\/wp-content\/uploads\/2025\/09\/LA-SPIRE.png\" class=\"attachment-large size-large wp-image-932\" alt=\"\" \/>\t\t\t\t\t\t\t\t\t\t\t\t\t\t\t<\/div>\n\t\t\t\t<\/div>\n\t\t\t\t<\/div>\n\t\t\t\t\t<\/div>\n\t\t\t\t<\/div>\n\t\t<div class=\"elementor-element elementor-element-8510c9a e-flex e-con-boxed e-con e-parent\" data-id=\"8510c9a\" data-element_type=\"container\" data-e-type=\"container\">\n\t\t\t\t\t<div class=\"e-con-inner\">\n\t\t\t\t<div class=\"elementor-element elementor-element-73ecd81 elementor-widget__width-initial elementor-widget elementor-widget-image\" data-id=\"73ecd81\" data-element_type=\"widget\" data-e-type=\"widget\" data-widget_type=\"image.default\">\n\t\t\t\t<div class=\"elementor-widget-container\">\n\t\t\t\t\t\t\t\t\t\t\t\t\t\t\t<img decoding=\"async\" width=\"381\" height=\"382\" src=\"https:\/\/horscadrebeziers.fr\/wp-content\/uploads\/2025\/09\/horloge.png\" class=\"attachment-full size-full wp-image-544\" alt=\"\" srcset=\"https:\/\/horscadrebeziers.fr\/wp-content\/uploads\/2025\/09\/horloge.png 381w, https:\/\/horscadrebeziers.fr\/wp-content\/uploads\/2025\/09\/horloge-300x300.png 300w, https:\/\/horscadrebeziers.fr\/wp-content\/uploads\/2025\/09\/horloge-150x150.png 150w\" sizes=\"(max-width: 381px) 100vw, 381px\" \/>\t\t\t\t\t\t\t\t\t\t\t\t\t\t\t<\/div>\n\t\t\t\t<\/div>\n\t\t\t\t<div class=\"elementor-element elementor-element-3dc061a elementor-widget elementor-widget-text-editor\" data-id=\"3dc061a\" data-element_type=\"widget\" data-e-type=\"widget\" data-widget_type=\"text-editor.default\">\n\t\t\t\t<div class=\"elementor-widget-container\">\n\t\t\t\t\t\t\t\t\t<p data-pm-slice=\"0 0 []\">MAR \u00e0 SAM : 10h-12h30 et 14h-19h \/ VEN : 10h-19h &#8211; Ouvert DIM 12 OCT &#8211; Ferm\u00e9 SAM 1er NOV<\/p>\t\t\t\t\t\t\t\t<\/div>\n\t\t\t\t<\/div>\n\t\t\t\t\t<\/div>\n\t\t\t\t<\/div>\n\t\t<div class=\"elementor-element elementor-element-2c8fb87 e-flex e-con-boxed e-con e-parent\" data-id=\"2c8fb87\" data-element_type=\"container\" data-e-type=\"container\">\n\t\t\t\t\t<div class=\"e-con-inner\">\n\t\t\t\t<div class=\"elementor-element elementor-element-93d6bda elementor-widget elementor-widget-spacer\" data-id=\"93d6bda\" data-element_type=\"widget\" data-e-type=\"widget\" data-widget_type=\"spacer.default\">\n\t\t\t\t<div class=\"elementor-widget-container\">\n\t\t\t\t\t\t\t<div class=\"elementor-spacer\">\n\t\t\t<div class=\"elementor-spacer-inner\"><\/div>\n\t\t<\/div>\n\t\t\t\t\t\t<\/div>\n\t\t\t\t<\/div>\n\t\t\t\t\t<\/div>\n\t\t\t\t<\/div>\n\t\t<div class=\"elementor-element elementor-element-88cef11 e-flex e-con-boxed e-con e-parent\" data-id=\"88cef11\" data-element_type=\"container\" data-e-type=\"container\" data-settings=\"{&quot;background_background&quot;:&quot;classic&quot;}\">\n\t\t\t\t\t<div class=\"e-con-inner\">\n\t\t\t\t<div class=\"elementor-element elementor-element-19f2025 elementor-widget elementor-widget-spacer\" data-id=\"19f2025\" data-element_type=\"widget\" data-e-type=\"widget\" data-widget_type=\"spacer.default\">\n\t\t\t\t<div class=\"elementor-widget-container\">\n\t\t\t\t\t\t\t<div class=\"elementor-spacer\">\n\t\t\t<div class=\"elementor-spacer-inner\"><\/div>\n\t\t<\/div>\n\t\t\t\t\t\t<\/div>\n\t\t\t\t<\/div>\n\t\t<div class=\"elementor-element elementor-element-e26157a e-con-full e-flex e-con e-child\" data-id=\"e26157a\" data-element_type=\"container\" data-e-type=\"container\">\n\t\t\t\t<div class=\"elementor-element elementor-element-23bea78 elementor-widget elementor-widget-heading\" data-id=\"23bea78\" data-element_type=\"widget\" data-e-type=\"widget\" data-widget_type=\"heading.default\">\n\t\t\t\t<div class=\"elementor-widget-container\">\n\t\t\t\t\t<h2 class=\"elementor-heading-title elementor-size-default\">ATELIERS PHOTOGRAPHIQUES<\/h2>\t\t\t\t<\/div>\n\t\t\t\t<\/div>\n\t\t\t\t<div class=\"elementor-element elementor-element-8d45250 elementor-widget elementor-widget-heading\" data-id=\"8d45250\" data-element_type=\"widget\" data-e-type=\"widget\" data-widget_type=\"heading.default\">\n\t\t\t\t<div class=\"elementor-widget-container\">\n\t\t\t\t\t<h2 class=\"elementor-heading-title elementor-size-default\">ATELIERS CYANOTYPE &amp; ST\u00c9NOP\u00c9<\/h2>\t\t\t\t<\/div>\n\t\t\t\t<\/div>\n\t\t\t\t<div class=\"elementor-element elementor-element-b22be58 elementor-widget elementor-widget-spacer\" data-id=\"b22be58\" data-element_type=\"widget\" data-e-type=\"widget\" data-widget_type=\"spacer.default\">\n\t\t\t\t<div class=\"elementor-widget-container\">\n\t\t\t\t\t\t\t<div class=\"elementor-spacer\">\n\t\t\t<div class=\"elementor-spacer-inner\"><\/div>\n\t\t<\/div>\n\t\t\t\t\t\t<\/div>\n\t\t\t\t<\/div>\n\t\t\t\t<div class=\"elementor-element elementor-element-cf346cb elementor-widget__width-initial elementor-widget elementor-widget-text-editor\" data-id=\"cf346cb\" data-element_type=\"widget\" data-e-type=\"widget\" data-widget_type=\"text-editor.default\">\n\t\t\t\t<div class=\"elementor-widget-container\">\n\t\t\t\t\t\t\t\t\t<h3>Ateliers 14h \u00e0 16h30<\/h3><ul><li><strong>Samedi 18 octobre :\u00a0<\/strong>La Technique du St\u00e9nop\u00e9 \u2013 fabrication d\u2019appareils et tirages en labo <em>&#8211;<\/em> <em><a href=\"https:\/\/www.helloasso.com\/associations\/surveyor-one\/evenements\/atelier-cyanotype-1\" target=\"_blank\" rel=\"noopener\"><strong>Lien de r\u00e9servation<\/strong><\/a><\/em><\/li><li><strong>Mercredi 22 octobre :\u00a0<\/strong>Le Cyanotype \u2013 application d\u2019\u00e9mulsion sur papier, composition avec vitraux, exposition \u00e0 l\u2019insoleuse et r\u00e9v\u00e9lation \u00e0 l\u2019eau &#8211; <a href=\"https:\/\/www.helloasso.com\/associations\/surveyor-one\/evenements\/solstice-bleu-atelier-cyanotype-2\" target=\"_blank\" rel=\"noopener\"><strong><em>Lien de r\u00e9servation<\/em><\/strong><\/a><\/li><li><strong>Dimanche 26 octobre :\u00a0<\/strong>Le Cyanotype &#8211; <a href=\"https:\/\/www.helloasso.com\/associations\/surveyor-one\/evenements\/atelier-cyanotype-2\" target=\"_blank\" rel=\"noopener\"><em><strong>Lien de r\u00e9servation<\/strong><\/em><\/a><\/li><li><strong>Mercredi 29 octobre :\u00a0<\/strong>La Pratique du St\u00e9nop\u00e9 &#8211;\u00a0<a href=\"https:\/\/www.helloasso.com\/associations\/surveyor-one\/evenements\/atelier-stenope-2\" target=\"_blank\" rel=\"noopener\"><em><strong>Lien de r\u00e9servation<\/strong><\/em><\/a><\/li><\/ul><br><p><strong>Tarifs :<\/strong><\/p><ul><li>40 \u20ac \/ atelier \/ personne \/ 50 \u20ac \/ atelier en duo (adulte + enfant) \/ 25 \u20ac \/ atelier \u00e9tudiant ou minima sociaux<\/li><li>\u00c0 partir de 8 ans \u2013 mat\u00e9riel fourni \u2013 places limit\u00e9es \/ R\u00e9servation conseill\u00e9e : 06 27 04 66 82<\/li><\/ul>\t\t\t\t\t\t\t\t<\/div>\n\t\t\t\t<\/div>\n\t\t\t\t<\/div>\n\t\t\t\t\t<\/div>\n\t\t\t\t<\/div>\n\t\t<div class=\"elementor-element elementor-element-f747154 e-flex e-con-boxed e-con e-parent\" data-id=\"f747154\" data-element_type=\"container\" data-e-type=\"container\" data-settings=\"{&quot;background_background&quot;:&quot;classic&quot;}\">\n\t\t\t\t\t<div class=\"e-con-inner\">\n\t\t\t\t<div class=\"elementor-element elementor-element-2693b75 elementor-widget elementor-widget-image\" data-id=\"2693b75\" data-element_type=\"widget\" data-e-type=\"widget\" data-widget_type=\"image.default\">\n\t\t\t\t<div class=\"elementor-widget-container\">\n\t\t\t\t\t\t\t\t\t\t\t\t\t\t\t<img decoding=\"async\" width=\"800\" height=\"925\" src=\"https:\/\/horscadrebeziers.fr\/wp-content\/uploads\/2025\/09\/19-SPIRE-886x1024.jpg\" class=\"attachment-large size-large wp-image-1065\" alt=\"\" srcset=\"https:\/\/horscadrebeziers.fr\/wp-content\/uploads\/2025\/09\/19-SPIRE-886x1024.jpg 886w, https:\/\/horscadrebeziers.fr\/wp-content\/uploads\/2025\/09\/19-SPIRE-259x300.jpg 259w, https:\/\/horscadrebeziers.fr\/wp-content\/uploads\/2025\/09\/19-SPIRE-768x888.jpg 768w, https:\/\/horscadrebeziers.fr\/wp-content\/uploads\/2025\/09\/19-SPIRE-1328x1536.jpg 1328w, https:\/\/horscadrebeziers.fr\/wp-content\/uploads\/2025\/09\/19-SPIRE-1771x2048.jpg 1771w, https:\/\/horscadrebeziers.fr\/wp-content\/uploads\/2025\/09\/19-SPIRE.jpg 1920w\" sizes=\"(max-width: 800px) 100vw, 800px\" \/>\t\t\t\t\t\t\t\t\t\t\t\t\t\t\t<\/div>\n\t\t\t\t<\/div>\n\t\t\t\t<div class=\"elementor-element elementor-element-5102803 elementor-widget elementor-widget-spacer\" data-id=\"5102803\" data-element_type=\"widget\" data-e-type=\"widget\" data-widget_type=\"spacer.default\">\n\t\t\t\t<div class=\"elementor-widget-container\">\n\t\t\t\t\t\t\t<div class=\"elementor-spacer\">\n\t\t\t<div class=\"elementor-spacer-inner\"><\/div>\n\t\t<\/div>\n\t\t\t\t\t\t<\/div>\n\t\t\t\t<\/div>\n\t\t\t\t<div class=\"elementor-element elementor-element-7660f9b elementor-align-center elementor-widget elementor-widget-button\" data-id=\"7660f9b\" data-element_type=\"widget\" data-e-type=\"widget\" data-widget_type=\"button.default\">\n\t\t\t\t<div class=\"elementor-widget-container\">\n\t\t\t\t\t\t\t\t\t<div class=\"elementor-button-wrapper\">\n\t\t\t\t\t<a class=\"elementor-button elementor-button-link elementor-size-sm\" href=\"https:\/\/horscadrebeziers.fr\/index.php\/exposition\/\">\n\t\t\t\t\t\t<span class=\"elementor-button-content-wrapper\">\n\t\t\t\t\t\t<span class=\"elementor-button-icon\">\n\t\t\t\t<svg aria-hidden=\"true\" class=\"e-font-icon-svg e-fas-map-pin\" viewBox=\"0 0 288 512\" xmlns=\"http:\/\/www.w3.org\/2000\/svg\"><path d=\"M112 316.94v156.69l22.02 33.02c4.75 7.12 15.22 7.12 19.97 0L176 473.63V316.94c-10.39 1.92-21.06 3.06-32 3.06s-21.61-1.14-32-3.06zM144 0C64.47 0 0 64.47 0 144s64.47 144 144 144 144-64.47 144-144S223.53 0 144 0zm0 76c-37.5 0-68 30.5-68 68 0 6.62-5.38 12-12 12s-12-5.38-12-12c0-50.73 41.28-92 92-92 6.62 0 12 5.38 12 12s-5.38 12-12 12z\"><\/path><\/svg>\t\t\t<\/span>\n\t\t\t\t\t\t\t\t\t<span class=\"elementor-button-text\">Voir tous les lieux<\/span>\n\t\t\t\t\t<\/span>\n\t\t\t\t\t<\/a>\n\t\t\t\t<\/div>\n\t\t\t\t\t\t\t\t<\/div>\n\t\t\t\t<\/div>\n\t\t\t\t<div class=\"elementor-element elementor-element-19460be elementor-widget elementor-widget-spacer\" data-id=\"19460be\" data-element_type=\"widget\" data-e-type=\"widget\" data-widget_type=\"spacer.default\">\n\t\t\t\t<div class=\"elementor-widget-container\">\n\t\t\t\t\t\t\t<div class=\"elementor-spacer\">\n\t\t\t<div class=\"elementor-spacer-inner\"><\/div>\n\t\t<\/div>\n\t\t\t\t\t\t<\/div>\n\t\t\t\t<\/div>\n\t\t\t\t\t<\/div>\n\t\t\t\t<\/div>\n\t\t\t\t<\/div>\n\t\t","protected":false},"excerpt":{"rendered":"<p>EXPOS 18\/ LA SPIRE LABORATOIRE DE CURIOSIT\u00c9 \u00c0 B\u00c9ZIERS Photo, Cin\u00e9, Vitrail, Poterie, Peinture Implant\u00e9e dans une ancienne banque, La Spire est une structure artistique hybride, \u00e0 la crois\u00e9e de la cr\u00e9ation contemporaine, de la transmission des savoir-faire et de la diffusion culturelle. Lieu de vie artistique, La Spire accueille des ateliers permanents (photographie argentique, [&hellip;]<\/p>\n","protected":false},"author":1,"featured_media":0,"parent":0,"menu_order":0,"comment_status":"closed","ping_status":"closed","template":"elementor_header_footer","meta":{"footnotes":""},"class_list":["post-930","page","type-page","status-publish","hentry"],"_links":{"self":[{"href":"https:\/\/horscadrebeziers.fr\/index.php\/wp-json\/wp\/v2\/pages\/930","targetHints":{"allow":["GET"]}}],"collection":[{"href":"https:\/\/horscadrebeziers.fr\/index.php\/wp-json\/wp\/v2\/pages"}],"about":[{"href":"https:\/\/horscadrebeziers.fr\/index.php\/wp-json\/wp\/v2\/types\/page"}],"author":[{"embeddable":true,"href":"https:\/\/horscadrebeziers.fr\/index.php\/wp-json\/wp\/v2\/users\/1"}],"replies":[{"embeddable":true,"href":"https:\/\/horscadrebeziers.fr\/index.php\/wp-json\/wp\/v2\/comments?post=930"}],"version-history":[{"count":22,"href":"https:\/\/horscadrebeziers.fr\/index.php\/wp-json\/wp\/v2\/pages\/930\/revisions"}],"predecessor-version":[{"id":1455,"href":"https:\/\/horscadrebeziers.fr\/index.php\/wp-json\/wp\/v2\/pages\/930\/revisions\/1455"}],"wp:attachment":[{"href":"https:\/\/horscadrebeziers.fr\/index.php\/wp-json\/wp\/v2\/media?parent=930"}],"curies":[{"name":"wp","href":"https:\/\/api.w.org\/{rel}","templated":true}]}}